{"id":1540,"date":"2025-01-09T17:14:03","date_gmt":"2025-01-09T17:14:03","guid":{"rendered":"https:\/\/cepeige.org\/home\/gestion_catastral_diciembre-copy\/"},"modified":"2025-12-22T14:45:47","modified_gmt":"2025-12-22T14:45:47","slug":"gestion_catastral_junio","status":"publish","type":"page","link":"https:\/\/cepeige.org\/home\/gestion_catastral_junio\/","title":{"rendered":"Curso Panamericano Complementario: Gesti\u00f3n Catastral Valoraciones Urbanas y Rurales"},"content":{"rendered":"\t\t<div data-elementor-type=\"wp-page\" data-elementor-id=\"1540\" class=\"elementor elementor-1540\" data-elementor-post-type=\"page\">\n\t\t\t\t\t\t<section class=\"elementor-section elementor-top-section elementor-element elementor-element-ffbecec elementor-section-boxed elementor-section-height-default elementor-section-height-default wpr-particle-no wpr-jarallax-no wpr-parallax-no wpr-sticky-section-no wpr-equal-height-no\" data-id=\"ffbecec\" data-element_type=\"section\" data-e-type=\"section\">\n\t\t\t\t\t\t<div class=\"elementor-container elementor-column-gap-default\">\n\t\t\t\t\t<div class=\"elementor-column elementor-col-50 elementor-top-column elementor-element elementor-element-84cb977\" data-id=\"84cb977\" data-element_type=\"column\" data-e-type=\"column\">\n\t\t\t<div class=\"elementor-widget-wrap elementor-element-populated\">\n\t\t\t\t\t\t<div class=\"elementor-element elementor-element-32a47fe elementor-widget elementor-widget-image\" data-id=\"32a47fe\" data-element_type=\"widget\" data-e-type=\"widget\" data-widget_type=\"image.default\">\n\t\t\t\t<div class=\"elementor-widget-container\">\n\t\t\t\t\t\t\t\t\t\t\t\t\t\t\t<img fetchpriority=\"high\" decoding=\"async\" width=\"1024\" height=\"1024\" src=\"https:\/\/i0.wp.com\/cepeige.org\/home\/wp-content\/uploads\/2025\/12\/gestion-catastral-2.png?fit=1024%2C1024&amp;ssl=1\" class=\"attachment-large size-large wp-image-3934\" alt=\"\" srcset=\"https:\/\/i0.wp.com\/cepeige.org\/home\/wp-content\/uploads\/2025\/12\/gestion-catastral-2.png?w=1080&amp;ssl=1 1080w, https:\/\/i0.wp.com\/cepeige.org\/home\/wp-content\/uploads\/2025\/12\/gestion-catastral-2.png?resize=300%2C300&amp;ssl=1 300w, https:\/\/i0.wp.com\/cepeige.org\/home\/wp-content\/uploads\/2025\/12\/gestion-catastral-2.png?resize=1024%2C1024&amp;ssl=1 1024w, https:\/\/i0.wp.com\/cepeige.org\/home\/wp-content\/uploads\/2025\/12\/gestion-catastral-2.png?resize=150%2C150&amp;ssl=1 150w, https:\/\/i0.wp.com\/cepeige.org\/home\/wp-content\/uploads\/2025\/12\/gestion-catastral-2.png?resize=768%2C768&amp;ssl=1 768w\" sizes=\"(max-width: 1000px) 100vw, 1000px\" \/>\t\t\t\t\t\t\t\t\t\t\t\t\t\t\t<\/div>\n\t\t\t\t<\/div>\n\t\t\t\t\t<\/div>\n\t\t<\/div>\n\t\t\t\t<div class=\"elementor-column elementor-col-50 elementor-top-column elementor-element elementor-element-d9f364c\" data-id=\"d9f364c\" data-element_type=\"column\" data-e-type=\"column\" data-settings=\"{&quot;background_background&quot;:&quot;classic&quot;}\">\n\t\t\t<div class=\"elementor-widget-wrap elementor-element-populated\">\n\t\t\t\t\t\t<div class=\"elementor-element elementor-element-4ce72a1 elementor-align-justify elementor-widget__width-initial elementor-widget elementor-widget-button\" data-id=\"4ce72a1\" data-element_type=\"widget\" data-e-type=\"widget\" data-widget_type=\"button.default\">\n\t\t\t\t<div class=\"elementor-widget-container\">\n\t\t\t\t\t\t\t\t\t<div class=\"elementor-button-wrapper\">\n\t\t\t\t\t<a class=\"elementor-button elementor-button-link elementor-size-md\" href=\"https:\/\/cepeige.org\/home\/registro\">\n\t\t\t\t\t\t<span class=\"elementor-button-content-wrapper\">\n\t\t\t\t\t\t\t\t\t<span class=\"elementor-button-text\">\u00a1Reg\u00edstrate Ahora!<\/span>\n\t\t\t\t\t<\/span>\n\t\t\t\t\t<\/a>\n\t\t\t\t<\/div>\n\t\t\t\t\t\t\t\t<\/div>\n\t\t\t\t<\/div>\n\t\t\t\t<div class=\"elementor-element elementor-element-afbbb07 elementor-align-justify elementor-widget__width-initial elementor-widget elementor-widget-button\" data-id=\"afbbb07\" data-element_type=\"widget\" data-e-type=\"widget\" data-widget_type=\"button.default\">\n\t\t\t\t<div class=\"elementor-widget-container\">\n\t\t\t\t\t\t\t\t\t<div class=\"elementor-button-wrapper\">\n\t\t\t\t\t<a class=\"elementor-button elementor-button-link elementor-size-md\" href=\"https:\/\/wa.me\/593961117733\">\n\t\t\t\t\t\t<span class=\"elementor-button-content-wrapper\">\n\t\t\t\t\t\t\t\t\t<span class=\"elementor-button-text\">Consultas<\/span>\n\t\t\t\t\t<\/span>\n\t\t\t\t\t<\/a>\n\t\t\t\t<\/div>\n\t\t\t\t\t\t\t\t<\/div>\n\t\t\t\t<\/div>\n\t\t\t\t<div class=\"elementor-element elementor-element-f0466e2 elementor-widget-divider--view-line elementor-widget elementor-widget-divider\" data-id=\"f0466e2\" data-element_type=\"widget\" data-e-type=\"widget\" data-widget_type=\"divider.default\">\n\t\t\t\t<div class=\"elementor-widget-container\">\n\t\t\t\t\t\t\t<div class=\"elementor-divider\">\n\t\t\t<span class=\"elementor-divider-separator\">\n\t\t\t\t\t\t<\/span>\n\t\t<\/div>\n\t\t\t\t\t\t<\/div>\n\t\t\t\t<\/div>\n\t\t\t\t<div class=\"elementor-element elementor-element-b9c7e9c elementor-widget elementor-widget-heading\" data-id=\"b9c7e9c\" data-element_type=\"widget\" data-e-type=\"widget\" data-widget_type=\"heading.default\">\n\t\t\t\t<div class=\"elementor-widget-container\">\n\t\t\t\t\t<h3 class=\"elementor-heading-title elementor-size-default\">Informaci\u00f3n<\/h3>\t\t\t\t<\/div>\n\t\t\t\t<\/div>\n\t\t\t\t<div class=\"elementor-element elementor-element-0630429 elementor-list-item-link-inline elementor-align-start elementor-widget__width-initial elementor-icon-list--layout-traditional elementor-widget elementor-widget-icon-list\" data-id=\"0630429\" data-element_type=\"widget\" data-e-type=\"widget\" data-widget_type=\"icon-list.default\">\n\t\t\t\t<div class=\"elementor-widget-container\">\n\t\t\t\t\t\t\t<ul class=\"elementor-icon-list-items\">\n\t\t\t\t\t\t\t<li class=\"elementor-icon-list-item\">\n\t\t\t\t\t\t\t\t\t\t\t<span class=\"elementor-icon-list-icon\">\n\t\t\t\t\t\t\t<i aria-hidden=\"true\" class=\"fas fa-book-open\"><\/i>\t\t\t\t\t\t<\/span>\n\t\t\t\t\t\t\t\t\t\t<span class=\"elementor-icon-list-text\"><b>Modalidad: <\/b> Virtual<\/span>\n\t\t\t\t\t\t\t\t\t<\/li>\n\t\t\t\t\t\t\t\t<li class=\"elementor-icon-list-item\">\n\t\t\t\t\t\t\t\t\t\t\t<span class=\"elementor-icon-list-icon\">\n\t\t\t\t\t\t\t<i aria-hidden=\"true\" class=\"fas fa-calendar-alt\"><\/i>\t\t\t\t\t\t<\/span>\n\t\t\t\t\t\t\t\t\t\t<span class=\"elementor-icon-list-text\"><b>Inicio:<\/b> 02 de Febrero 2026<\/span>\n\t\t\t\t\t\t\t\t\t<\/li>\n\t\t\t\t\t\t\t\t<li class=\"elementor-icon-list-item\">\n\t\t\t\t\t\t\t\t\t\t\t<span class=\"elementor-icon-list-icon\">\n\t\t\t\t\t\t\t<i aria-hidden=\"true\" class=\"fas fa-clock\"><\/i>\t\t\t\t\t\t<\/span>\n\t\t\t\t\t\t\t\t\t\t<span class=\"elementor-icon-list-text\"><b>Duraci\u00f3n:<\/b> 40 horas<\/span>\n\t\t\t\t\t\t\t\t\t<\/li>\n\t\t\t\t\t\t\t\t<li class=\"elementor-icon-list-item\">\n\t\t\t\t\t\t\t\t\t\t\t<span class=\"elementor-icon-list-icon\">\n\t\t\t\t\t\t\t<i aria-hidden=\"true\" class=\"fas fa-stopwatch\"><\/i>\t\t\t\t\t\t<\/span>\n\t\t\t\t\t\t\t\t\t\t<span class=\"elementor-icon-list-text\"><b>Horario:<\/b> Lunes a viernes<br>de 18h00 - 21h00<\/span>\n\t\t\t\t\t\t\t\t\t<\/li>\n\t\t\t\t\t\t\t\t<li class=\"elementor-icon-list-item\">\n\t\t\t\t\t\t\t\t\t\t\t<span class=\"elementor-icon-list-icon\">\n\t\t\t\t\t\t\t<i aria-hidden=\"true\" class=\"fas fa-money-bill\"><\/i>\t\t\t\t\t\t<\/span>\n\t\t\t\t\t\t\t\t\t\t<span class=\"elementor-icon-list-text\"><b>Inversi\u00f3n:<\/b> 139,00 USD<\/span>\n\t\t\t\t\t\t\t\t\t<\/li>\n\t\t\t\t\t\t\t\t<li class=\"elementor-icon-list-item\">\n\t\t\t\t\t\t\t\t\t\t\t<span class=\"elementor-icon-list-icon\">\n\t\t\t\t\t\t\t<i aria-hidden=\"true\" class=\"fas fa-user\"><\/i>\t\t\t\t\t\t<\/span>\n\t\t\t\t\t\t\t\t\t\t<span class=\"elementor-icon-list-text\"><b>Facilitador:<\/b> Mgtr. Washington Vinueza<\/span>\n\t\t\t\t\t\t\t\t\t<\/li>\n\t\t\t\t\t\t<\/ul>\n\t\t\t\t\t\t<\/div>\n\t\t\t\t<\/div>\n\t\t\t\t\t<\/div>\n\t\t<\/div>\n\t\t\t\t\t<\/div>\n\t\t<\/section>\n\t\t\t\t<section class=\"elementor-section elementor-top-section elementor-element elementor-element-132c60a elementor-section-boxed elementor-section-height-default elementor-section-height-default wpr-particle-no wpr-jarallax-no wpr-parallax-no wpr-sticky-section-no wpr-equal-height-no\" data-id=\"132c60a\" data-element_type=\"section\" data-e-type=\"section\">\n\t\t\t\t\t\t<div class=\"elementor-container elementor-column-gap-default\">\n\t\t\t\t\t<div class=\"elementor-column elementor-col-100 elementor-top-column elementor-element elementor-element-9cc019b\" data-id=\"9cc019b\" data-element_type=\"column\" data-e-type=\"column\">\n\t\t\t<div class=\"elementor-widget-wrap elementor-element-populated\">\n\t\t\t\t\t\t<div class=\"elementor-element elementor-element-c408b95 elementor-tabs-view-horizontal elementor-widget elementor-widget-tabs\" data-id=\"c408b95\" data-element_type=\"widget\" data-e-type=\"widget\" data-widget_type=\"tabs.default\">\n\t\t\t\t<div class=\"elementor-widget-container\">\n\t\t\t\t\t\t\t<div class=\"elementor-tabs\">\n\t\t\t<div class=\"elementor-tabs-wrapper\" role=\"tablist\" >\n\t\t\t\t\t\t\t\t\t<div id=\"elementor-tab-title-2051\" class=\"elementor-tab-title elementor-tab-desktop-title\" aria-selected=\"true\" data-tab=\"1\" role=\"tab\" tabindex=\"0\" aria-controls=\"elementor-tab-content-2051\" aria-expanded=\"false\">Contenidos<\/div>\n\t\t\t\t\t\t\t\t\t<div id=\"elementor-tab-title-2052\" class=\"elementor-tab-title elementor-tab-desktop-title\" aria-selected=\"false\" data-tab=\"2\" role=\"tab\" tabindex=\"-1\" aria-controls=\"elementor-tab-content-2052\" aria-expanded=\"false\">Generalidades<\/div>\n\t\t\t\t\t\t\t\t\t<div id=\"elementor-tab-title-2053\" class=\"elementor-tab-title elementor-tab-desktop-title\" aria-selected=\"false\" data-tab=\"3\" role=\"tab\" tabindex=\"-1\" aria-controls=\"elementor-tab-content-2053\" aria-expanded=\"false\">Certificaci\u00f3n<\/div>\n\t\t\t\t\t\t\t<\/div>\n\t\t\t<div class=\"elementor-tabs-content-wrapper\" role=\"tablist\" aria-orientation=\"vertical\">\n\t\t\t\t\t\t\t\t\t<div class=\"elementor-tab-title elementor-tab-mobile-title\" aria-selected=\"true\" data-tab=\"1\" role=\"tab\" tabindex=\"0\" aria-controls=\"elementor-tab-content-2051\" aria-expanded=\"false\">Contenidos<\/div>\n\t\t\t\t\t<div id=\"elementor-tab-content-2051\" class=\"elementor-tab-content elementor-clearfix\" data-tab=\"1\" role=\"tabpanel\" aria-labelledby=\"elementor-tab-title-2051\" tabindex=\"0\" hidden=\"false\"><p><strong>Introducci\u00f3n<\/strong><\/p><ul><li>Conceptos y definiciones<\/li><li>Etapas del Catastro<\/li><li>Cartograf\u00eda base con finos catastrales, m\u00e9todos de obtenci\u00f3n \u2013 nuevas tecnolog\u00edas<\/li><li>Modelos te\u00f3ricos del Catastro<\/li><li>Modelos Catastrales en el Mundo<\/li><li>Cartograf\u00eda base vs cartograf\u00eda catastral<\/li><li>Fichas prediales urbanas y rurales<\/li><li>Claves catastrales, propiedades horizontales<\/li><\/ul><p><strong>Fiscalizaci\u00f3n de cartograf\u00eda base con multas catastrales<\/strong><\/p><ul><li>Etapas de fiscalizaci\u00f3n, normativa utilizada<\/li><li>Primera etapa: Exactitud posicional<\/li><li>Segunda etapa: Finalizaci\u00f3n, Consistencia L\u00f3gica, Exactitud tem\u00e1tica<\/li><\/ul><p><strong>Valoraci\u00f3n de suelos y de edificaciones.<\/strong><\/p><ul><li>Valoraci\u00f3n de suelos urbanos<\/li><li>Valoraci\u00f3n de suelos rurales<\/li><li>Valoraci\u00f3n de edificaciones urbanas y rurales<\/li><li>Modelos econom\u00e9tricos, geoestad\u00edsticos<\/li><\/ul><p><strong>Marco Legal Vigente (Ecuador)<\/strong><\/p><ul><li>Ley Org\u00e1nica de Ordenamiento Territorial, Uso y Gesti\u00f3n de Suelo \u2013 LOOTUGS<\/li><li>C\u00f3digo Org\u00e1nico de Organizaci\u00f3n Territorial, autonom\u00eda y Descentralizaci\u00f3n \u2013 COOTAD<\/li><li>Norma T\u00e9cnica MIDUVI 003A febrero 2022<\/li><\/ul><p><strong>ORDENANZAS<\/strong><\/p><ul><li>Ordenanza para el l\u00edmite urbano<\/li><li>Ordenanza para excedentes<\/li><li>Ordenanza para valoraciones, banda impositiva, actualizaci\u00f3n del catastro<\/li><\/ul><p><strong>SISTEMAS CATARATAS<\/strong><\/p><ul><li>Requisitos y funciones<\/li><li>Enlace gr\u00e1fico alfanum\u00e9rico<\/li><li>Modelos, enlaces, registros de la propiedad, multifinalitario<\/li><li>Manejo de Arcgis para generaci\u00f3n de productos catastrales<\/li><li>Generaci\u00f3n de tablas, manejo de predios, modelo de valoraci\u00f3n.<\/li><\/ul><p><strong>GESTI\u00d3N CATASTRAL Y VISIONES AL 2014-2034<\/strong><\/p><ul><li>Gesti\u00f3n catastral, modelo Sudam\u00e9rica y Ecuador<\/li><li>Visi\u00f3n del Catastro al 2014 \u2013 modelo europeo<\/li><li>Visi\u00f3n del Catastro al 2034 \u2013 modelo Europeo<\/li><\/ul><ul><li style=\"list-style-type: none;\">\u00a0<\/li><\/ul><\/div>\n\t\t\t\t\t\t\t\t\t<div class=\"elementor-tab-title elementor-tab-mobile-title\" aria-selected=\"false\" data-tab=\"2\" role=\"tab\" tabindex=\"-1\" aria-controls=\"elementor-tab-content-2052\" aria-expanded=\"false\">Generalidades<\/div>\n\t\t\t\t\t<div id=\"elementor-tab-content-2052\" class=\"elementor-tab-content elementor-clearfix\" data-tab=\"2\" role=\"tabpanel\" aria-labelledby=\"elementor-tab-title-2052\" tabindex=\"0\" hidden=\"hidden\"><div><h6 data-start=\"0\" data-end=\"17\">Requisitos:<\/h6><ul data-start=\"18\" data-end=\"243\"><li data-start=\"193\" data-end=\"243\"><span style=\"color: #000000;\">Inter\u00e9s y compromiso con el aprendizaje.<\/span><\/li><\/ul><div><h6 data-start=\"0\" data-end=\"17\">Nota:<\/h6><ul data-start=\"18\" data-end=\"243\"><li data-start=\"193\" data-end=\"243\"><span style=\"color: #000000;\">Recibe un descuento especial si se inscriben 3 o m\u00e1s personas.<\/span><\/li><\/ul><\/div><\/div><\/div>\n\t\t\t\t\t\t\t\t\t<div class=\"elementor-tab-title elementor-tab-mobile-title\" aria-selected=\"false\" data-tab=\"3\" role=\"tab\" tabindex=\"-1\" aria-controls=\"elementor-tab-content-2053\" aria-expanded=\"false\">Certificaci\u00f3n<\/div>\n\t\t\t\t\t<div id=\"elementor-tab-content-2053\" class=\"elementor-tab-content elementor-clearfix\" data-tab=\"3\" role=\"tabpanel\" aria-labelledby=\"elementor-tab-title-2053\" tabindex=\"0\" hidden=\"hidden\"><ul><li><p><strong>Certificaci\u00f3n<\/strong><\/p><p>Certificado Digital de Aprobaci\u00f3n del Curso\u00a0Panamericano Complementario: Gesti\u00f3n Catastral, Valoraciones Urbanas y Rurales, otorgado por el Centro Panamericano de Estudios e Investigaciones Geogr\u00e1ficas \u2013 CEPEIGE<\/p><\/li><li><span style=\"font-weight: 400;\">Los certificados de todos los cursos cuentan con el aval del <\/span><b>Maestro Antonio Campuzano<\/b><span style=\"font-weight: 400;\">, Secretario General del <\/span><b>IPGH \u2013 M\u00e9xico<\/b><span style=\"font-weight: 400;\">.<\/span><\/li><\/ul><\/div>\n\t\t\t\t\t\t\t<\/div>\n\t\t<\/div>\n\t\t\t\t\t\t<\/div>\n\t\t\t\t<\/div>\n\t\t\t\t\t<\/div>\n\t\t<\/div>\n\t\t\t\t\t<\/div>\n\t\t<\/section>\n\t\t\t\t<\/div>\n\t\t","protected":false},"excerpt":{"rendered":"<p>\u00a1Reg\u00edstrate Ahora! Consultas Informaci\u00f3n Modalidad: Virtual Inicio: 02 de Febrero 2026 Duraci\u00f3n: 40 horas Horario: Lunes a viernesde 18h00 &#8211; 21h00 Inversi\u00f3n: 139,00 USD Facilitador: Mgtr. Washington Vinueza Contenidos Generalidades Certificaci\u00f3n Contenidos Introducci\u00f3n Conceptos y definiciones Etapas del Catastro Cartograf\u00eda base con finos catastrales, m\u00e9todos de obtenci\u00f3n \u2013 nuevas tecnolog\u00edas Modelos te\u00f3ricos del Catastro Modelos Catastrales en el Mundo Cartograf\u00eda base vs cartograf\u00eda catastral Fichas prediales urbanas y rurales Claves catastrales, propiedades horizontales Fiscalizaci\u00f3n de cartograf\u00eda base con multas catastrales Etapas de fiscalizaci\u00f3n, normativa utilizada Primera etapa: Exactitud posicional Segunda etapa: Finalizaci\u00f3n, Consistencia L\u00f3gica, Exactitud tem\u00e1tica Valoraci\u00f3n de suelos y<\/p>\n","protected":false},"author":1,"featured_media":0,"parent":0,"menu_order":0,"comment_status":"closed","ping_status":"closed","template":"","meta":{"nf_dc_page":"","_eb_attr":"","om_disable_all_campaigns":false,"_monsterinsights_skip_tracking":false,"_monsterinsights_sitenote_active":false,"_monsterinsights_sitenote_note":"","_monsterinsights_sitenote_category":0,"_uf_show_specific_survey":0,"_uf_disable_surveys":false,"footnotes":""},"class_list":["post-1540","page","type-page","status-publish","hentry"],"yoast_head":"<!-- This site is optimized with the Yoast SEO plugin v27.4 - https:\/\/yoast.com\/product\/yoast-seo-wordpress\/ -->\n<title>Curso Panamericano Complementario: Gesti\u00f3n Catastral Valoraciones Urbanas y Rurales - CEPEIGE<\/title>\n<meta name=\"robots\" content=\"index, follow, max-snippet:-1, max-image-preview:large, max-video-preview:-1\" \/>\n<link rel=\"canonical\" href=\"https:\/\/cepeige.org\/home\/gestion_catastral_junio\/\" \/>\n<meta property=\"og:locale\" content=\"en_US\" \/>\n<meta property=\"og:type\" content=\"article\" \/>\n<meta property=\"og:title\" content=\"Curso Panamericano Complementario: Gesti\u00f3n Catastral Valoraciones Urbanas y Rurales - CEPEIGE\" \/>\n<meta property=\"og:description\" content=\"\u00a1Reg\u00edstrate Ahora! Consultas Informaci\u00f3n Modalidad: Virtual Inicio: 02 de Febrero 2026 Duraci\u00f3n: 40 horas Horario: Lunes a viernesde 18h00 &#8211; 21h00 Inversi\u00f3n: 139,00 USD Facilitador: Mgtr. Washington Vinueza Contenidos Generalidades Certificaci\u00f3n Contenidos Introducci\u00f3n Conceptos y definiciones Etapas del Catastro Cartograf\u00eda base con finos catastrales, m\u00e9todos de obtenci\u00f3n \u2013 nuevas tecnolog\u00edas Modelos te\u00f3ricos del Catastro Modelos Catastrales en el Mundo Cartograf\u00eda base vs cartograf\u00eda catastral Fichas prediales urbanas y rurales Claves catastrales, propiedades horizontales Fiscalizaci\u00f3n de cartograf\u00eda base con multas catastrales Etapas de fiscalizaci\u00f3n, normativa utilizada Primera etapa: Exactitud posicional Segunda etapa: Finalizaci\u00f3n, Consistencia L\u00f3gica, Exactitud tem\u00e1tica Valoraci\u00f3n de suelos y\" \/>\n<meta property=\"og:url\" content=\"https:\/\/cepeige.org\/home\/gestion_catastral_junio\/\" \/>\n<meta property=\"og:site_name\" content=\"CEPEIGE\" \/>\n<meta property=\"article:modified_time\" content=\"2025-12-22T14:45:47+00:00\" \/>\n<meta property=\"og:image\" content=\"https:\/\/cepeige.org\/home\/wp-content\/uploads\/2025\/12\/gestion-catastral-2-1024x1024.png\" \/>\n<meta name=\"twitter:card\" content=\"summary_large_image\" \/>\n<meta name=\"twitter:label1\" content=\"Est. reading time\" \/>\n\t<meta name=\"twitter:data1\" content=\"2 minutes\" \/>\n<script type=\"application\/ld+json\" class=\"yoast-schema-graph\">{\"@context\":\"https:\\\/\\\/schema.org\",\"@graph\":[{\"@type\":\"WebPage\",\"@id\":\"https:\\\/\\\/cepeige.org\\\/home\\\/gestion_catastral_junio\\\/\",\"url\":\"https:\\\/\\\/cepeige.org\\\/home\\\/gestion_catastral_junio\\\/\",\"name\":\"Curso Panamericano Complementario: Gesti\u00f3n Catastral Valoraciones Urbanas y Rurales - CEPEIGE\",\"isPartOf\":{\"@id\":\"https:\\\/\\\/cepeige.org\\\/home\\\/#website\"},\"primaryImageOfPage\":{\"@id\":\"https:\\\/\\\/cepeige.org\\\/home\\\/gestion_catastral_junio\\\/#primaryimage\"},\"image\":{\"@id\":\"https:\\\/\\\/cepeige.org\\\/home\\\/gestion_catastral_junio\\\/#primaryimage\"},\"thumbnailUrl\":\"https:\\\/\\\/cepeige.org\\\/home\\\/wp-content\\\/uploads\\\/2025\\\/12\\\/gestion-catastral-2-1024x1024.png\",\"datePublished\":\"2025-01-09T17:14:03+00:00\",\"dateModified\":\"2025-12-22T14:45:47+00:00\",\"breadcrumb\":{\"@id\":\"https:\\\/\\\/cepeige.org\\\/home\\\/gestion_catastral_junio\\\/#breadcrumb\"},\"inLanguage\":\"en-US\",\"potentialAction\":[{\"@type\":\"ReadAction\",\"target\":[\"https:\\\/\\\/cepeige.org\\\/home\\\/gestion_catastral_junio\\\/\"]}]},{\"@type\":\"ImageObject\",\"inLanguage\":\"en-US\",\"@id\":\"https:\\\/\\\/cepeige.org\\\/home\\\/gestion_catastral_junio\\\/#primaryimage\",\"url\":\"https:\\\/\\\/i0.wp.com\\\/cepeige.org\\\/home\\\/wp-content\\\/uploads\\\/2025\\\/12\\\/gestion-catastral-2.png?fit=1080%2C1080&ssl=1\",\"contentUrl\":\"https:\\\/\\\/i0.wp.com\\\/cepeige.org\\\/home\\\/wp-content\\\/uploads\\\/2025\\\/12\\\/gestion-catastral-2.png?fit=1080%2C1080&ssl=1\",\"width\":1080,\"height\":1080},{\"@type\":\"BreadcrumbList\",\"@id\":\"https:\\\/\\\/cepeige.org\\\/home\\\/gestion_catastral_junio\\\/#breadcrumb\",\"itemListElement\":[{\"@type\":\"ListItem\",\"position\":1,\"name\":\"Home\",\"item\":\"https:\\\/\\\/cepeige.org\\\/home\\\/\"},{\"@type\":\"ListItem\",\"position\":2,\"name\":\"Curso Panamericano Complementario: Gesti\u00f3n Catastral Valoraciones Urbanas y Rurales\"}]},{\"@type\":\"WebSite\",\"@id\":\"https:\\\/\\\/cepeige.org\\\/home\\\/#website\",\"url\":\"https:\\\/\\\/cepeige.org\\\/home\\\/\",\"name\":\"CEPEIGE\",\"description\":\"Centro Panamericano de Estudios e Investigaciones Geogr\u00e1ficas\",\"potentialAction\":[{\"@type\":\"SearchAction\",\"target\":{\"@type\":\"EntryPoint\",\"urlTemplate\":\"https:\\\/\\\/cepeige.org\\\/home\\\/?s={search_term_string}\"},\"query-input\":{\"@type\":\"PropertyValueSpecification\",\"valueRequired\":true,\"valueName\":\"search_term_string\"}}],\"inLanguage\":\"en-US\"}]}<\/script>\n<!-- \/ Yoast SEO plugin. -->","yoast_head_json":{"title":"Curso Panamericano Complementario: Gesti\u00f3n Catastral Valoraciones Urbanas y Rurales - CEPEIGE","robots":{"index":"index","follow":"follow","max-snippet":"max-snippet:-1","max-image-preview":"max-image-preview:large","max-video-preview":"max-video-preview:-1"},"canonical":"https:\/\/cepeige.org\/home\/gestion_catastral_junio\/","og_locale":"en_US","og_type":"article","og_title":"Curso Panamericano Complementario: Gesti\u00f3n Catastral Valoraciones Urbanas y Rurales - CEPEIGE","og_description":"\u00a1Reg\u00edstrate Ahora! Consultas Informaci\u00f3n Modalidad: Virtual Inicio: 02 de Febrero 2026 Duraci\u00f3n: 40 horas Horario: Lunes a viernesde 18h00 &#8211; 21h00 Inversi\u00f3n: 139,00 USD Facilitador: Mgtr. Washington Vinueza Contenidos Generalidades Certificaci\u00f3n Contenidos Introducci\u00f3n Conceptos y definiciones Etapas del Catastro Cartograf\u00eda base con finos catastrales, m\u00e9todos de obtenci\u00f3n \u2013 nuevas tecnolog\u00edas Modelos te\u00f3ricos del Catastro Modelos Catastrales en el Mundo Cartograf\u00eda base vs cartograf\u00eda catastral Fichas prediales urbanas y rurales Claves catastrales, propiedades horizontales Fiscalizaci\u00f3n de cartograf\u00eda base con multas catastrales Etapas de fiscalizaci\u00f3n, normativa utilizada Primera etapa: Exactitud posicional Segunda etapa: Finalizaci\u00f3n, Consistencia L\u00f3gica, Exactitud tem\u00e1tica Valoraci\u00f3n de suelos y","og_url":"https:\/\/cepeige.org\/home\/gestion_catastral_junio\/","og_site_name":"CEPEIGE","article_modified_time":"2025-12-22T14:45:47+00:00","og_image":[{"url":"https:\/\/cepeige.org\/home\/wp-content\/uploads\/2025\/12\/gestion-catastral-2-1024x1024.png","type":"","width":"","height":""}],"twitter_card":"summary_large_image","twitter_misc":{"Est. reading time":"2 minutes"},"schema":{"@context":"https:\/\/schema.org","@graph":[{"@type":"WebPage","@id":"https:\/\/cepeige.org\/home\/gestion_catastral_junio\/","url":"https:\/\/cepeige.org\/home\/gestion_catastral_junio\/","name":"Curso Panamericano Complementario: Gesti\u00f3n Catastral Valoraciones Urbanas y Rurales - CEPEIGE","isPartOf":{"@id":"https:\/\/cepeige.org\/home\/#website"},"primaryImageOfPage":{"@id":"https:\/\/cepeige.org\/home\/gestion_catastral_junio\/#primaryimage"},"image":{"@id":"https:\/\/cepeige.org\/home\/gestion_catastral_junio\/#primaryimage"},"thumbnailUrl":"https:\/\/cepeige.org\/home\/wp-content\/uploads\/2025\/12\/gestion-catastral-2-1024x1024.png","datePublished":"2025-01-09T17:14:03+00:00","dateModified":"2025-12-22T14:45:47+00:00","breadcrumb":{"@id":"https:\/\/cepeige.org\/home\/gestion_catastral_junio\/#breadcrumb"},"inLanguage":"en-US","potentialAction":[{"@type":"ReadAction","target":["https:\/\/cepeige.org\/home\/gestion_catastral_junio\/"]}]},{"@type":"ImageObject","inLanguage":"en-US","@id":"https:\/\/cepeige.org\/home\/gestion_catastral_junio\/#primaryimage","url":"https:\/\/i0.wp.com\/cepeige.org\/home\/wp-content\/uploads\/2025\/12\/gestion-catastral-2.png?fit=1080%2C1080&ssl=1","contentUrl":"https:\/\/i0.wp.com\/cepeige.org\/home\/wp-content\/uploads\/2025\/12\/gestion-catastral-2.png?fit=1080%2C1080&ssl=1","width":1080,"height":1080},{"@type":"BreadcrumbList","@id":"https:\/\/cepeige.org\/home\/gestion_catastral_junio\/#breadcrumb","itemListElement":[{"@type":"ListItem","position":1,"name":"Home","item":"https:\/\/cepeige.org\/home\/"},{"@type":"ListItem","position":2,"name":"Curso Panamericano Complementario: Gesti\u00f3n Catastral Valoraciones Urbanas y Rurales"}]},{"@type":"WebSite","@id":"https:\/\/cepeige.org\/home\/#website","url":"https:\/\/cepeige.org\/home\/","name":"CEPEIGE","description":"Centro Panamericano de Estudios e Investigaciones Geogr\u00e1ficas","potentialAction":[{"@type":"SearchAction","target":{"@type":"EntryPoint","urlTemplate":"https:\/\/cepeige.org\/home\/?s={search_term_string}"},"query-input":{"@type":"PropertyValueSpecification","valueRequired":true,"valueName":"search_term_string"}}],"inLanguage":"en-US"}]}},"jetpack_sharing_enabled":true,"_links":{"self":[{"href":"https:\/\/cepeige.org\/home\/wp-json\/wp\/v2\/pages\/1540","targetHints":{"allow":["GET"]}}],"collection":[{"href":"https:\/\/cepeige.org\/home\/wp-json\/wp\/v2\/pages"}],"about":[{"href":"https:\/\/cepeige.org\/home\/wp-json\/wp\/v2\/types\/page"}],"author":[{"embeddable":true,"href":"https:\/\/cepeige.org\/home\/wp-json\/wp\/v2\/users\/1"}],"replies":[{"embeddable":true,"href":"https:\/\/cepeige.org\/home\/wp-json\/wp\/v2\/comments?post=1540"}],"version-history":[{"count":20,"href":"https:\/\/cepeige.org\/home\/wp-json\/wp\/v2\/pages\/1540\/revisions"}],"predecessor-version":[{"id":3995,"href":"https:\/\/cepeige.org\/home\/wp-json\/wp\/v2\/pages\/1540\/revisions\/3995"}],"wp:attachment":[{"href":"https:\/\/cepeige.org\/home\/wp-json\/wp\/v2\/media?parent=1540"}],"curies":[{"name":"wp","href":"https:\/\/api.w.org\/{rel}","templated":true}]}}