{"id":2397,"date":"2025-03-19T18:03:43","date_gmt":"2025-03-19T18:03:43","guid":{"rendered":"https:\/\/cepeige.org\/home\/?page_id=2397"},"modified":"2025-05-28T20:46:17","modified_gmt":"2025-05-28T20:46:17","slug":"membresia","status":"publish","type":"page","link":"https:\/\/cepeige.org\/home\/membresia\/","title":{"rendered":"MEMBRES\u00cdA"},"content":{"rendered":"\t\t<div data-elementor-type=\"wp-page\" data-elementor-id=\"2397\" class=\"elementor elementor-2397\" data-elementor-post-type=\"page\">\n\t\t\t\t\t\t<section class=\"elementor-section elementor-top-section elementor-element elementor-element-816be34 elementor-section-boxed elementor-section-height-default elementor-section-height-default wpr-particle-no wpr-jarallax-no wpr-parallax-no wpr-sticky-section-no wpr-equal-height-no\" data-id=\"816be34\" data-element_type=\"section\" data-e-type=\"section\">\n\t\t\t\t\t\t<div class=\"elementor-container elementor-column-gap-default\">\n\t\t\t\t\t<div class=\"elementor-column elementor-col-100 elementor-top-column elementor-element elementor-element-f1b37ed\" data-id=\"f1b37ed\" data-element_type=\"column\" data-e-type=\"column\">\n\t\t\t<div class=\"elementor-widget-wrap\">\n\t\t\t\t\t\t\t<\/div>\n\t\t<\/div>\n\t\t\t\t\t<\/div>\n\t\t<\/section>\n\t\t\t\t<section class=\"elementor-section elementor-top-section elementor-element elementor-element-18c0080 elementor-section-boxed elementor-section-height-default elementor-section-height-default wpr-particle-no wpr-jarallax-no wpr-parallax-no wpr-sticky-section-no wpr-equal-height-no\" data-id=\"18c0080\" data-element_type=\"section\" data-e-type=\"section\">\n\t\t\t\t\t\t<div class=\"elementor-container elementor-column-gap-default\">\n\t\t\t\t\t<div class=\"elementor-column elementor-col-50 elementor-top-column elementor-element elementor-element-56f8297\" data-id=\"56f8297\" data-element_type=\"column\" data-e-type=\"column\">\n\t\t\t<div class=\"elementor-widget-wrap elementor-element-populated\">\n\t\t\t\t\t\t<div class=\"elementor-element elementor-element-993851a elementor-widget elementor-widget-image\" data-id=\"993851a\" data-element_type=\"widget\" data-e-type=\"widget\" data-widget_type=\"image.default\">\n\t\t\t\t<div class=\"elementor-widget-container\">\n\t\t\t\t\t\t\t\t\t\t\t\t\t\t\t<img fetchpriority=\"high\" decoding=\"async\" width=\"1024\" height=\"1024\" src=\"https:\/\/i0.wp.com\/cepeige.org\/home\/wp-content\/uploads\/2025\/03\/Membresia-1.webp?fit=1024%2C1024&amp;ssl=1\" class=\"attachment-large size-large wp-image-2480\" alt=\"\" srcset=\"https:\/\/i0.wp.com\/cepeige.org\/home\/wp-content\/uploads\/2025\/03\/Membresia-1.webp?w=1080&amp;ssl=1 1080w, https:\/\/i0.wp.com\/cepeige.org\/home\/wp-content\/uploads\/2025\/03\/Membresia-1.webp?resize=300%2C300&amp;ssl=1 300w, https:\/\/i0.wp.com\/cepeige.org\/home\/wp-content\/uploads\/2025\/03\/Membresia-1.webp?resize=1024%2C1024&amp;ssl=1 1024w, https:\/\/i0.wp.com\/cepeige.org\/home\/wp-content\/uploads\/2025\/03\/Membresia-1.webp?resize=150%2C150&amp;ssl=1 150w, https:\/\/i0.wp.com\/cepeige.org\/home\/wp-content\/uploads\/2025\/03\/Membresia-1.webp?resize=768%2C768&amp;ssl=1 768w\" sizes=\"(max-width: 1000px) 100vw, 1000px\" \/>\t\t\t\t\t\t\t\t\t\t\t\t\t\t\t<\/div>\n\t\t\t\t<\/div>\n\t\t\t\t\t<\/div>\n\t\t<\/div>\n\t\t\t\t<div class=\"elementor-column elementor-col-50 elementor-top-column elementor-element elementor-element-d0aea43\" data-id=\"d0aea43\" data-element_type=\"column\" data-e-type=\"column\" data-settings=\"{&quot;background_background&quot;:&quot;classic&quot;}\">\n\t\t\t<div class=\"elementor-widget-wrap elementor-element-populated\">\n\t\t\t\t\t\t<div class=\"elementor-element elementor-element-76426d3 elementor-widget-divider--view-line elementor-widget elementor-widget-divider\" data-id=\"76426d3\" data-element_type=\"widget\" data-e-type=\"widget\" data-widget_type=\"divider.default\">\n\t\t\t\t<div class=\"elementor-widget-container\">\n\t\t\t\t\t\t\t<div class=\"elementor-divider\">\n\t\t\t<span class=\"elementor-divider-separator\">\n\t\t\t\t\t\t<\/span>\n\t\t<\/div>\n\t\t\t\t\t\t<\/div>\n\t\t\t\t<\/div>\n\t\t\t\t<div class=\"elementor-element elementor-element-493736d elementor-widget elementor-widget-text-editor\" data-id=\"493736d\" data-element_type=\"widget\" data-e-type=\"widget\" data-widget_type=\"text-editor.default\">\n\t\t\t\t<div class=\"elementor-widget-container\">\n\t\t\t\t\t\t\t\t\t<h3 style=\"text-align: center;\" data-start=\"79\" data-end=\"125\"><em><span style=\"color: #333399;\"><strong data-start=\"79\" data-end=\"118\">\u00a1Convi\u00e9rtete en miembro de CEPEIGE!<\/strong><\/span><\/em>\u00a0<\/h3><p class=\"\" style=\"text-align: left;\" data-start=\"48\" data-end=\"405\">El programa de membres\u00edas de CEPEIGE te ofrece beneficios exclusivos y una experiencia \u00fanica para conectar con nuestras actividades acad\u00e9micas, investigativas y de difusi\u00f3n geogr\u00e1fica. Al ser parte de nuestra comunidad, te unes a una red de profesionales, investigadores y entusiastas comprometidos con el estudio y desarrollo de las ciencias geogr\u00e1ficas.<\/p><p class=\"\" style=\"text-align: left;\" data-start=\"407\" data-end=\"591\">Tu contribuci\u00f3n como miembro apoya directamente nuestros programas de formaci\u00f3n, investigaci\u00f3n y divulgaci\u00f3n, fortaleciendo el conocimiento y la conciencia geogr\u00e1fica en la sociedad.<\/p><p class=\"\" style=\"text-align: center;\" data-start=\"593\" data-end=\"708\"><span style=\"color: #ff6600;\">\u2728 <strong data-start=\"595\" data-end=\"706\">\u00a1\u00danete a nuestra familia, convi\u00e9rtete en miembro de CEPEIGE y disfruta de los beneficios dise\u00f1ados para ti!<\/strong><\/span> \u2728<\/p>\t\t\t\t\t\t\t\t<\/div>\n\t\t\t\t<\/div>\n\t\t\t\t<div class=\"elementor-element elementor-element-c0ce3a8 elementor-widget__width-initial elementor-widget elementor-widget-text-editor\" data-id=\"c0ce3a8\" data-element_type=\"widget\" data-e-type=\"widget\" data-widget_type=\"text-editor.default\">\n\t\t\t\t<div class=\"elementor-widget-container\">\n\t\t\t\t\t\t\t\t\t<div data-colibri-id=\"84-c29\"><div><p>\u00danete a nuestra membres\u00eda y disfruta de productos exclusivos, adem\u00e1s de incre\u00edbles beneficios para ti, al convertirte en miembro, recibir\u00e1s:<\/p><ul><li style=\"text-align: left;\">Carta de bienvenida<\/li><li>1 gorra<\/li><li>1 carnet digital<\/li><\/ul><\/div><\/div>\t\t\t\t\t\t\t\t<\/div>\n\t\t\t\t<\/div>\n\t\t\t\t\t<\/div>\n\t\t<\/div>\n\t\t\t\t\t<\/div>\n\t\t<\/section>\n\t\t\t\t<section class=\"elementor-section elementor-top-section elementor-element elementor-element-acb215e elementor-section-boxed elementor-section-height-default elementor-section-height-default wpr-particle-no wpr-jarallax-no wpr-parallax-no wpr-sticky-section-no wpr-equal-height-no\" data-id=\"acb215e\" data-element_type=\"section\" data-e-type=\"section\">\n\t\t\t\t\t\t<div class=\"elementor-container elementor-column-gap-default\">\n\t\t\t\t\t<div class=\"elementor-column elementor-col-25 elementor-top-column elementor-element elementor-element-2aec5d1\" data-id=\"2aec5d1\" data-element_type=\"column\" data-e-type=\"column\">\n\t\t\t<div class=\"elementor-widget-wrap\">\n\t\t\t\t\t\t\t<\/div>\n\t\t<\/div>\n\t\t\t\t<div class=\"elementor-column elementor-col-25 elementor-top-column elementor-element elementor-element-fb14110\" data-id=\"fb14110\" data-element_type=\"column\" data-e-type=\"column\">\n\t\t\t<div class=\"elementor-widget-wrap elementor-element-populated\">\n\t\t\t\t\t\t<div class=\"elementor-element elementor-element-c85de09 elementor-align-justify elementor-widget__width-initial elementor-widget elementor-widget-button\" data-id=\"c85de09\" data-element_type=\"widget\" data-e-type=\"widget\" data-widget_type=\"button.default\">\n\t\t\t\t<div class=\"elementor-widget-container\">\n\t\t\t\t\t\t\t\t\t<div class=\"elementor-button-wrapper\">\n\t\t\t\t\t<a class=\"elementor-button elementor-button-link elementor-size-md\" href=\"https:\/\/docs.google.com\/forms\/d\/e\/1FAIpQLSfNdW-2rS07Ar-NXMJGK2lt4hDF8uehs-nADTk-7aNjmUFY_g\/viewform?usp=header\" target=\"_blank\">\n\t\t\t\t\t\t<span class=\"elementor-button-content-wrapper\">\n\t\t\t\t\t\t\t\t\t<span class=\"elementor-button-text\">\u00a1Adquiere tu membres\u00eda ahora!<\/span>\n\t\t\t\t\t<\/span>\n\t\t\t\t\t<\/a>\n\t\t\t\t<\/div>\n\t\t\t\t\t\t\t\t<\/div>\n\t\t\t\t<\/div>\n\t\t\t\t\t<\/div>\n\t\t<\/div>\n\t\t\t\t<div class=\"elementor-column elementor-col-25 elementor-top-column elementor-element elementor-element-526f7b9\" data-id=\"526f7b9\" data-element_type=\"column\" data-e-type=\"column\">\n\t\t\t<div class=\"elementor-widget-wrap elementor-element-populated\">\n\t\t\t\t\t\t<div class=\"elementor-element elementor-element-bd90b95 elementor-align-justify elementor-widget__width-initial elementor-widget elementor-widget-button\" data-id=\"bd90b95\" data-element_type=\"widget\" data-e-type=\"widget\" data-widget_type=\"button.default\">\n\t\t\t\t<div class=\"elementor-widget-container\">\n\t\t\t\t\t\t\t\t\t<div class=\"elementor-button-wrapper\">\n\t\t\t\t\t<a class=\"elementor-button elementor-button-link elementor-size-md\" href=\"https:\/\/wa.me\/593961117733\">\n\t\t\t\t\t\t<span class=\"elementor-button-content-wrapper\">\n\t\t\t\t\t\t\t\t\t<span class=\"elementor-button-text\">Consultas<\/span>\n\t\t\t\t\t<\/span>\n\t\t\t\t\t<\/a>\n\t\t\t\t<\/div>\n\t\t\t\t\t\t\t\t<\/div>\n\t\t\t\t<\/div>\n\t\t\t\t\t<\/div>\n\t\t<\/div>\n\t\t\t\t<div class=\"elementor-column elementor-col-25 elementor-top-column elementor-element elementor-element-184b7cc\" data-id=\"184b7cc\" data-element_type=\"column\" data-e-type=\"column\">\n\t\t\t<div class=\"elementor-widget-wrap\">\n\t\t\t\t\t\t\t<\/div>\n\t\t<\/div>\n\t\t\t\t\t<\/div>\n\t\t<\/section>\n\t\t\t\t<section class=\"elementor-section elementor-top-section elementor-element elementor-element-3497c05 elementor-section-boxed elementor-section-height-default elementor-section-height-default wpr-particle-no wpr-jarallax-no wpr-parallax-no wpr-sticky-section-no wpr-equal-height-no\" data-id=\"3497c05\" data-element_type=\"section\" data-e-type=\"section\">\n\t\t\t\t\t\t<div class=\"elementor-container elementor-column-gap-default\">\n\t\t\t\t\t<div class=\"elementor-column elementor-col-100 elementor-top-column elementor-element elementor-element-f9421d8\" data-id=\"f9421d8\" data-element_type=\"column\" data-e-type=\"column\">\n\t\t\t<div class=\"elementor-widget-wrap elementor-element-populated\">\n\t\t\t\t\t\t<div class=\"elementor-element elementor-element-da6bac4 elementor-widget elementor-widget-text-editor\" data-id=\"da6bac4\" data-element_type=\"widget\" data-e-type=\"widget\" data-widget_type=\"text-editor.default\">\n\t\t\t\t<div class=\"elementor-widget-container\">\n\t\t\t\t\t\t\t\t\t<h4 style=\"text-align: center;\"><span style=\"color: #000080;\">Preguntas frecuentes sobre la membres\u00eda:<\/span><\/h4><div>Para acceder a todos nuestros beneficios, debes realizar tres aportaciones consecutivas:<\/div>\t\t\t\t\t\t\t\t<\/div>\n\t\t\t\t<\/div>\n\t\t\t\t\t<\/div>\n\t\t<\/div>\n\t\t\t\t\t<\/div>\n\t\t<\/section>\n\t\t\t\t<section class=\"elementor-section elementor-top-section elementor-element elementor-element-ba555ad elementor-section-boxed elementor-section-height-default elementor-section-height-default wpr-particle-no wpr-jarallax-no wpr-parallax-no wpr-sticky-section-no wpr-equal-height-no\" data-id=\"ba555ad\" data-element_type=\"section\" data-e-type=\"section\">\n\t\t\t\t\t\t<div class=\"elementor-container elementor-column-gap-default\">\n\t\t\t\t\t<div class=\"elementor-column elementor-col-100 elementor-top-column elementor-element elementor-element-e03dd85\" data-id=\"e03dd85\" data-element_type=\"column\" data-e-type=\"column\">\n\t\t\t<div class=\"elementor-widget-wrap elementor-element-populated\">\n\t\t\t\t\t\t<div class=\"elementor-element elementor-element-311727a elementor-widget elementor-widget-accordion\" data-id=\"311727a\" data-element_type=\"widget\" data-e-type=\"widget\" data-widget_type=\"accordion.default\">\n\t\t\t\t<div class=\"elementor-widget-container\">\n\t\t\t\t\t\t\t<div class=\"elementor-accordion\">\n\t\t\t\t\t\t\t<div class=\"elementor-accordion-item\">\n\t\t\t\t\t<h6 id=\"elementor-tab-title-5141\" class=\"elementor-tab-title\" data-tab=\"1\" role=\"button\" aria-controls=\"elementor-tab-content-5141\" aria-expanded=\"false\">\n\t\t\t\t\t\t\t\t\t\t\t\t\t<span class=\"elementor-accordion-icon elementor-accordion-icon-left\" aria-hidden=\"true\">\n\t\t\t\t\t\t\t\t\t\t\t\t\t\t\t<span class=\"elementor-accordion-icon-closed\"><i class=\"fas fa-plus\"><\/i><\/span>\n\t\t\t\t\t\t\t\t<span class=\"elementor-accordion-icon-opened\"><i class=\"fas fa-minus\"><\/i><\/span>\n\t\t\t\t\t\t\t\t\t\t\t\t\t\t<\/span>\n\t\t\t\t\t\t\t\t\t\t\t\t<a class=\"elementor-accordion-title\" tabindex=\"0\">\u00bfEl costo de la membres\u00eda incluye impuestos?<\/a>\n\t\t\t\t\t<\/h6>\n\t\t\t\t\t<div id=\"elementor-tab-content-5141\" class=\"elementor-tab-content elementor-clearfix\" data-tab=\"1\" role=\"region\" aria-labelledby=\"elementor-tab-title-5141\"><p><span style=\"color: #003366;\">El costo publicado es el costo final, no graba IVA.<\/span><\/p><\/div>\n\t\t\t\t<\/div>\n\t\t\t\t\t\t\t<div class=\"elementor-accordion-item\">\n\t\t\t\t\t<h6 id=\"elementor-tab-title-5142\" class=\"elementor-tab-title\" data-tab=\"2\" role=\"button\" aria-controls=\"elementor-tab-content-5142\" aria-expanded=\"false\">\n\t\t\t\t\t\t\t\t\t\t\t\t\t<span class=\"elementor-accordion-icon elementor-accordion-icon-left\" aria-hidden=\"true\">\n\t\t\t\t\t\t\t\t\t\t\t\t\t\t\t<span class=\"elementor-accordion-icon-closed\"><i class=\"fas fa-plus\"><\/i><\/span>\n\t\t\t\t\t\t\t\t<span class=\"elementor-accordion-icon-opened\"><i class=\"fas fa-minus\"><\/i><\/span>\n\t\t\t\t\t\t\t\t\t\t\t\t\t\t<\/span>\n\t\t\t\t\t\t\t\t\t\t\t\t<a class=\"elementor-accordion-title\" tabindex=\"0\">\u00bfPuedo compartir mi membres\u00eda?<\/a>\n\t\t\t\t\t<\/h6>\n\t\t\t\t\t<div id=\"elementor-tab-content-5142\" class=\"elementor-tab-content elementor-clearfix\" data-tab=\"2\" role=\"region\" aria-labelledby=\"elementor-tab-title-5142\"><p><span style=\"color: #003366;\">Los beneficios son personales e intransferibles.<\/span><\/p><\/div>\n\t\t\t\t<\/div>\n\t\t\t\t\t\t\t<div class=\"elementor-accordion-item\">\n\t\t\t\t\t<h6 id=\"elementor-tab-title-5143\" class=\"elementor-tab-title\" data-tab=\"3\" role=\"button\" aria-controls=\"elementor-tab-content-5143\" aria-expanded=\"false\">\n\t\t\t\t\t\t\t\t\t\t\t\t\t<span class=\"elementor-accordion-icon elementor-accordion-icon-left\" aria-hidden=\"true\">\n\t\t\t\t\t\t\t\t\t\t\t\t\t\t\t<span class=\"elementor-accordion-icon-closed\"><i class=\"fas fa-plus\"><\/i><\/span>\n\t\t\t\t\t\t\t\t<span class=\"elementor-accordion-icon-opened\"><i class=\"fas fa-minus\"><\/i><\/span>\n\t\t\t\t\t\t\t\t\t\t\t\t\t\t<\/span>\n\t\t\t\t\t\t\t\t\t\t\t\t<a class=\"elementor-accordion-title\" tabindex=\"0\">\u00bfPuedo cancelar mi membres\u00eda si no la uso?<\/a>\n\t\t\t\t\t<\/h6>\n\t\t\t\t\t<div id=\"elementor-tab-content-5143\" class=\"elementor-tab-content elementor-clearfix\" data-tab=\"3\" role=\"region\" aria-labelledby=\"elementor-tab-title-5143\"><p>S\u00ed, puedes cancelar tu membres\u00eda, lo que implica dejar de\u00a0acceder a tus beneficios, sin embargo, no recibir\u00e1s ning\u00fan tipo\u00a0de reembolso total o parcial de tu dinero, ni ning\u00fan tipo de\u00a0compensaci\u00f3n.<\/p><\/div>\n\t\t\t\t<\/div>\n\t\t\t\t\t\t\t<div class=\"elementor-accordion-item\">\n\t\t\t\t\t<h6 id=\"elementor-tab-title-5144\" class=\"elementor-tab-title\" data-tab=\"4\" role=\"button\" aria-controls=\"elementor-tab-content-5144\" aria-expanded=\"false\">\n\t\t\t\t\t\t\t\t\t\t\t\t\t<span class=\"elementor-accordion-icon elementor-accordion-icon-left\" aria-hidden=\"true\">\n\t\t\t\t\t\t\t\t\t\t\t\t\t\t\t<span class=\"elementor-accordion-icon-closed\"><i class=\"fas fa-plus\"><\/i><\/span>\n\t\t\t\t\t\t\t\t<span class=\"elementor-accordion-icon-opened\"><i class=\"fas fa-minus\"><\/i><\/span>\n\t\t\t\t\t\t\t\t\t\t\t\t\t\t<\/span>\n\t\t\t\t\t\t\t\t\t\t\t\t<a class=\"elementor-accordion-title\" tabindex=\"0\">\u00bfHay un l\u00edmite de cursos o eventos a los que puedo acceder?<\/a>\n\t\t\t\t\t<\/h6>\n\t\t\t\t\t<div id=\"elementor-tab-content-5144\" class=\"elementor-tab-content elementor-clearfix\" data-tab=\"4\" role=\"region\" aria-labelledby=\"elementor-tab-title-5144\"><p>No, tu carnet de miembro te permite acceder a todos los cursos que desees y esten vigentes.<\/p><\/div>\n\t\t\t\t<\/div>\n\t\t\t\t\t\t\t<div class=\"elementor-accordion-item\">\n\t\t\t\t\t<h6 id=\"elementor-tab-title-5145\" class=\"elementor-tab-title\" data-tab=\"5\" role=\"button\" aria-controls=\"elementor-tab-content-5145\" aria-expanded=\"false\">\n\t\t\t\t\t\t\t\t\t\t\t\t\t<span class=\"elementor-accordion-icon elementor-accordion-icon-left\" aria-hidden=\"true\">\n\t\t\t\t\t\t\t\t\t\t\t\t\t\t\t<span class=\"elementor-accordion-icon-closed\"><i class=\"fas fa-plus\"><\/i><\/span>\n\t\t\t\t\t\t\t\t<span class=\"elementor-accordion-icon-opened\"><i class=\"fas fa-minus\"><\/i><\/span>\n\t\t\t\t\t\t\t\t\t\t\t\t\t\t<\/span>\n\t\t\t\t\t\t\t\t\t\t\t\t<a class=\"elementor-accordion-title\" tabindex=\"0\">\u00bfPuedo renovar mi membres\u00eda?<\/a>\n\t\t\t\t\t<\/h6>\n\t\t\t\t\t<div id=\"elementor-tab-content-5145\" class=\"elementor-tab-content elementor-clearfix\" data-tab=\"5\" role=\"region\" aria-labelledby=\"elementor-tab-title-5145\"><p>S\u00ed, previo a finalizar tu membres\u00eda recibir\u00e1s una notificaci\u00f3n donde preguntaremos si deseas renovarlo.<\/p><\/div>\n\t\t\t\t<\/div>\n\t\t\t\t\t\t\t\t<\/div>\n\t\t\t\t\t\t<\/div>\n\t\t\t\t<\/div>\n\t\t\t\t\t<\/div>\n\t\t<\/div>\n\t\t\t\t\t<\/div>\n\t\t<\/section>\n\t\t\t\t<\/div>\n\t\t","protected":false},"excerpt":{"rendered":"<p>\u00a1Convi\u00e9rtete en miembro de CEPEIGE!\u00a0 El programa de membres\u00edas de CEPEIGE te ofrece beneficios exclusivos y una experiencia \u00fanica para conectar con nuestras actividades acad\u00e9micas, investigativas y de difusi\u00f3n geogr\u00e1fica. Al ser parte de nuestra comunidad, te unes a una red de profesionales, investigadores y entusiastas comprometidos con el estudio y desarrollo de las ciencias geogr\u00e1ficas. Tu contribuci\u00f3n como miembro apoya directamente nuestros programas de formaci\u00f3n, investigaci\u00f3n y divulgaci\u00f3n, fortaleciendo el conocimiento y la conciencia geogr\u00e1fica en la sociedad. \u2728 \u00a1\u00danete a nuestra familia, convi\u00e9rtete en miembro de CEPEIGE y disfruta de los beneficios dise\u00f1ados para ti! \u2728 \u00danete a<\/p>\n","protected":false},"author":1,"featured_media":0,"parent":0,"menu_order":0,"comment_status":"closed","ping_status":"closed","template":"","meta":{"nf_dc_page":"","_eb_attr":"","om_disable_all_campaigns":false,"_monsterinsights_skip_tracking":false,"_monsterinsights_sitenote_active":false,"_monsterinsights_sitenote_note":"","_monsterinsights_sitenote_category":0,"_uf_show_specific_survey":0,"_uf_disable_surveys":false,"footnotes":""},"class_list":["post-2397","page","type-page","status-publish","hentry"],"yoast_head":"<!-- This site is optimized with the Yoast SEO plugin v27.4 - https:\/\/yoast.com\/product\/yoast-seo-wordpress\/ -->\n<title>MEMBRES\u00cdA - CEPEIGE<\/title>\n<meta name=\"robots\" content=\"index, follow, max-snippet:-1, max-image-preview:large, max-video-preview:-1\" \/>\n<link rel=\"canonical\" href=\"https:\/\/cepeige.org\/home\/membresia\/\" \/>\n<meta property=\"og:locale\" content=\"en_US\" \/>\n<meta property=\"og:type\" content=\"article\" \/>\n<meta property=\"og:title\" content=\"MEMBRES\u00cdA - CEPEIGE\" \/>\n<meta property=\"og:description\" content=\"\u00a1Convi\u00e9rtete en miembro de CEPEIGE!\u00a0 El programa de membres\u00edas de CEPEIGE te ofrece beneficios exclusivos y una experiencia \u00fanica para conectar con nuestras actividades acad\u00e9micas, investigativas y de difusi\u00f3n geogr\u00e1fica. Al ser parte de nuestra comunidad, te unes a una red de profesionales, investigadores y entusiastas comprometidos con el estudio y desarrollo de las ciencias geogr\u00e1ficas. Tu contribuci\u00f3n como miembro apoya directamente nuestros programas de formaci\u00f3n, investigaci\u00f3n y divulgaci\u00f3n, fortaleciendo el conocimiento y la conciencia geogr\u00e1fica en la sociedad. \u2728 \u00a1\u00danete a nuestra familia, convi\u00e9rtete en miembro de CEPEIGE y disfruta de los beneficios dise\u00f1ados para ti! \u2728 \u00danete a\" \/>\n<meta property=\"og:url\" content=\"https:\/\/cepeige.org\/home\/membresia\/\" \/>\n<meta property=\"og:site_name\" content=\"CEPEIGE\" \/>\n<meta property=\"article:modified_time\" content=\"2025-05-28T20:46:17+00:00\" \/>\n<meta property=\"og:image\" content=\"https:\/\/cepeige.org\/home\/wp-content\/uploads\/2025\/03\/Membresia-1-1024x1024.webp\" \/>\n<meta name=\"twitter:card\" content=\"summary_large_image\" \/>\n<meta name=\"twitter:label1\" content=\"Est. reading time\" \/>\n\t<meta name=\"twitter:data1\" content=\"2 minutes\" \/>\n<script type=\"application\/ld+json\" class=\"yoast-schema-graph\">{\"@context\":\"https:\\\/\\\/schema.org\",\"@graph\":[{\"@type\":\"WebPage\",\"@id\":\"https:\\\/\\\/cepeige.org\\\/home\\\/membresia\\\/\",\"url\":\"https:\\\/\\\/cepeige.org\\\/home\\\/membresia\\\/\",\"name\":\"MEMBRES\u00cdA - CEPEIGE\",\"isPartOf\":{\"@id\":\"https:\\\/\\\/cepeige.org\\\/home\\\/#website\"},\"primaryImageOfPage\":{\"@id\":\"https:\\\/\\\/cepeige.org\\\/home\\\/membresia\\\/#primaryimage\"},\"image\":{\"@id\":\"https:\\\/\\\/cepeige.org\\\/home\\\/membresia\\\/#primaryimage\"},\"thumbnailUrl\":\"https:\\\/\\\/cepeige.org\\\/home\\\/wp-content\\\/uploads\\\/2025\\\/03\\\/Membresia-1-1024x1024.webp\",\"datePublished\":\"2025-03-19T18:03:43+00:00\",\"dateModified\":\"2025-05-28T20:46:17+00:00\",\"breadcrumb\":{\"@id\":\"https:\\\/\\\/cepeige.org\\\/home\\\/membresia\\\/#breadcrumb\"},\"inLanguage\":\"en-US\",\"potentialAction\":[{\"@type\":\"ReadAction\",\"target\":[\"https:\\\/\\\/cepeige.org\\\/home\\\/membresia\\\/\"]}]},{\"@type\":\"ImageObject\",\"inLanguage\":\"en-US\",\"@id\":\"https:\\\/\\\/cepeige.org\\\/home\\\/membresia\\\/#primaryimage\",\"url\":\"https:\\\/\\\/cepeige.org\\\/home\\\/wp-content\\\/uploads\\\/2025\\\/03\\\/Membresia-1-1024x1024.webp\",\"contentUrl\":\"https:\\\/\\\/cepeige.org\\\/home\\\/wp-content\\\/uploads\\\/2025\\\/03\\\/Membresia-1-1024x1024.webp\"},{\"@type\":\"BreadcrumbList\",\"@id\":\"https:\\\/\\\/cepeige.org\\\/home\\\/membresia\\\/#breadcrumb\",\"itemListElement\":[{\"@type\":\"ListItem\",\"position\":1,\"name\":\"Home\",\"item\":\"https:\\\/\\\/cepeige.org\\\/home\\\/\"},{\"@type\":\"ListItem\",\"position\":2,\"name\":\"MEMBRES\u00cdA\"}]},{\"@type\":\"WebSite\",\"@id\":\"https:\\\/\\\/cepeige.org\\\/home\\\/#website\",\"url\":\"https:\\\/\\\/cepeige.org\\\/home\\\/\",\"name\":\"CEPEIGE\",\"description\":\"Centro Panamericano de Estudios e Investigaciones Geogr\u00e1ficas\",\"potentialAction\":[{\"@type\":\"SearchAction\",\"target\":{\"@type\":\"EntryPoint\",\"urlTemplate\":\"https:\\\/\\\/cepeige.org\\\/home\\\/?s={search_term_string}\"},\"query-input\":{\"@type\":\"PropertyValueSpecification\",\"valueRequired\":true,\"valueName\":\"search_term_string\"}}],\"inLanguage\":\"en-US\"}]}<\/script>\n<!-- \/ Yoast SEO plugin. -->","yoast_head_json":{"title":"MEMBRES\u00cdA - CEPEIGE","robots":{"index":"index","follow":"follow","max-snippet":"max-snippet:-1","max-image-preview":"max-image-preview:large","max-video-preview":"max-video-preview:-1"},"canonical":"https:\/\/cepeige.org\/home\/membresia\/","og_locale":"en_US","og_type":"article","og_title":"MEMBRES\u00cdA - CEPEIGE","og_description":"\u00a1Convi\u00e9rtete en miembro de CEPEIGE!\u00a0 El programa de membres\u00edas de CEPEIGE te ofrece beneficios exclusivos y una experiencia \u00fanica para conectar con nuestras actividades acad\u00e9micas, investigativas y de difusi\u00f3n geogr\u00e1fica. Al ser parte de nuestra comunidad, te unes a una red de profesionales, investigadores y entusiastas comprometidos con el estudio y desarrollo de las ciencias geogr\u00e1ficas. Tu contribuci\u00f3n como miembro apoya directamente nuestros programas de formaci\u00f3n, investigaci\u00f3n y divulgaci\u00f3n, fortaleciendo el conocimiento y la conciencia geogr\u00e1fica en la sociedad. \u2728 \u00a1\u00danete a nuestra familia, convi\u00e9rtete en miembro de CEPEIGE y disfruta de los beneficios dise\u00f1ados para ti! \u2728 \u00danete a","og_url":"https:\/\/cepeige.org\/home\/membresia\/","og_site_name":"CEPEIGE","article_modified_time":"2025-05-28T20:46:17+00:00","og_image":[{"url":"https:\/\/cepeige.org\/home\/wp-content\/uploads\/2025\/03\/Membresia-1-1024x1024.webp","type":"","width":"","height":""}],"twitter_card":"summary_large_image","twitter_misc":{"Est. reading time":"2 minutes"},"schema":{"@context":"https:\/\/schema.org","@graph":[{"@type":"WebPage","@id":"https:\/\/cepeige.org\/home\/membresia\/","url":"https:\/\/cepeige.org\/home\/membresia\/","name":"MEMBRES\u00cdA - CEPEIGE","isPartOf":{"@id":"https:\/\/cepeige.org\/home\/#website"},"primaryImageOfPage":{"@id":"https:\/\/cepeige.org\/home\/membresia\/#primaryimage"},"image":{"@id":"https:\/\/cepeige.org\/home\/membresia\/#primaryimage"},"thumbnailUrl":"https:\/\/cepeige.org\/home\/wp-content\/uploads\/2025\/03\/Membresia-1-1024x1024.webp","datePublished":"2025-03-19T18:03:43+00:00","dateModified":"2025-05-28T20:46:17+00:00","breadcrumb":{"@id":"https:\/\/cepeige.org\/home\/membresia\/#breadcrumb"},"inLanguage":"en-US","potentialAction":[{"@type":"ReadAction","target":["https:\/\/cepeige.org\/home\/membresia\/"]}]},{"@type":"ImageObject","inLanguage":"en-US","@id":"https:\/\/cepeige.org\/home\/membresia\/#primaryimage","url":"https:\/\/cepeige.org\/home\/wp-content\/uploads\/2025\/03\/Membresia-1-1024x1024.webp","contentUrl":"https:\/\/cepeige.org\/home\/wp-content\/uploads\/2025\/03\/Membresia-1-1024x1024.webp"},{"@type":"BreadcrumbList","@id":"https:\/\/cepeige.org\/home\/membresia\/#breadcrumb","itemListElement":[{"@type":"ListItem","position":1,"name":"Home","item":"https:\/\/cepeige.org\/home\/"},{"@type":"ListItem","position":2,"name":"MEMBRES\u00cdA"}]},{"@type":"WebSite","@id":"https:\/\/cepeige.org\/home\/#website","url":"https:\/\/cepeige.org\/home\/","name":"CEPEIGE","description":"Centro Panamericano de Estudios e Investigaciones Geogr\u00e1ficas","potentialAction":[{"@type":"SearchAction","target":{"@type":"EntryPoint","urlTemplate":"https:\/\/cepeige.org\/home\/?s={search_term_string}"},"query-input":{"@type":"PropertyValueSpecification","valueRequired":true,"valueName":"search_term_string"}}],"inLanguage":"en-US"}]}},"jetpack_sharing_enabled":true,"_links":{"self":[{"href":"https:\/\/cepeige.org\/home\/wp-json\/wp\/v2\/pages\/2397","targetHints":{"allow":["GET"]}}],"collection":[{"href":"https:\/\/cepeige.org\/home\/wp-json\/wp\/v2\/pages"}],"about":[{"href":"https:\/\/cepeige.org\/home\/wp-json\/wp\/v2\/types\/page"}],"author":[{"embeddable":true,"href":"https:\/\/cepeige.org\/home\/wp-json\/wp\/v2\/users\/1"}],"replies":[{"embeddable":true,"href":"https:\/\/cepeige.org\/home\/wp-json\/wp\/v2\/comments?post=2397"}],"version-history":[{"count":20,"href":"https:\/\/cepeige.org\/home\/wp-json\/wp\/v2\/pages\/2397\/revisions"}],"predecessor-version":[{"id":3188,"href":"https:\/\/cepeige.org\/home\/wp-json\/wp\/v2\/pages\/2397\/revisions\/3188"}],"wp:attachment":[{"href":"https:\/\/cepeige.org\/home\/wp-json\/wp\/v2\/media?parent=2397"}],"curies":[{"name":"wp","href":"https:\/\/api.w.org\/{rel}","templated":true}]}}