{"id":250,"date":"2023-05-22T18:57:04","date_gmt":"2023-05-22T18:57:04","guid":{"rendered":"https:\/\/cepeige.org\/home\/?page_id=250"},"modified":"2024-02-22T16:57:14","modified_gmt":"2024-02-22T16:57:14","slug":"reglamento-academico","status":"publish","type":"page","link":"https:\/\/cepeige.org\/home\/reglamento-academico\/","title":{"rendered":"Reglamento Acad\u00e9mico"},"content":{"rendered":"\t\t<div data-elementor-type=\"wp-page\" data-elementor-id=\"250\" class=\"elementor elementor-250\" data-elementor-post-type=\"page\">\n\t\t\t\t\t\t<section class=\"elementor-section elementor-top-section elementor-element elementor-element-1c6502d elementor-section-boxed elementor-section-height-default elementor-section-height-default wpr-particle-no wpr-jarallax-no wpr-parallax-no wpr-sticky-section-no wpr-equal-height-no\" data-id=\"1c6502d\" data-element_type=\"section\" data-e-type=\"section\">\n\t\t\t\t\t\t<div class=\"elementor-container elementor-column-gap-default\">\n\t\t\t\t\t<div class=\"elementor-column elementor-col-100 elementor-top-column elementor-element elementor-element-deb5cdc\" data-id=\"deb5cdc\" data-element_type=\"column\" data-e-type=\"column\">\n\t\t\t<div class=\"elementor-widget-wrap elementor-element-populated\">\n\t\t\t\t\t\t<div class=\"elementor-element elementor-element-33bd3b5 elementor-widget elementor-widget-image\" data-id=\"33bd3b5\" data-element_type=\"widget\" data-e-type=\"widget\" data-widget_type=\"image.default\">\n\t\t\t\t<div class=\"elementor-widget-container\">\n\t\t\t\t\t\t\t\t\t\t\t\t\t\t\t\t<a href=\"https:\/\/cepeige.org\/home\/\">\n\t\t\t\t\t\t\t<img fetchpriority=\"high\" decoding=\"async\" width=\"300\" height=\"300\" src=\"https:\/\/i0.wp.com\/cepeige.org\/home\/wp-content\/uploads\/2023\/03\/LOGOCEPEIGE1973.png?fit=300%2C300&amp;ssl=1\" class=\"attachment-medium size-medium wp-image-126\" alt=\"\" srcset=\"https:\/\/i0.wp.com\/cepeige.org\/home\/wp-content\/uploads\/2023\/03\/LOGOCEPEIGE1973.png?w=500&amp;ssl=1 500w, https:\/\/i0.wp.com\/cepeige.org\/home\/wp-content\/uploads\/2023\/03\/LOGOCEPEIGE1973.png?resize=300%2C300&amp;ssl=1 300w, https:\/\/i0.wp.com\/cepeige.org\/home\/wp-content\/uploads\/2023\/03\/LOGOCEPEIGE1973.png?resize=150%2C150&amp;ssl=1 150w\" sizes=\"(max-width: 300px) 100vw, 300px\" \/>\t\t\t\t\t\t\t\t<\/a>\n\t\t\t\t\t\t\t\t\t\t\t\t\t\t\t<\/div>\n\t\t\t\t<\/div>\n\t\t\t\t\t<\/div>\n\t\t<\/div>\n\t\t\t\t\t<\/div>\n\t\t<\/section>\n\t\t\t\t<section class=\"elementor-section elementor-top-section elementor-element elementor-element-fa96a0d elementor-section-boxed elementor-section-height-default elementor-section-height-default wpr-particle-no wpr-jarallax-no wpr-parallax-no wpr-sticky-section-no wpr-equal-height-no\" data-id=\"fa96a0d\" data-element_type=\"section\" data-e-type=\"section\">\n\t\t\t\t\t\t<div class=\"elementor-container elementor-column-gap-default\">\n\t\t\t\t\t<div class=\"elementor-column elementor-col-100 elementor-top-column elementor-element elementor-element-6c5de61\" data-id=\"6c5de61\" data-element_type=\"column\" data-e-type=\"column\">\n\t\t\t<div class=\"elementor-widget-wrap elementor-element-populated\">\n\t\t\t\t\t\t<div class=\"elementor-element elementor-element-6d179c1 elementor-widget elementor-widget-text-editor\" data-id=\"6d179c1\" data-element_type=\"widget\" data-e-type=\"widget\" data-widget_type=\"text-editor.default\">\n\t\t\t\t<div class=\"elementor-widget-container\">\n\t\t\t\t\t\t\t\t\t<p><strong>El Centro Panamericano de Estudios e Investigaciones Geogr\u00e1ficas &#8211; CEPEIGE consta del siguiente reglamento acad\u00e9mico que debe ser le\u00eddo y acatado por todos los participantes de los cursos. El reglamento acad\u00e9mico permite el correcto desarrollo de los cursos y que la oferta acad\u00e9mica del CEPEIGE tenga los mejores est\u00e1ndares.<\/strong><\/p>\t\t\t\t\t\t\t\t<\/div>\n\t\t\t\t<\/div>\n\t\t\t\t\t<\/div>\n\t\t<\/div>\n\t\t\t\t\t<\/div>\n\t\t<\/section>\n\t\t\t\t<section class=\"elementor-section elementor-top-section elementor-element elementor-element-94dd89b elementor-section-boxed elementor-section-height-default elementor-section-height-default wpr-particle-no wpr-jarallax-no wpr-parallax-no wpr-sticky-section-no wpr-equal-height-no\" data-id=\"94dd89b\" data-element_type=\"section\" data-e-type=\"section\">\n\t\t\t\t\t\t<div class=\"elementor-container elementor-column-gap-default\">\n\t\t\t\t\t<div class=\"elementor-column elementor-col-100 elementor-top-column elementor-element elementor-element-e70bd88\" data-id=\"e70bd88\" data-element_type=\"column\" data-e-type=\"column\">\n\t\t\t<div class=\"elementor-widget-wrap elementor-element-populated\">\n\t\t\t\t\t\t<div class=\"elementor-element elementor-element-eaccc08 elementor-icon-list--layout-traditional elementor-list-item-link-full_width elementor-widget elementor-widget-icon-list\" data-id=\"eaccc08\" data-element_type=\"widget\" data-e-type=\"widget\" data-widget_type=\"icon-list.default\">\n\t\t\t\t<div class=\"elementor-widget-container\">\n\t\t\t\t\t\t\t<ul class=\"elementor-icon-list-items\">\n\t\t\t\t\t\t\t<li class=\"elementor-icon-list-item\">\n\t\t\t\t\t\t\t\t\t\t\t<a href=\"https:\/\/cepeige.org\/home\/wp-content\/uploads\/2023\/05\/20230512_REGLAMENTO_ACADEMICO_NOV-signed-1.pdf\">\n\n\t\t\t\t\t\t\t\t\t\t\t\t<span class=\"elementor-icon-list-icon\">\n\t\t\t\t\t\t\t<i aria-hidden=\"true\" class=\"fas fa-pencil-ruler\"><\/i>\t\t\t\t\t\t<\/span>\n\t\t\t\t\t\t\t\t\t\t<span class=\"elementor-icon-list-text\">REGLAMENTO ACAD\u00c9MICO<\/span>\n\t\t\t\t\t\t\t\t\t\t\t<\/a>\n\t\t\t\t\t\t\t\t\t<\/li>\n\t\t\t\t\t\t<\/ul>\n\t\t\t\t\t\t<\/div>\n\t\t\t\t<\/div>\n\t\t\t\t\t<\/div>\n\t\t<\/div>\n\t\t\t\t\t<\/div>\n\t\t<\/section>\n\t\t\t\t<\/div>\n\t\t","protected":false},"excerpt":{"rendered":"<p>El Centro Panamericano de Estudios e Investigaciones Geogr\u00e1ficas &#8211; CEPEIGE consta del siguiente reglamento acad\u00e9mico que debe ser le\u00eddo y acatado por todos los participantes de los cursos. El reglamento acad\u00e9mico permite el correcto desarrollo de los cursos y que la oferta acad\u00e9mica del CEPEIGE tenga los mejores est\u00e1ndares. REGLAMENTO ACAD\u00c9MICO<\/p>\n","protected":false},"author":1,"featured_media":0,"parent":0,"menu_order":0,"comment_status":"closed","ping_status":"closed","template":"","meta":{"nf_dc_page":"","_eb_attr":"","om_disable_all_campaigns":false,"_monsterinsights_skip_tracking":false,"_monsterinsights_sitenote_active":false,"_monsterinsights_sitenote_note":"","_monsterinsights_sitenote_category":0,"_uf_show_specific_survey":0,"_uf_disable_surveys":false,"footnotes":""},"class_list":["post-250","page","type-page","status-publish","hentry"],"yoast_head":"<!-- This site is optimized with the Yoast SEO plugin v27.4 - https:\/\/yoast.com\/product\/yoast-seo-wordpress\/ -->\n<title>Reglamento Acad\u00e9mico - CEPEIGE<\/title>\n<meta name=\"robots\" content=\"index, follow, max-snippet:-1, max-image-preview:large, max-video-preview:-1\" \/>\n<link rel=\"canonical\" href=\"https:\/\/cepeige.org\/home\/reglamento-academico\/\" \/>\n<meta property=\"og:locale\" content=\"en_US\" \/>\n<meta property=\"og:type\" content=\"article\" \/>\n<meta property=\"og:title\" content=\"Reglamento Acad\u00e9mico - CEPEIGE\" \/>\n<meta property=\"og:description\" content=\"El Centro Panamericano de Estudios e Investigaciones Geogr\u00e1ficas &#8211; CEPEIGE consta del siguiente reglamento acad\u00e9mico que debe ser le\u00eddo y acatado por todos los participantes de los cursos. El reglamento acad\u00e9mico permite el correcto desarrollo de los cursos y que la oferta acad\u00e9mica del CEPEIGE tenga los mejores est\u00e1ndares. REGLAMENTO ACAD\u00c9MICO\" \/>\n<meta property=\"og:url\" content=\"https:\/\/cepeige.org\/home\/reglamento-academico\/\" \/>\n<meta property=\"og:site_name\" content=\"CEPEIGE\" \/>\n<meta property=\"article:modified_time\" content=\"2024-02-22T16:57:14+00:00\" \/>\n<meta property=\"og:image\" content=\"https:\/\/cepeige.org\/home\/wp-content\/uploads\/2023\/03\/LOGOCEPEIGE1973-300x300.png\" \/>\n<meta name=\"twitter:card\" content=\"summary_large_image\" \/>\n<meta name=\"twitter:label1\" content=\"Est. reading time\" \/>\n\t<meta name=\"twitter:data1\" content=\"1 minute\" \/>\n<script type=\"application\/ld+json\" class=\"yoast-schema-graph\">{\"@context\":\"https:\\\/\\\/schema.org\",\"@graph\":[{\"@type\":\"WebPage\",\"@id\":\"https:\\\/\\\/cepeige.org\\\/home\\\/reglamento-academico\\\/\",\"url\":\"https:\\\/\\\/cepeige.org\\\/home\\\/reglamento-academico\\\/\",\"name\":\"Reglamento Acad\u00e9mico - CEPEIGE\",\"isPartOf\":{\"@id\":\"https:\\\/\\\/cepeige.org\\\/home\\\/#website\"},\"primaryImageOfPage\":{\"@id\":\"https:\\\/\\\/cepeige.org\\\/home\\\/reglamento-academico\\\/#primaryimage\"},\"image\":{\"@id\":\"https:\\\/\\\/cepeige.org\\\/home\\\/reglamento-academico\\\/#primaryimage\"},\"thumbnailUrl\":\"https:\\\/\\\/cepeige.org\\\/home\\\/wp-content\\\/uploads\\\/2023\\\/03\\\/LOGOCEPEIGE1973-300x300.png\",\"datePublished\":\"2023-05-22T18:57:04+00:00\",\"dateModified\":\"2024-02-22T16:57:14+00:00\",\"breadcrumb\":{\"@id\":\"https:\\\/\\\/cepeige.org\\\/home\\\/reglamento-academico\\\/#breadcrumb\"},\"inLanguage\":\"en-US\",\"potentialAction\":[{\"@type\":\"ReadAction\",\"target\":[\"https:\\\/\\\/cepeige.org\\\/home\\\/reglamento-academico\\\/\"]}]},{\"@type\":\"ImageObject\",\"inLanguage\":\"en-US\",\"@id\":\"https:\\\/\\\/cepeige.org\\\/home\\\/reglamento-academico\\\/#primaryimage\",\"url\":\"https:\\\/\\\/i0.wp.com\\\/cepeige.org\\\/home\\\/wp-content\\\/uploads\\\/2023\\\/03\\\/LOGOCEPEIGE1973.png?fit=500%2C500&ssl=1\",\"contentUrl\":\"https:\\\/\\\/i0.wp.com\\\/cepeige.org\\\/home\\\/wp-content\\\/uploads\\\/2023\\\/03\\\/LOGOCEPEIGE1973.png?fit=500%2C500&ssl=1\",\"width\":500,\"height\":500},{\"@type\":\"BreadcrumbList\",\"@id\":\"https:\\\/\\\/cepeige.org\\\/home\\\/reglamento-academico\\\/#breadcrumb\",\"itemListElement\":[{\"@type\":\"ListItem\",\"position\":1,\"name\":\"Home\",\"item\":\"https:\\\/\\\/cepeige.org\\\/home\\\/\"},{\"@type\":\"ListItem\",\"position\":2,\"name\":\"Reglamento Acad\u00e9mico\"}]},{\"@type\":\"WebSite\",\"@id\":\"https:\\\/\\\/cepeige.org\\\/home\\\/#website\",\"url\":\"https:\\\/\\\/cepeige.org\\\/home\\\/\",\"name\":\"CEPEIGE\",\"description\":\"Centro Panamericano de Estudios e Investigaciones Geogr\u00e1ficas\",\"potentialAction\":[{\"@type\":\"SearchAction\",\"target\":{\"@type\":\"EntryPoint\",\"urlTemplate\":\"https:\\\/\\\/cepeige.org\\\/home\\\/?s={search_term_string}\"},\"query-input\":{\"@type\":\"PropertyValueSpecification\",\"valueRequired\":true,\"valueName\":\"search_term_string\"}}],\"inLanguage\":\"en-US\"}]}<\/script>\n<!-- \/ Yoast SEO plugin. -->","yoast_head_json":{"title":"Reglamento Acad\u00e9mico - CEPEIGE","robots":{"index":"index","follow":"follow","max-snippet":"max-snippet:-1","max-image-preview":"max-image-preview:large","max-video-preview":"max-video-preview:-1"},"canonical":"https:\/\/cepeige.org\/home\/reglamento-academico\/","og_locale":"en_US","og_type":"article","og_title":"Reglamento Acad\u00e9mico - CEPEIGE","og_description":"El Centro Panamericano de Estudios e Investigaciones Geogr\u00e1ficas &#8211; CEPEIGE consta del siguiente reglamento acad\u00e9mico que debe ser le\u00eddo y acatado por todos los participantes de los cursos. El reglamento acad\u00e9mico permite el correcto desarrollo de los cursos y que la oferta acad\u00e9mica del CEPEIGE tenga los mejores est\u00e1ndares. REGLAMENTO ACAD\u00c9MICO","og_url":"https:\/\/cepeige.org\/home\/reglamento-academico\/","og_site_name":"CEPEIGE","article_modified_time":"2024-02-22T16:57:14+00:00","og_image":[{"url":"https:\/\/cepeige.org\/home\/wp-content\/uploads\/2023\/03\/LOGOCEPEIGE1973-300x300.png","type":"","width":"","height":""}],"twitter_card":"summary_large_image","twitter_misc":{"Est. reading time":"1 minute"},"schema":{"@context":"https:\/\/schema.org","@graph":[{"@type":"WebPage","@id":"https:\/\/cepeige.org\/home\/reglamento-academico\/","url":"https:\/\/cepeige.org\/home\/reglamento-academico\/","name":"Reglamento Acad\u00e9mico - CEPEIGE","isPartOf":{"@id":"https:\/\/cepeige.org\/home\/#website"},"primaryImageOfPage":{"@id":"https:\/\/cepeige.org\/home\/reglamento-academico\/#primaryimage"},"image":{"@id":"https:\/\/cepeige.org\/home\/reglamento-academico\/#primaryimage"},"thumbnailUrl":"https:\/\/cepeige.org\/home\/wp-content\/uploads\/2023\/03\/LOGOCEPEIGE1973-300x300.png","datePublished":"2023-05-22T18:57:04+00:00","dateModified":"2024-02-22T16:57:14+00:00","breadcrumb":{"@id":"https:\/\/cepeige.org\/home\/reglamento-academico\/#breadcrumb"},"inLanguage":"en-US","potentialAction":[{"@type":"ReadAction","target":["https:\/\/cepeige.org\/home\/reglamento-academico\/"]}]},{"@type":"ImageObject","inLanguage":"en-US","@id":"https:\/\/cepeige.org\/home\/reglamento-academico\/#primaryimage","url":"https:\/\/i0.wp.com\/cepeige.org\/home\/wp-content\/uploads\/2023\/03\/LOGOCEPEIGE1973.png?fit=500%2C500&ssl=1","contentUrl":"https:\/\/i0.wp.com\/cepeige.org\/home\/wp-content\/uploads\/2023\/03\/LOGOCEPEIGE1973.png?fit=500%2C500&ssl=1","width":500,"height":500},{"@type":"BreadcrumbList","@id":"https:\/\/cepeige.org\/home\/reglamento-academico\/#breadcrumb","itemListElement":[{"@type":"ListItem","position":1,"name":"Home","item":"https:\/\/cepeige.org\/home\/"},{"@type":"ListItem","position":2,"name":"Reglamento Acad\u00e9mico"}]},{"@type":"WebSite","@id":"https:\/\/cepeige.org\/home\/#website","url":"https:\/\/cepeige.org\/home\/","name":"CEPEIGE","description":"Centro Panamericano de Estudios e Investigaciones Geogr\u00e1ficas","potentialAction":[{"@type":"SearchAction","target":{"@type":"EntryPoint","urlTemplate":"https:\/\/cepeige.org\/home\/?s={search_term_string}"},"query-input":{"@type":"PropertyValueSpecification","valueRequired":true,"valueName":"search_term_string"}}],"inLanguage":"en-US"}]}},"jetpack_sharing_enabled":true,"_links":{"self":[{"href":"https:\/\/cepeige.org\/home\/wp-json\/wp\/v2\/pages\/250","targetHints":{"allow":["GET"]}}],"collection":[{"href":"https:\/\/cepeige.org\/home\/wp-json\/wp\/v2\/pages"}],"about":[{"href":"https:\/\/cepeige.org\/home\/wp-json\/wp\/v2\/types\/page"}],"author":[{"embeddable":true,"href":"https:\/\/cepeige.org\/home\/wp-json\/wp\/v2\/users\/1"}],"replies":[{"embeddable":true,"href":"https:\/\/cepeige.org\/home\/wp-json\/wp\/v2\/comments?post=250"}],"version-history":[{"count":6,"href":"https:\/\/cepeige.org\/home\/wp-json\/wp\/v2\/pages\/250\/revisions"}],"predecessor-version":[{"id":2907,"href":"https:\/\/cepeige.org\/home\/wp-json\/wp\/v2\/pages\/250\/revisions\/2907"}],"wp:attachment":[{"href":"https:\/\/cepeige.org\/home\/wp-json\/wp\/v2\/media?parent=250"}],"curies":[{"name":"wp","href":"https:\/\/api.w.org\/{rel}","templated":true}]}}