{"id":2605,"date":"2025-03-31T16:50:21","date_gmt":"2025-03-31T16:50:21","guid":{"rendered":"https:\/\/cepeige.org\/home\/?page_id=2605"},"modified":"2025-03-31T19:13:26","modified_gmt":"2025-03-31T19:13:26","slug":"revista-digital-y-fisica","status":"publish","type":"page","link":"https:\/\/cepeige.org\/home\/revista-digital-y-fisica\/","title":{"rendered":"Revista Digital y F\u00edsica"},"content":{"rendered":"\t\t<div data-elementor-type=\"wp-page\" data-elementor-id=\"2605\" class=\"elementor elementor-2605\" data-elementor-post-type=\"page\">\n\t\t\t\t\t\t<section class=\"elementor-section elementor-top-section elementor-element elementor-element-9c7c9d0 elementor-section-boxed elementor-section-height-default elementor-section-height-default wpr-particle-no wpr-jarallax-no wpr-parallax-no wpr-sticky-section-no wpr-equal-height-no\" data-id=\"9c7c9d0\" data-element_type=\"section\" data-e-type=\"section\">\n\t\t\t\t\t\t<div class=\"elementor-container elementor-column-gap-default\">\n\t\t\t\t\t<div class=\"elementor-column elementor-col-100 elementor-top-column elementor-element elementor-element-3a294b5\" data-id=\"3a294b5\" data-element_type=\"column\" data-e-type=\"column\">\n\t\t\t<div class=\"elementor-widget-wrap elementor-element-populated\">\n\t\t\t\t\t\t<section class=\"elementor-section elementor-inner-section elementor-element elementor-element-d91fb6d elementor-section-boxed elementor-section-height-default elementor-section-height-default wpr-particle-no wpr-jarallax-no wpr-parallax-no wpr-sticky-section-no wpr-equal-height-no\" data-id=\"d91fb6d\" data-element_type=\"section\" data-e-type=\"section\">\n\t\t\t\t\t\t<div class=\"elementor-container elementor-column-gap-default\">\n\t\t\t\t\t<div class=\"elementor-column elementor-col-50 elementor-inner-column elementor-element elementor-element-03e53ea\" data-id=\"03e53ea\" data-element_type=\"column\" data-e-type=\"column\">\n\t\t\t<div class=\"elementor-widget-wrap elementor-element-populated\">\n\t\t\t\t\t\t<div class=\"elementor-element elementor-element-2ca0bba elementor-widget elementor-widget-heading\" data-id=\"2ca0bba\" data-element_type=\"widget\" data-e-type=\"widget\" data-widget_type=\"heading.default\">\n\t\t\t\t<div class=\"elementor-widget-container\">\n\t\t\t\t\t<h2 class=\"elementor-heading-title elementor-size-default\">Revista Digital y F\u00edsica<\/h2>\t\t\t\t<\/div>\n\t\t\t\t<\/div>\n\t\t\t\t<div class=\"elementor-element elementor-element-9b24349 elementor-widget elementor-widget-text-editor\" data-id=\"9b24349\" data-element_type=\"widget\" data-e-type=\"widget\" data-widget_type=\"text-editor.default\">\n\t\t\t\t<div class=\"elementor-widget-container\">\n\t\t\t\t\t\t\t\t\t<p class=\"\" data-start=\"0\" data-end=\"548\">El <strong data-start=\"3\" data-end=\"78\">Centro Panamericano de Estudios e Investigaciones Geogr\u00e1ficas (CEPEIGE)<\/strong> ofrece una amplia gama de cursos dirigidos a funcionarios p\u00fablicos y privados, docentes universitarios, investigadores, y profesionales como ge\u00f3grafos, inform\u00e1ticos, arquitectos, ingenieros civiles, as\u00ed como estudiantes interesados en la gesti\u00f3n de informaci\u00f3n geogr\u00e1fica. Estos cursos est\u00e1n orientados a la integraci\u00f3n de datos espaciales y estad\u00edsticos para la elaboraci\u00f3n de <strong data-start=\"457\" data-end=\"508\">Planes de Desarrollo y Ordenamiento Territorial<\/strong> y <strong data-start=\"511\" data-end=\"547\">Planes de Uso y Gesti\u00f3n de Suelo<\/strong>.<\/p><p class=\"\" style=\"text-align: left;\" data-start=\"550\" data-end=\"1203\">Adem\u00e1s, con el prop\u00f3sito de fomentar la divulgaci\u00f3n del conocimiento y los avances en estas \u00e1reas, el CEPEIGE planea lanzar una revista cient\u00edfica. Esta publicaci\u00f3n ser\u00e1 un espacio de reflexi\u00f3n, intercambio de ideas y difusi\u00f3n de investigaciones relacionadas con la gesti\u00f3n territorial, el an\u00e1lisis espacial, el ordenamiento del territorio y la planificaci\u00f3n urbana. La revista est\u00e1 dirigida a acad\u00e9micos, profesionales, y expertos en geograf\u00eda, urbanismo y otras disciplinas relacionadas, buscando consolidarse como un referente para la investigaci\u00f3n y el desarrollo de soluciones innovadoras en el \u00e1mbito de la geograf\u00eda y el ordenamiento territorial.<\/p>\t\t\t\t\t\t\t\t<\/div>\n\t\t\t\t<\/div>\n\t\t\t\t\t<\/div>\n\t\t<\/div>\n\t\t\t\t<div class=\"elementor-column elementor-col-50 elementor-inner-column elementor-element elementor-element-7b10086\" data-id=\"7b10086\" data-element_type=\"column\" data-e-type=\"column\">\n\t\t\t<div class=\"elementor-widget-wrap elementor-element-populated\">\n\t\t\t\t\t\t<div class=\"elementor-element elementor-element-5289ea7 elementor-widget elementor-widget-heading\" data-id=\"5289ea7\" data-element_type=\"widget\" data-e-type=\"widget\" data-widget_type=\"heading.default\">\n\t\t\t\t<div class=\"elementor-widget-container\">\n\t\t\t\t\t<h3 class=\"elementor-heading-title elementor-size-default\">Enlaces de inter\u00e9s<\/h3>\t\t\t\t<\/div>\n\t\t\t\t<\/div>\n\t\t\t\t<div class=\"elementor-element elementor-element-8d6acfe elementor-widget elementor-widget-heading\" data-id=\"8d6acfe\" data-element_type=\"widget\" data-e-type=\"widget\" data-widget_type=\"heading.default\">\n\t\t\t\t<div class=\"elementor-widget-container\">\n\t\t\t\t\t<h4 class=\"elementor-heading-title elementor-size-default\">Plantilla  de art\u00edculo<\/h4>\t\t\t\t<\/div>\n\t\t\t\t<\/div>\n\t\t\t\t<div class=\"elementor-element elementor-element-515bac6 elementor-widget__width-initial elementor-widget elementor-widget-image\" data-id=\"515bac6\" data-element_type=\"widget\" data-e-type=\"widget\" data-widget_type=\"image.default\">\n\t\t\t\t<div class=\"elementor-widget-container\">\n\t\t\t\t\t\t\t\t\t\t\t\t\t\t\t\t<a href=\"https:\/\/cepeige.org\/home\/wp-content\/uploads\/2025\/03\/Plantilla.docx\" target=\"_blank\">\n\t\t\t\t\t\t\t<img fetchpriority=\"high\" decoding=\"async\" width=\"300\" height=\"168\" src=\"https:\/\/i0.wp.com\/cepeige.org\/home\/wp-content\/uploads\/2025\/03\/descarga-1.webp?fit=300%2C168&amp;ssl=1\" class=\"attachment-large size-large wp-image-2668\" alt=\"\" \/>\t\t\t\t\t\t\t\t<\/a>\n\t\t\t\t\t\t\t\t\t\t\t\t\t\t\t<\/div>\n\t\t\t\t<\/div>\n\t\t\t\t<div class=\"elementor-element elementor-element-dd60316 elementor-widget elementor-widget-heading\" data-id=\"dd60316\" data-element_type=\"widget\" data-e-type=\"widget\" data-widget_type=\"heading.default\">\n\t\t\t\t<div class=\"elementor-widget-container\">\n\t\t\t\t\t<h2 class=\"elementor-heading-title elementor-size-default\"><br><span style=\"font-weight: bolder;, sans-serif;font-size: 14px;text-align: start\">Signatarios<\/span><\/h2>\t\t\t\t<\/div>\n\t\t\t\t<\/div>\n\t\t\t\t<div class=\"elementor-element elementor-element-3ef5097 elementor-widget__width-initial elementor-widget elementor-widget-image\" data-id=\"3ef5097\" data-element_type=\"widget\" data-e-type=\"widget\" data-widget_type=\"image.default\">\n\t\t\t\t<div class=\"elementor-widget-container\">\n\t\t\t\t\t\t\t\t\t\t\t\t\t\t\t\t<a href=\"https:\/\/sfdora.org\/read\/read-the-declaration-espanol\/\" target=\"_blank\">\n\t\t\t\t\t\t\t<img decoding=\"async\" width=\"150\" height=\"52\" src=\"https:\/\/i0.wp.com\/cepeige.org\/home\/wp-content\/uploads\/2025\/03\/logo_dora.webp?fit=150%2C52&amp;ssl=1\" class=\"attachment-large size-large wp-image-2609\" alt=\"\" \/>\t\t\t\t\t\t\t\t<\/a>\n\t\t\t\t\t\t\t\t\t\t\t\t\t\t\t<\/div>\n\t\t\t\t<\/div>\n\t\t\t\t<div class=\"elementor-element elementor-element-a302925 elementor-widget__width-initial elementor-widget elementor-widget-image\" data-id=\"a302925\" data-element_type=\"widget\" data-e-type=\"widget\" data-widget_type=\"image.default\">\n\t\t\t\t<div class=\"elementor-widget-container\">\n\t\t\t\t\t\t\t\t\t\t\t\t\t\t\t\t<a href=\"https:\/\/www.budapestopenaccessinitiative.org\/read\/spanish-translation\/\" target=\"_blank\">\n\t\t\t\t\t\t\t<img decoding=\"async\" width=\"150\" height=\"60\" src=\"https:\/\/i0.wp.com\/cepeige.org\/home\/wp-content\/uploads\/2025\/03\/Logo_open_access1.webp?fit=150%2C60&amp;ssl=1\" class=\"attachment-large size-large wp-image-2642\" alt=\"\" \/>\t\t\t\t\t\t\t\t<\/a>\n\t\t\t\t\t\t\t\t\t\t\t\t\t\t\t<\/div>\n\t\t\t\t<\/div>\n\t\t\t\t<div class=\"elementor-element elementor-element-fd3a29c elementor-widget elementor-widget-heading\" data-id=\"fd3a29c\" data-element_type=\"widget\" data-e-type=\"widget\" data-widget_type=\"heading.default\">\n\t\t\t\t<div class=\"elementor-widget-container\">\n\t\t\t\t\t<h2 class=\"elementor-heading-title elementor-size-default\"><br><span style=\"font-weight: bolder;, sans-serif;font-size: 14px;text-align: start\">Redes<\/span><\/h2>\t\t\t\t<\/div>\n\t\t\t\t<\/div>\n\t\t\t\t<div class=\"elementor-element elementor-element-4f1850e elementor-widget__width-initial elementor-widget elementor-widget-image\" data-id=\"4f1850e\" data-element_type=\"widget\" data-e-type=\"widget\" data-widget_type=\"image.default\">\n\t\t\t\t<div class=\"elementor-widget-container\">\n\t\t\t\t\t\t\t\t\t\t\t\t\t\t\t\t<a href=\"https:\/\/rercie.ups.edu.ec\/\" target=\"_blank\">\n\t\t\t\t\t\t\t<img loading=\"lazy\" decoding=\"async\" width=\"100\" height=\"69\" src=\"https:\/\/i0.wp.com\/cepeige.org\/home\/wp-content\/uploads\/2025\/03\/Logo_RERCIE4.webp?fit=100%2C69&amp;ssl=1\" class=\"attachment-large size-large wp-image-2652\" alt=\"\" \/>\t\t\t\t\t\t\t\t<\/a>\n\t\t\t\t\t\t\t\t\t\t\t\t\t\t\t<\/div>\n\t\t\t\t<\/div>\n\t\t\t\t<div class=\"elementor-element elementor-element-213d3f4 elementor-widget elementor-widget-heading\" data-id=\"213d3f4\" data-element_type=\"widget\" data-e-type=\"widget\" data-widget_type=\"heading.default\">\n\t\t\t\t<div class=\"elementor-widget-container\">\n\t\t\t\t\t<h2 class=\"elementor-heading-title elementor-size-default\"><br><span style=\"font-weight: bolder;, sans-serif;font-size: 14px;text-align: start\">Bases de Datos<\/span><br><\/h2>\t\t\t\t<\/div>\n\t\t\t\t<\/div>\n\t\t\t\t<div class=\"elementor-element elementor-element-4a07e4b elementor-widget__width-initial elementor-widget elementor-widget-image\" data-id=\"4a07e4b\" data-element_type=\"widget\" data-e-type=\"widget\" data-widget_type=\"image.default\">\n\t\t\t\t<div class=\"elementor-widget-container\">\n\t\t\t\t\t\t\t\t\t\t\t\t\t\t\t\t<a href=\"https:\/\/openpolicyfinder.jisc.ac.uk\/id\/publication\/43149\" target=\"_blank\">\n\t\t\t\t\t\t\t<img loading=\"lazy\" decoding=\"async\" width=\"250\" height=\"42\" src=\"https:\/\/i0.wp.com\/cepeige.org\/home\/wp-content\/uploads\/2025\/03\/logo_sherpa.webp?fit=250%2C42&amp;ssl=1\" class=\"attachment-large size-large wp-image-2657\" alt=\"\" \/>\t\t\t\t\t\t\t\t<\/a>\n\t\t\t\t\t\t\t\t\t\t\t\t\t\t\t<\/div>\n\t\t\t\t<\/div>\n\t\t\t\t<div class=\"elementor-element elementor-element-0c6a848 elementor-widget__width-initial elementor-widget elementor-widget-image\" data-id=\"0c6a848\" data-element_type=\"widget\" data-e-type=\"widget\" data-widget_type=\"image.default\">\n\t\t\t\t<div class=\"elementor-widget-container\">\n\t\t\t\t\t\t\t\t\t\t\t\t\t\t\t\t<a href=\"https:\/\/aura.amelica.org\/https:\/\/latinrev.flacso.org.ar\/revistas\/cotopaxi-tech\" target=\"_blank\">\n\t\t\t\t\t\t\t<img loading=\"lazy\" decoding=\"async\" width=\"100\" height=\"53\" src=\"https:\/\/i0.wp.com\/cepeige.org\/home\/wp-content\/uploads\/2025\/03\/Logo_AURA1.webp?fit=100%2C53&amp;ssl=1\" class=\"attachment-large size-large wp-image-2658\" alt=\"\" \/>\t\t\t\t\t\t\t\t<\/a>\n\t\t\t\t\t\t\t\t\t\t\t\t\t\t\t<\/div>\n\t\t\t\t<\/div>\n\t\t\t\t<div class=\"elementor-element elementor-element-e422fa1 elementor-widget__width-initial elementor-widget elementor-widget-image\" data-id=\"e422fa1\" data-element_type=\"widget\" data-e-type=\"widget\" data-widget_type=\"image.default\">\n\t\t\t\t<div class=\"elementor-widget-container\">\n\t\t\t\t\t\t\t\t\t\t\t\t\t\t\t\t<a href=\"https:\/\/portal.issn.org\/resource\/ISSN\/2806-5573\" target=\"_blank\">\n\t\t\t\t\t\t\t<img loading=\"lazy\" decoding=\"async\" width=\"93\" height=\"50\" src=\"https:\/\/i0.wp.com\/cepeige.org\/home\/wp-content\/uploads\/2025\/03\/Logo_ROAD1.webp?fit=93%2C50&amp;ssl=1\" class=\"attachment-large size-large wp-image-2656\" alt=\"\" \/>\t\t\t\t\t\t\t\t<\/a>\n\t\t\t\t\t\t\t\t\t\t\t\t\t\t\t<\/div>\n\t\t\t\t<\/div>\n\t\t\t\t<div class=\"elementor-element elementor-element-55ba577 elementor-widget__width-initial elementor-widget elementor-widget-image\" data-id=\"55ba577\" data-element_type=\"widget\" data-e-type=\"widget\" data-widget_type=\"image.default\">\n\t\t\t\t<div class=\"elementor-widget-container\">\n\t\t\t\t\t\t\t\t\t\t\t\t\t\t\t\t<a href=\"https:\/\/latinrev.flacso.org.ar\/revistas\/cotopaxi-tech\" target=\"_blank\">\n\t\t\t\t\t\t\t<img loading=\"lazy\" decoding=\"async\" width=\"165\" height=\"51\" src=\"https:\/\/i0.wp.com\/cepeige.org\/home\/wp-content\/uploads\/2025\/03\/Logo_LatinRev2.webp?fit=165%2C51&amp;ssl=1\" class=\"attachment-large size-large wp-image-2659\" alt=\"\" \/>\t\t\t\t\t\t\t\t<\/a>\n\t\t\t\t\t\t\t\t\t\t\t\t\t\t\t<\/div>\n\t\t\t\t<\/div>\n\t\t\t\t<div class=\"elementor-element elementor-element-4fc973a elementor-widget__width-initial elementor-widget elementor-widget-image\" data-id=\"4fc973a\" data-element_type=\"widget\" data-e-type=\"widget\" data-widget_type=\"image.default\">\n\t\t\t\t<div class=\"elementor-widget-container\">\n\t\t\t\t\t\t\t\t\t\t\t\t\t\t\t\t<a href=\"https:\/\/scholar.google.es\/schhp?hl=es\" target=\"_blank\">\n\t\t\t\t\t\t\t<img loading=\"lazy\" decoding=\"async\" width=\"200\" height=\"27\" src=\"https:\/\/i0.wp.com\/cepeige.org\/home\/wp-content\/uploads\/2025\/03\/descarga.png?fit=200%2C27&amp;ssl=1\" class=\"attachment-large size-large wp-image-2660\" alt=\"\" \/>\t\t\t\t\t\t\t\t<\/a>\n\t\t\t\t\t\t\t\t\t\t\t\t\t\t\t<\/div>\n\t\t\t\t<\/div>\n\t\t\t\t\t<\/div>\n\t\t<\/div>\n\t\t\t\t\t<\/div>\n\t\t<\/section>\n\t\t\t\t\t<\/div>\n\t\t<\/div>\n\t\t\t\t\t<\/div>\n\t\t<\/section>\n\t\t\t\t<\/div>\n\t\t","protected":false},"excerpt":{"rendered":"<p>Revista Digital y F\u00edsica El Centro Panamericano de Estudios e Investigaciones Geogr\u00e1ficas (CEPEIGE) ofrece una amplia gama de cursos dirigidos a funcionarios p\u00fablicos y privados, docentes universitarios, investigadores, y profesionales como ge\u00f3grafos, inform\u00e1ticos, arquitectos, ingenieros civiles, as\u00ed como estudiantes interesados en la gesti\u00f3n de informaci\u00f3n geogr\u00e1fica. Estos cursos est\u00e1n orientados a la integraci\u00f3n de datos espaciales y estad\u00edsticos para la elaboraci\u00f3n de Planes de Desarrollo y Ordenamiento Territorial y Planes de Uso y Gesti\u00f3n de Suelo. Adem\u00e1s, con el prop\u00f3sito de fomentar la divulgaci\u00f3n del conocimiento y los avances en estas \u00e1reas, el CEPEIGE planea lanzar una revista cient\u00edfica. Esta<\/p>\n","protected":false},"author":1,"featured_media":0,"parent":0,"menu_order":0,"comment_status":"closed","ping_status":"closed","template":"","meta":{"nf_dc_page":"","_eb_attr":"","om_disable_all_campaigns":false,"_monsterinsights_skip_tracking":false,"_monsterinsights_sitenote_active":false,"_monsterinsights_sitenote_note":"","_monsterinsights_sitenote_category":0,"_uf_show_specific_survey":0,"_uf_disable_surveys":false,"footnotes":""},"class_list":["post-2605","page","type-page","status-publish","hentry"],"yoast_head":"<!-- This site is optimized with the Yoast SEO plugin v27.4 - https:\/\/yoast.com\/product\/yoast-seo-wordpress\/ -->\n<title>Revista Digital y F\u00edsica - CEPEIGE<\/title>\n<meta name=\"robots\" content=\"index, follow, max-snippet:-1, max-image-preview:large, max-video-preview:-1\" \/>\n<link rel=\"canonical\" href=\"https:\/\/cepeige.org\/home\/revista-digital-y-fisica\/\" \/>\n<meta property=\"og:locale\" content=\"en_US\" \/>\n<meta property=\"og:type\" content=\"article\" \/>\n<meta property=\"og:title\" content=\"Revista Digital y F\u00edsica - CEPEIGE\" \/>\n<meta property=\"og:description\" content=\"Revista Digital y F\u00edsica El Centro Panamericano de Estudios e Investigaciones Geogr\u00e1ficas (CEPEIGE) ofrece una amplia gama de cursos dirigidos a funcionarios p\u00fablicos y privados, docentes universitarios, investigadores, y profesionales como ge\u00f3grafos, inform\u00e1ticos, arquitectos, ingenieros civiles, as\u00ed como estudiantes interesados en la gesti\u00f3n de informaci\u00f3n geogr\u00e1fica. Estos cursos est\u00e1n orientados a la integraci\u00f3n de datos espaciales y estad\u00edsticos para la elaboraci\u00f3n de Planes de Desarrollo y Ordenamiento Territorial y Planes de Uso y Gesti\u00f3n de Suelo. Adem\u00e1s, con el prop\u00f3sito de fomentar la divulgaci\u00f3n del conocimiento y los avances en estas \u00e1reas, el CEPEIGE planea lanzar una revista cient\u00edfica. Esta\" \/>\n<meta property=\"og:url\" content=\"https:\/\/cepeige.org\/home\/revista-digital-y-fisica\/\" \/>\n<meta property=\"og:site_name\" content=\"CEPEIGE\" \/>\n<meta property=\"article:modified_time\" content=\"2025-03-31T19:13:26+00:00\" \/>\n<meta property=\"og:image\" content=\"https:\/\/cepeige.org\/home\/wp-content\/uploads\/2025\/03\/descarga-1.webp\" \/>\n<meta name=\"twitter:card\" content=\"summary_large_image\" \/>\n<meta name=\"twitter:label1\" content=\"Est. reading time\" \/>\n\t<meta name=\"twitter:data1\" content=\"3 minutes\" \/>\n<script type=\"application\/ld+json\" class=\"yoast-schema-graph\">{\"@context\":\"https:\\\/\\\/schema.org\",\"@graph\":[{\"@type\":\"WebPage\",\"@id\":\"https:\\\/\\\/cepeige.org\\\/home\\\/revista-digital-y-fisica\\\/\",\"url\":\"https:\\\/\\\/cepeige.org\\\/home\\\/revista-digital-y-fisica\\\/\",\"name\":\"Revista Digital y F\u00edsica - CEPEIGE\",\"isPartOf\":{\"@id\":\"https:\\\/\\\/cepeige.org\\\/home\\\/#website\"},\"primaryImageOfPage\":{\"@id\":\"https:\\\/\\\/cepeige.org\\\/home\\\/revista-digital-y-fisica\\\/#primaryimage\"},\"image\":{\"@id\":\"https:\\\/\\\/cepeige.org\\\/home\\\/revista-digital-y-fisica\\\/#primaryimage\"},\"thumbnailUrl\":\"https:\\\/\\\/cepeige.org\\\/home\\\/wp-content\\\/uploads\\\/2025\\\/03\\\/descarga-1.webp\",\"datePublished\":\"2025-03-31T16:50:21+00:00\",\"dateModified\":\"2025-03-31T19:13:26+00:00\",\"breadcrumb\":{\"@id\":\"https:\\\/\\\/cepeige.org\\\/home\\\/revista-digital-y-fisica\\\/#breadcrumb\"},\"inLanguage\":\"en-US\",\"potentialAction\":[{\"@type\":\"ReadAction\",\"target\":[\"https:\\\/\\\/cepeige.org\\\/home\\\/revista-digital-y-fisica\\\/\"]}]},{\"@type\":\"ImageObject\",\"inLanguage\":\"en-US\",\"@id\":\"https:\\\/\\\/cepeige.org\\\/home\\\/revista-digital-y-fisica\\\/#primaryimage\",\"url\":\"https:\\\/\\\/i0.wp.com\\\/cepeige.org\\\/home\\\/wp-content\\\/uploads\\\/2025\\\/03\\\/descarga-1.webp?fit=300%2C168&ssl=1\",\"contentUrl\":\"https:\\\/\\\/i0.wp.com\\\/cepeige.org\\\/home\\\/wp-content\\\/uploads\\\/2025\\\/03\\\/descarga-1.webp?fit=300%2C168&ssl=1\",\"width\":300,\"height\":168},{\"@type\":\"BreadcrumbList\",\"@id\":\"https:\\\/\\\/cepeige.org\\\/home\\\/revista-digital-y-fisica\\\/#breadcrumb\",\"itemListElement\":[{\"@type\":\"ListItem\",\"position\":1,\"name\":\"Home\",\"item\":\"https:\\\/\\\/cepeige.org\\\/home\\\/\"},{\"@type\":\"ListItem\",\"position\":2,\"name\":\"Revista Digital y F\u00edsica\"}]},{\"@type\":\"WebSite\",\"@id\":\"https:\\\/\\\/cepeige.org\\\/home\\\/#website\",\"url\":\"https:\\\/\\\/cepeige.org\\\/home\\\/\",\"name\":\"CEPEIGE\",\"description\":\"Centro Panamericano de Estudios e Investigaciones Geogr\u00e1ficas\",\"potentialAction\":[{\"@type\":\"SearchAction\",\"target\":{\"@type\":\"EntryPoint\",\"urlTemplate\":\"https:\\\/\\\/cepeige.org\\\/home\\\/?s={search_term_string}\"},\"query-input\":{\"@type\":\"PropertyValueSpecification\",\"valueRequired\":true,\"valueName\":\"search_term_string\"}}],\"inLanguage\":\"en-US\"}]}<\/script>\n<!-- \/ Yoast SEO plugin. -->","yoast_head_json":{"title":"Revista Digital y F\u00edsica - CEPEIGE","robots":{"index":"index","follow":"follow","max-snippet":"max-snippet:-1","max-image-preview":"max-image-preview:large","max-video-preview":"max-video-preview:-1"},"canonical":"https:\/\/cepeige.org\/home\/revista-digital-y-fisica\/","og_locale":"en_US","og_type":"article","og_title":"Revista Digital y F\u00edsica - CEPEIGE","og_description":"Revista Digital y F\u00edsica El Centro Panamericano de Estudios e Investigaciones Geogr\u00e1ficas (CEPEIGE) ofrece una amplia gama de cursos dirigidos a funcionarios p\u00fablicos y privados, docentes universitarios, investigadores, y profesionales como ge\u00f3grafos, inform\u00e1ticos, arquitectos, ingenieros civiles, as\u00ed como estudiantes interesados en la gesti\u00f3n de informaci\u00f3n geogr\u00e1fica. Estos cursos est\u00e1n orientados a la integraci\u00f3n de datos espaciales y estad\u00edsticos para la elaboraci\u00f3n de Planes de Desarrollo y Ordenamiento Territorial y Planes de Uso y Gesti\u00f3n de Suelo. Adem\u00e1s, con el prop\u00f3sito de fomentar la divulgaci\u00f3n del conocimiento y los avances en estas \u00e1reas, el CEPEIGE planea lanzar una revista cient\u00edfica. Esta","og_url":"https:\/\/cepeige.org\/home\/revista-digital-y-fisica\/","og_site_name":"CEPEIGE","article_modified_time":"2025-03-31T19:13:26+00:00","og_image":[{"url":"https:\/\/cepeige.org\/home\/wp-content\/uploads\/2025\/03\/descarga-1.webp","type":"","width":"","height":""}],"twitter_card":"summary_large_image","twitter_misc":{"Est. reading time":"3 minutes"},"schema":{"@context":"https:\/\/schema.org","@graph":[{"@type":"WebPage","@id":"https:\/\/cepeige.org\/home\/revista-digital-y-fisica\/","url":"https:\/\/cepeige.org\/home\/revista-digital-y-fisica\/","name":"Revista Digital y F\u00edsica - CEPEIGE","isPartOf":{"@id":"https:\/\/cepeige.org\/home\/#website"},"primaryImageOfPage":{"@id":"https:\/\/cepeige.org\/home\/revista-digital-y-fisica\/#primaryimage"},"image":{"@id":"https:\/\/cepeige.org\/home\/revista-digital-y-fisica\/#primaryimage"},"thumbnailUrl":"https:\/\/cepeige.org\/home\/wp-content\/uploads\/2025\/03\/descarga-1.webp","datePublished":"2025-03-31T16:50:21+00:00","dateModified":"2025-03-31T19:13:26+00:00","breadcrumb":{"@id":"https:\/\/cepeige.org\/home\/revista-digital-y-fisica\/#breadcrumb"},"inLanguage":"en-US","potentialAction":[{"@type":"ReadAction","target":["https:\/\/cepeige.org\/home\/revista-digital-y-fisica\/"]}]},{"@type":"ImageObject","inLanguage":"en-US","@id":"https:\/\/cepeige.org\/home\/revista-digital-y-fisica\/#primaryimage","url":"https:\/\/i0.wp.com\/cepeige.org\/home\/wp-content\/uploads\/2025\/03\/descarga-1.webp?fit=300%2C168&ssl=1","contentUrl":"https:\/\/i0.wp.com\/cepeige.org\/home\/wp-content\/uploads\/2025\/03\/descarga-1.webp?fit=300%2C168&ssl=1","width":300,"height":168},{"@type":"BreadcrumbList","@id":"https:\/\/cepeige.org\/home\/revista-digital-y-fisica\/#breadcrumb","itemListElement":[{"@type":"ListItem","position":1,"name":"Home","item":"https:\/\/cepeige.org\/home\/"},{"@type":"ListItem","position":2,"name":"Revista Digital y F\u00edsica"}]},{"@type":"WebSite","@id":"https:\/\/cepeige.org\/home\/#website","url":"https:\/\/cepeige.org\/home\/","name":"CEPEIGE","description":"Centro Panamericano de Estudios e Investigaciones Geogr\u00e1ficas","potentialAction":[{"@type":"SearchAction","target":{"@type":"EntryPoint","urlTemplate":"https:\/\/cepeige.org\/home\/?s={search_term_string}"},"query-input":{"@type":"PropertyValueSpecification","valueRequired":true,"valueName":"search_term_string"}}],"inLanguage":"en-US"}]}},"jetpack_sharing_enabled":true,"_links":{"self":[{"href":"https:\/\/cepeige.org\/home\/wp-json\/wp\/v2\/pages\/2605","targetHints":{"allow":["GET"]}}],"collection":[{"href":"https:\/\/cepeige.org\/home\/wp-json\/wp\/v2\/pages"}],"about":[{"href":"https:\/\/cepeige.org\/home\/wp-json\/wp\/v2\/types\/page"}],"author":[{"embeddable":true,"href":"https:\/\/cepeige.org\/home\/wp-json\/wp\/v2\/users\/1"}],"replies":[{"embeddable":true,"href":"https:\/\/cepeige.org\/home\/wp-json\/wp\/v2\/comments?post=2605"}],"version-history":[{"count":20,"href":"https:\/\/cepeige.org\/home\/wp-json\/wp\/v2\/pages\/2605\/revisions"}],"predecessor-version":[{"id":2680,"href":"https:\/\/cepeige.org\/home\/wp-json\/wp\/v2\/pages\/2605\/revisions\/2680"}],"wp:attachment":[{"href":"https:\/\/cepeige.org\/home\/wp-json\/wp\/v2\/media?parent=2605"}],"curies":[{"name":"wp","href":"https:\/\/api.w.org\/{rel}","templated":true}]}}