{"id":4054,"date":"2026-01-06T14:54:06","date_gmt":"2026-01-06T14:54:06","guid":{"rendered":"https:\/\/cepeige.org\/home\/?page_id=4054"},"modified":"2026-01-07T13:57:18","modified_gmt":"2026-01-07T13:57:18","slug":"publicaciones-academicas-curso-panamericano","status":"publish","type":"page","link":"https:\/\/cepeige.org\/home\/publicaciones-academicas-curso-panamericano\/","title":{"rendered":"Publicaciones Acad\u00e9micas \u2013 Curso Panamericano"},"content":{"rendered":"\t\t<div data-elementor-type=\"wp-page\" data-elementor-id=\"4054\" class=\"elementor elementor-4054\" data-elementor-post-type=\"page\">\n\t\t\t\t\t\t<section class=\"elementor-section elementor-top-section elementor-element elementor-element-c58d4ae elementor-section-boxed elementor-section-height-default elementor-section-height-default wpr-particle-no wpr-jarallax-no wpr-parallax-no wpr-sticky-section-no wpr-equal-height-no\" data-id=\"c58d4ae\" data-element_type=\"section\" data-e-type=\"section\">\n\t\t\t\t\t\t<div class=\"elementor-container elementor-column-gap-default\">\n\t\t\t\t\t<div class=\"elementor-column elementor-col-100 elementor-top-column elementor-element elementor-element-661f0d7\" data-id=\"661f0d7\" data-element_type=\"column\" data-e-type=\"column\">\n\t\t\t<div class=\"elementor-widget-wrap elementor-element-populated\">\n\t\t\t\t\t\t<div class=\"elementor-element elementor-element-0fb2995 elementor-widget elementor-widget-heading\" data-id=\"0fb2995\" data-element_type=\"widget\" data-e-type=\"widget\" data-widget_type=\"heading.default\">\n\t\t\t\t<div class=\"elementor-widget-container\">\n\t\t\t\t\t<h2 class=\"elementor-heading-title elementor-size-default\">Repositorio Acad\u00e9mico 2025\n<\/h2>\t\t\t\t<\/div>\n\t\t\t\t<\/div>\n\t\t\t\t\t<\/div>\n\t\t<\/div>\n\t\t\t\t\t<\/div>\n\t\t<\/section>\n\t\t\t\t<section class=\"elementor-section elementor-top-section elementor-element elementor-element-796a2e2 elementor-section-boxed elementor-section-height-default elementor-section-height-default wpr-particle-no wpr-jarallax-no wpr-parallax-no wpr-sticky-section-no wpr-equal-height-no\" data-id=\"796a2e2\" data-element_type=\"section\" data-e-type=\"section\">\n\t\t\t\t\t\t<div class=\"elementor-container elementor-column-gap-default\">\n\t\t\t\t\t<div class=\"elementor-column elementor-col-100 elementor-top-column elementor-element elementor-element-e68689b\" data-id=\"e68689b\" data-element_type=\"column\" data-e-type=\"column\">\n\t\t\t<div class=\"elementor-widget-wrap elementor-element-populated\">\n\t\t\t\t\t\t<div class=\"elementor-element elementor-element-79d1c5c elementor-widget elementor-widget-heading\" data-id=\"79d1c5c\" data-element_type=\"widget\" data-e-type=\"widget\" data-widget_type=\"heading.default\">\n\t\t\t\t<div class=\"elementor-widget-container\">\n\t\t\t\t\t<h5 class=\"elementor-heading-title elementor-size-default\">En esta secci\u00f3n se presentan las investigaciones desarrolladas en el marco acad\u00e9mico del 51.\u00ba Curso Panamericano de Geograf\u00eda Aplicada, organizado por el Centro Panamericano de Estudios e Investigaciones Geogr\u00e1ficas (CEPEIGE).\n\nLos trabajos reflejan el an\u00e1lisis, la aplicaci\u00f3n metodol\u00f3gica y los aportes acad\u00e9micos de los participantes, orientados al estudio de problem\u00e1ticas territoriales, socioecon\u00f3micas y ambientales en los pa\u00edses de la regi\u00f3n panamericana.<\/h5>\t\t\t\t<\/div>\n\t\t\t\t<\/div>\n\t\t\t\t\t<\/div>\n\t\t<\/div>\n\t\t\t\t\t<\/div>\n\t\t<\/section>\n\t\t\t\t<section class=\"elementor-section elementor-top-section elementor-element elementor-element-fff67d3 elementor-section-boxed elementor-section-height-default elementor-section-height-default wpr-particle-no wpr-jarallax-no wpr-parallax-no wpr-sticky-section-no wpr-equal-height-no\" data-id=\"fff67d3\" data-element_type=\"section\" data-e-type=\"section\">\n\t\t\t\t\t\t<div class=\"elementor-container elementor-column-gap-default\">\n\t\t\t\t\t<div class=\"elementor-column elementor-col-50 elementor-top-column elementor-element elementor-element-8d99b4a\" data-id=\"8d99b4a\" data-element_type=\"column\" data-e-type=\"column\">\n\t\t\t<div class=\"elementor-widget-wrap elementor-element-populated\">\n\t\t\t\t\t\t<div class=\"elementor-element elementor-element-3d8d1c9 elementor-widget elementor-widget-text-editor\" data-id=\"3d8d1c9\" data-element_type=\"widget\" data-e-type=\"widget\" data-widget_type=\"text-editor.default\">\n\t\t\t\t<div class=\"elementor-widget-container\">\n\t\t\t\t\t\t\t\t\t<p data-start=\"2927\" data-end=\"2937\"><strong data-start=\"2927\" data-end=\"2937\">T\u00edtulo<\/strong><\/p><blockquote data-start=\"2938\" data-end=\"3019\"><p data-start=\"2940\" data-end=\"3019\"><strong data-start=\"2940\" data-end=\"3019\">Vulnerabilidad socioecon\u00f3mica y gesti\u00f3n postdesastre en Pisco \u2013 Per\u00fa (2007)<\/strong><\/p><\/blockquote><p data-start=\"3021\" data-end=\"3032\"><strong data-start=\"3021\" data-end=\"3032\">Autores<\/strong><\/p><blockquote data-start=\"3033\" data-end=\"3170\"><p data-start=\"3035\" data-end=\"3170\">Ciro Sierra Farf\u00e1n; Desiree Estilita Alvarado C\u00f3rdova; Fernando Antonio Molina Shullca; Jhon V\u00edctor Candelario; Jos\u00e9 Ram\u00f3n Chire Chira.<\/p><\/blockquote><p data-start=\"3172\" data-end=\"3192\"><strong data-start=\"3172\" data-end=\"3192\">Datos acad\u00e9micos<\/strong><\/p><ul data-start=\"3193\" data-end=\"3328\"><li data-start=\"3193\" data-end=\"3211\"><p data-start=\"3195\" data-end=\"3211\"><strong data-start=\"3195\" data-end=\"3204\">Pa\u00eds:<\/strong> Per\u00fa<\/p><\/li><li data-start=\"3212\" data-end=\"3249\"><p data-start=\"3214\" data-end=\"3249\"><strong data-start=\"3214\" data-end=\"3228\">Modalidad:<\/strong> Art\u00edculo acad\u00e9mico<\/p><\/li><li data-start=\"3250\" data-end=\"3310\"><p data-start=\"3252\" data-end=\"3310\"><strong data-start=\"3252\" data-end=\"3262\">Curso:<\/strong> 51.\u00ba Curso Panamericano de Geograf\u00eda Aplicada<\/p><\/li><li data-start=\"3311\" data-end=\"3328\"><p data-start=\"3313\" data-end=\"3328\"><strong data-start=\"3313\" data-end=\"3321\">A\u00f1o:<\/strong> 2025<\/p><\/li><\/ul>\t\t\t\t\t\t\t\t<\/div>\n\t\t\t\t<\/div>\n\t\t\t\t<div class=\"elementor-element elementor-element-6859a5b elementor-align-center elementor-widget elementor-widget-button\" data-id=\"6859a5b\" data-element_type=\"widget\" data-e-type=\"widget\" data-widget_type=\"button.default\">\n\t\t\t\t<div class=\"elementor-widget-container\">\n\t\t\t\t\t\t\t\t\t<div class=\"elementor-button-wrapper\">\n\t\t\t\t\t<a class=\"elementor-button elementor-button-link elementor-size-sm\" href=\"https:\/\/nuevo.cepeige.org\/wp-content\/uploads\/2026\/01\/Monografia_Peru.pdf\">\n\t\t\t\t\t\t<span class=\"elementor-button-content-wrapper\">\n\t\t\t\t\t\t\t\t\t<span class=\"elementor-button-text\">Descargar PDF<\/span>\n\t\t\t\t\t<\/span>\n\t\t\t\t\t<\/a>\n\t\t\t\t<\/div>\n\t\t\t\t\t\t\t\t<\/div>\n\t\t\t\t<\/div>\n\t\t\t\t<div class=\"elementor-element elementor-element-8687bda elementor-widget elementor-widget-text-editor\" data-id=\"8687bda\" data-element_type=\"widget\" data-e-type=\"widget\" data-widget_type=\"text-editor.default\">\n\t\t\t\t<div class=\"elementor-widget-container\">\n\t\t\t\t\t\t\t\t\t<p data-start=\"2927\" data-end=\"2937\"><strong data-start=\"2927\" data-end=\"2937\">T\u00edtulo<\/strong><\/p><blockquote data-start=\"2938\" data-end=\"3019\"><p data-start=\"2940\" data-end=\"3019\"><strong data-start=\"2940\" data-end=\"3019\">Metodolog\u00eda para el dise\u00f1o de un Sistema de Alerta<br \/>Temprana Multiamenaza. Caso: Armero \u2013 R\u00edo Lagunilla\u00a0<\/strong><\/p><\/blockquote><p data-start=\"3021\" data-end=\"3032\"><strong data-start=\"3021\" data-end=\"3032\">Autores<\/strong><\/p><blockquote data-start=\"3033\" data-end=\"3170\"><p data-start=\"3035\" data-end=\"3170\">Diego Zafra Otero, Maria Camila Lima Amara, Srahyrlandy Roc\u00edo D\u00edaz S\u00e1nchez, Ra\u00fal Andr\u00e9s Benavides Puerto.<\/p><\/blockquote><p data-start=\"3172\" data-end=\"3192\"><strong data-start=\"3172\" data-end=\"3192\">Datos acad\u00e9micos<\/strong><\/p><ul data-start=\"3193\" data-end=\"3328\"><li data-start=\"3193\" data-end=\"3211\"><p data-start=\"3195\" data-end=\"3211\"><strong data-start=\"3195\" data-end=\"3204\">Pa\u00eds:<\/strong> Colombia<\/p><\/li><li data-start=\"3212\" data-end=\"3249\"><p data-start=\"3214\" data-end=\"3249\"><strong data-start=\"3214\" data-end=\"3228\">Modalidad:<\/strong> Art\u00edculo acad\u00e9mico<\/p><\/li><li data-start=\"3250\" data-end=\"3310\"><p data-start=\"3252\" data-end=\"3310\"><strong data-start=\"3252\" data-end=\"3262\">Curso:<\/strong> 51.\u00ba Curso Panamericano de Geograf\u00eda Aplicada<\/p><\/li><li data-start=\"3311\" data-end=\"3328\"><p data-start=\"3313\" data-end=\"3328\"><strong data-start=\"3313\" data-end=\"3321\">A\u00f1o:<\/strong> 2025<\/p><\/li><\/ul>\t\t\t\t\t\t\t\t<\/div>\n\t\t\t\t<\/div>\n\t\t\t\t<div class=\"elementor-element elementor-element-202632e elementor-align-center elementor-widget elementor-widget-button\" data-id=\"202632e\" data-element_type=\"widget\" data-e-type=\"widget\" data-widget_type=\"button.default\">\n\t\t\t\t<div class=\"elementor-widget-container\">\n\t\t\t\t\t\t\t\t\t<div class=\"elementor-button-wrapper\">\n\t\t\t\t\t<a class=\"elementor-button elementor-button-link elementor-size-sm\" href=\"https:\/\/cepeige.org\/home\/wp-content\/uploads\/2026\/01\/Trabajo_final_Articulo_SAT_Multiamenaza_Armero_RioLagunilla_COLOMBIA.docx.pdf\">\n\t\t\t\t\t\t<span class=\"elementor-button-content-wrapper\">\n\t\t\t\t\t\t\t\t\t<span class=\"elementor-button-text\">Descargar PDF<\/span>\n\t\t\t\t\t<\/span>\n\t\t\t\t\t<\/a>\n\t\t\t\t<\/div>\n\t\t\t\t\t\t\t\t<\/div>\n\t\t\t\t<\/div>\n\t\t\t\t\t<\/div>\n\t\t<\/div>\n\t\t\t\t<div class=\"elementor-column elementor-col-50 elementor-top-column elementor-element elementor-element-ce19293\" data-id=\"ce19293\" data-element_type=\"column\" data-e-type=\"column\">\n\t\t\t<div class=\"elementor-widget-wrap elementor-element-populated\">\n\t\t\t\t\t\t<div class=\"elementor-element elementor-element-d44eb0e elementor--h-position-center elementor--v-position-middle elementor-arrows-position-inside elementor-pagination-position-inside elementor-widget elementor-widget-slides\" data-id=\"d44eb0e\" data-element_type=\"widget\" data-e-type=\"widget\" data-settings=\"{&quot;navigation&quot;:&quot;both&quot;,&quot;autoplay&quot;:&quot;yes&quot;,&quot;pause_on_hover&quot;:&quot;yes&quot;,&quot;pause_on_interaction&quot;:&quot;yes&quot;,&quot;autoplay_speed&quot;:5000,&quot;infinite&quot;:&quot;yes&quot;,&quot;transition&quot;:&quot;slide&quot;,&quot;transition_speed&quot;:500}\" data-widget_type=\"slides.default\">\n\t\t\t\t<div class=\"elementor-widget-container\">\n\t\t\t\t\t\t\t\t\t<div class=\"elementor-swiper\">\n\t\t\t\t\t<div class=\"elementor-slides-wrapper elementor-main-swiper swiper\" role=\"region\" aria-roledescription=\"carousel\" aria-label=\"Slides\" dir=\"ltr\" data-animation=\"fadeInUp\">\n\t\t\t\t<div class=\"swiper-wrapper elementor-slides\">\n\t\t\t\t\t\t\t\t\t\t<div class=\"elementor-repeater-item-d476a7b swiper-slide\" role=\"group\" aria-roledescription=\"slide\"><div class=\"swiper-slide-bg\" role=\"img\" aria-label=\"aa38a097-e32a-471a-9620-9242463aba43\"><\/div><div class=\"swiper-slide-inner\" ><div class=\"swiper-slide-contents\"><\/div><\/div><\/div><div class=\"elementor-repeater-item-8bd33d3 swiper-slide\" role=\"group\" aria-roledescription=\"slide\"><div class=\"swiper-slide-bg\" role=\"img\" aria-label=\"Captura de pantalla 2025-12-22 111925\"><\/div><div class=\"swiper-slide-inner\" ><div class=\"swiper-slide-contents\"><\/div><\/div><\/div>\t\t\t\t<\/div>\n\t\t\t\t\t\t\t\t\t\t\t\t\t\t\t<div class=\"elementor-swiper-button elementor-swiper-button-prev\" role=\"button\" tabindex=\"0\" aria-label=\"Previous slide\">\n\t\t\t\t\t\t\t<i aria-hidden=\"true\" class=\"eicon-chevron-left\"><\/i>\t\t\t\t\t\t<\/div>\n\t\t\t\t\t\t<div class=\"elementor-swiper-button elementor-swiper-button-next\" role=\"button\" tabindex=\"0\" aria-label=\"Next slide\">\n\t\t\t\t\t\t\t<i aria-hidden=\"true\" class=\"eicon-chevron-right\"><\/i>\t\t\t\t\t\t<\/div>\n\t\t\t\t\t\t\t\t\t\t\t\t\t\t\t\t<div class=\"swiper-pagination\"><\/div>\n\t\t\t\t\t\t\t\t\t\t\t\t<\/div>\n\t\t\t\t<\/div>\n\t\t\t\t\t\t\t\t<\/div>\n\t\t\t\t<\/div>\n\t\t\t\t<div class=\"elementor-element elementor-element-4695898 elementor-widget elementor-widget-image\" data-id=\"4695898\" data-element_type=\"widget\" data-e-type=\"widget\" data-widget_type=\"image.default\">\n\t\t\t\t<div class=\"elementor-widget-container\">\n\t\t\t\t\t\t\t\t\t\t\t\t\t\t\t<img fetchpriority=\"high\" decoding=\"async\" width=\"651\" height=\"537\" src=\"https:\/\/i0.wp.com\/cepeige.org\/home\/wp-content\/uploads\/2026\/01\/Captura-de-pantalla-2026-01-06-084945.png?fit=651%2C537&amp;ssl=1\" class=\"attachment-large size-large wp-image-4032\" alt=\"\" srcset=\"https:\/\/i0.wp.com\/cepeige.org\/home\/wp-content\/uploads\/2026\/01\/Captura-de-pantalla-2026-01-06-084945.png?w=651&amp;ssl=1 651w, https:\/\/i0.wp.com\/cepeige.org\/home\/wp-content\/uploads\/2026\/01\/Captura-de-pantalla-2026-01-06-084945.png?resize=300%2C247&amp;ssl=1 300w\" sizes=\"(max-width: 651px) 100vw, 651px\" \/>\t\t\t\t\t\t\t\t\t\t\t\t\t\t\t<\/div>\n\t\t\t\t<\/div>\n\t\t\t\t\t<\/div>\n\t\t<\/div>\n\t\t\t\t\t<\/div>\n\t\t<\/section>\n\t\t\t\t<\/div>\n\t\t","protected":false},"excerpt":{"rendered":"<p>Repositorio Acad\u00e9mico 2025 En esta secci\u00f3n se presentan las investigaciones desarrolladas en el marco acad\u00e9mico del 51.\u00ba Curso Panamericano de Geograf\u00eda Aplicada, organizado por el Centro Panamericano de Estudios e Investigaciones Geogr\u00e1ficas (CEPEIGE). Los trabajos reflejan el an\u00e1lisis, la aplicaci\u00f3n metodol\u00f3gica y los aportes acad\u00e9micos de los participantes, orientados al estudio de problem\u00e1ticas territoriales, socioecon\u00f3micas y ambientales en los pa\u00edses de la regi\u00f3n panamericana. T\u00edtulo Vulnerabilidad socioecon\u00f3mica y gesti\u00f3n postdesastre en Pisco \u2013 Per\u00fa (2007) Autores Ciro Sierra Farf\u00e1n; Desiree Estilita Alvarado C\u00f3rdova; Fernando Antonio Molina Shullca; Jhon V\u00edctor Candelario; Jos\u00e9 Ram\u00f3n Chire Chira. Datos acad\u00e9micos Pa\u00eds: Per\u00fa Modalidad: Art\u00edculo<\/p>\n","protected":false},"author":1,"featured_media":0,"parent":0,"menu_order":0,"comment_status":"closed","ping_status":"closed","template":"","meta":{"nf_dc_page":"","_eb_attr":"","om_disable_all_campaigns":false,"_monsterinsights_skip_tracking":false,"_monsterinsights_sitenote_active":false,"_monsterinsights_sitenote_note":"","_monsterinsights_sitenote_category":0,"_uf_show_specific_survey":0,"_uf_disable_surveys":false,"footnotes":""},"class_list":["post-4054","page","type-page","status-publish","hentry"],"yoast_head":"<!-- This site is optimized with the Yoast SEO plugin v27.4 - https:\/\/yoast.com\/product\/yoast-seo-wordpress\/ -->\n<title>Publicaciones Acad\u00e9micas \u2013 Curso Panamericano - CEPEIGE<\/title>\n<meta name=\"robots\" content=\"index, follow, max-snippet:-1, max-image-preview:large, max-video-preview:-1\" \/>\n<link rel=\"canonical\" href=\"https:\/\/cepeige.org\/home\/publicaciones-academicas-curso-panamericano\/\" \/>\n<meta property=\"og:locale\" content=\"en_US\" \/>\n<meta property=\"og:type\" content=\"article\" \/>\n<meta property=\"og:title\" content=\"Publicaciones Acad\u00e9micas \u2013 Curso Panamericano - CEPEIGE\" \/>\n<meta property=\"og:description\" content=\"Repositorio Acad\u00e9mico 2025 En esta secci\u00f3n se presentan las investigaciones desarrolladas en el marco acad\u00e9mico del 51.\u00ba Curso Panamericano de Geograf\u00eda Aplicada, organizado por el Centro Panamericano de Estudios e Investigaciones Geogr\u00e1ficas (CEPEIGE). Los trabajos reflejan el an\u00e1lisis, la aplicaci\u00f3n metodol\u00f3gica y los aportes acad\u00e9micos de los participantes, orientados al estudio de problem\u00e1ticas territoriales, socioecon\u00f3micas y ambientales en los pa\u00edses de la regi\u00f3n panamericana. T\u00edtulo Vulnerabilidad socioecon\u00f3mica y gesti\u00f3n postdesastre en Pisco \u2013 Per\u00fa (2007) Autores Ciro Sierra Farf\u00e1n; Desiree Estilita Alvarado C\u00f3rdova; Fernando Antonio Molina Shullca; Jhon V\u00edctor Candelario; Jos\u00e9 Ram\u00f3n Chire Chira. Datos acad\u00e9micos Pa\u00eds: Per\u00fa Modalidad: Art\u00edculo\" \/>\n<meta property=\"og:url\" content=\"https:\/\/cepeige.org\/home\/publicaciones-academicas-curso-panamericano\/\" \/>\n<meta property=\"og:site_name\" content=\"CEPEIGE\" \/>\n<meta property=\"article:modified_time\" content=\"2026-01-07T13:57:18+00:00\" \/>\n<meta property=\"og:image\" content=\"https:\/\/cepeige.org\/home\/wp-content\/uploads\/2026\/01\/Captura-de-pantalla-2026-01-06-084945.png\" \/>\n<meta name=\"twitter:card\" content=\"summary_large_image\" \/>\n<meta name=\"twitter:label1\" content=\"Est. reading time\" \/>\n\t<meta name=\"twitter:data1\" content=\"1 minute\" \/>\n<script type=\"application\/ld+json\" class=\"yoast-schema-graph\">{\"@context\":\"https:\\\/\\\/schema.org\",\"@graph\":[{\"@type\":\"WebPage\",\"@id\":\"https:\\\/\\\/cepeige.org\\\/home\\\/publicaciones-academicas-curso-panamericano\\\/\",\"url\":\"https:\\\/\\\/cepeige.org\\\/home\\\/publicaciones-academicas-curso-panamericano\\\/\",\"name\":\"Publicaciones Acad\u00e9micas \u2013 Curso Panamericano - CEPEIGE\",\"isPartOf\":{\"@id\":\"https:\\\/\\\/cepeige.org\\\/home\\\/#website\"},\"primaryImageOfPage\":{\"@id\":\"https:\\\/\\\/cepeige.org\\\/home\\\/publicaciones-academicas-curso-panamericano\\\/#primaryimage\"},\"image\":{\"@id\":\"https:\\\/\\\/cepeige.org\\\/home\\\/publicaciones-academicas-curso-panamericano\\\/#primaryimage\"},\"thumbnailUrl\":\"https:\\\/\\\/cepeige.org\\\/home\\\/wp-content\\\/uploads\\\/2026\\\/01\\\/Captura-de-pantalla-2026-01-06-084945.png\",\"datePublished\":\"2026-01-06T14:54:06+00:00\",\"dateModified\":\"2026-01-07T13:57:18+00:00\",\"breadcrumb\":{\"@id\":\"https:\\\/\\\/cepeige.org\\\/home\\\/publicaciones-academicas-curso-panamericano\\\/#breadcrumb\"},\"inLanguage\":\"en-US\",\"potentialAction\":[{\"@type\":\"ReadAction\",\"target\":[\"https:\\\/\\\/cepeige.org\\\/home\\\/publicaciones-academicas-curso-panamericano\\\/\"]}]},{\"@type\":\"ImageObject\",\"inLanguage\":\"en-US\",\"@id\":\"https:\\\/\\\/cepeige.org\\\/home\\\/publicaciones-academicas-curso-panamericano\\\/#primaryimage\",\"url\":\"https:\\\/\\\/i0.wp.com\\\/cepeige.org\\\/home\\\/wp-content\\\/uploads\\\/2026\\\/01\\\/Captura-de-pantalla-2026-01-06-084945.png?fit=651%2C537&ssl=1\",\"contentUrl\":\"https:\\\/\\\/i0.wp.com\\\/cepeige.org\\\/home\\\/wp-content\\\/uploads\\\/2026\\\/01\\\/Captura-de-pantalla-2026-01-06-084945.png?fit=651%2C537&ssl=1\",\"width\":651,\"height\":537},{\"@type\":\"BreadcrumbList\",\"@id\":\"https:\\\/\\\/cepeige.org\\\/home\\\/publicaciones-academicas-curso-panamericano\\\/#breadcrumb\",\"itemListElement\":[{\"@type\":\"ListItem\",\"position\":1,\"name\":\"Home\",\"item\":\"https:\\\/\\\/cepeige.org\\\/home\\\/\"},{\"@type\":\"ListItem\",\"position\":2,\"name\":\"Publicaciones Acad\u00e9micas \u2013 Curso Panamericano\"}]},{\"@type\":\"WebSite\",\"@id\":\"https:\\\/\\\/cepeige.org\\\/home\\\/#website\",\"url\":\"https:\\\/\\\/cepeige.org\\\/home\\\/\",\"name\":\"CEPEIGE\",\"description\":\"Centro Panamericano de Estudios e Investigaciones Geogr\u00e1ficas\",\"potentialAction\":[{\"@type\":\"SearchAction\",\"target\":{\"@type\":\"EntryPoint\",\"urlTemplate\":\"https:\\\/\\\/cepeige.org\\\/home\\\/?s={search_term_string}\"},\"query-input\":{\"@type\":\"PropertyValueSpecification\",\"valueRequired\":true,\"valueName\":\"search_term_string\"}}],\"inLanguage\":\"en-US\"}]}<\/script>\n<!-- \/ Yoast SEO plugin. -->","yoast_head_json":{"title":"Publicaciones Acad\u00e9micas \u2013 Curso Panamericano - CEPEIGE","robots":{"index":"index","follow":"follow","max-snippet":"max-snippet:-1","max-image-preview":"max-image-preview:large","max-video-preview":"max-video-preview:-1"},"canonical":"https:\/\/cepeige.org\/home\/publicaciones-academicas-curso-panamericano\/","og_locale":"en_US","og_type":"article","og_title":"Publicaciones Acad\u00e9micas \u2013 Curso Panamericano - CEPEIGE","og_description":"Repositorio Acad\u00e9mico 2025 En esta secci\u00f3n se presentan las investigaciones desarrolladas en el marco acad\u00e9mico del 51.\u00ba Curso Panamericano de Geograf\u00eda Aplicada, organizado por el Centro Panamericano de Estudios e Investigaciones Geogr\u00e1ficas (CEPEIGE). Los trabajos reflejan el an\u00e1lisis, la aplicaci\u00f3n metodol\u00f3gica y los aportes acad\u00e9micos de los participantes, orientados al estudio de problem\u00e1ticas territoriales, socioecon\u00f3micas y ambientales en los pa\u00edses de la regi\u00f3n panamericana. T\u00edtulo Vulnerabilidad socioecon\u00f3mica y gesti\u00f3n postdesastre en Pisco \u2013 Per\u00fa (2007) Autores Ciro Sierra Farf\u00e1n; Desiree Estilita Alvarado C\u00f3rdova; Fernando Antonio Molina Shullca; Jhon V\u00edctor Candelario; Jos\u00e9 Ram\u00f3n Chire Chira. Datos acad\u00e9micos Pa\u00eds: Per\u00fa Modalidad: Art\u00edculo","og_url":"https:\/\/cepeige.org\/home\/publicaciones-academicas-curso-panamericano\/","og_site_name":"CEPEIGE","article_modified_time":"2026-01-07T13:57:18+00:00","og_image":[{"url":"https:\/\/cepeige.org\/home\/wp-content\/uploads\/2026\/01\/Captura-de-pantalla-2026-01-06-084945.png","type":"","width":"","height":""}],"twitter_card":"summary_large_image","twitter_misc":{"Est. reading time":"1 minute"},"schema":{"@context":"https:\/\/schema.org","@graph":[{"@type":"WebPage","@id":"https:\/\/cepeige.org\/home\/publicaciones-academicas-curso-panamericano\/","url":"https:\/\/cepeige.org\/home\/publicaciones-academicas-curso-panamericano\/","name":"Publicaciones Acad\u00e9micas \u2013 Curso Panamericano - CEPEIGE","isPartOf":{"@id":"https:\/\/cepeige.org\/home\/#website"},"primaryImageOfPage":{"@id":"https:\/\/cepeige.org\/home\/publicaciones-academicas-curso-panamericano\/#primaryimage"},"image":{"@id":"https:\/\/cepeige.org\/home\/publicaciones-academicas-curso-panamericano\/#primaryimage"},"thumbnailUrl":"https:\/\/cepeige.org\/home\/wp-content\/uploads\/2026\/01\/Captura-de-pantalla-2026-01-06-084945.png","datePublished":"2026-01-06T14:54:06+00:00","dateModified":"2026-01-07T13:57:18+00:00","breadcrumb":{"@id":"https:\/\/cepeige.org\/home\/publicaciones-academicas-curso-panamericano\/#breadcrumb"},"inLanguage":"en-US","potentialAction":[{"@type":"ReadAction","target":["https:\/\/cepeige.org\/home\/publicaciones-academicas-curso-panamericano\/"]}]},{"@type":"ImageObject","inLanguage":"en-US","@id":"https:\/\/cepeige.org\/home\/publicaciones-academicas-curso-panamericano\/#primaryimage","url":"https:\/\/i0.wp.com\/cepeige.org\/home\/wp-content\/uploads\/2026\/01\/Captura-de-pantalla-2026-01-06-084945.png?fit=651%2C537&ssl=1","contentUrl":"https:\/\/i0.wp.com\/cepeige.org\/home\/wp-content\/uploads\/2026\/01\/Captura-de-pantalla-2026-01-06-084945.png?fit=651%2C537&ssl=1","width":651,"height":537},{"@type":"BreadcrumbList","@id":"https:\/\/cepeige.org\/home\/publicaciones-academicas-curso-panamericano\/#breadcrumb","itemListElement":[{"@type":"ListItem","position":1,"name":"Home","item":"https:\/\/cepeige.org\/home\/"},{"@type":"ListItem","position":2,"name":"Publicaciones Acad\u00e9micas \u2013 Curso Panamericano"}]},{"@type":"WebSite","@id":"https:\/\/cepeige.org\/home\/#website","url":"https:\/\/cepeige.org\/home\/","name":"CEPEIGE","description":"Centro Panamericano de Estudios e Investigaciones Geogr\u00e1ficas","potentialAction":[{"@type":"SearchAction","target":{"@type":"EntryPoint","urlTemplate":"https:\/\/cepeige.org\/home\/?s={search_term_string}"},"query-input":{"@type":"PropertyValueSpecification","valueRequired":true,"valueName":"search_term_string"}}],"inLanguage":"en-US"}]}},"jetpack_sharing_enabled":true,"_links":{"self":[{"href":"https:\/\/cepeige.org\/home\/wp-json\/wp\/v2\/pages\/4054","targetHints":{"allow":["GET"]}}],"collection":[{"href":"https:\/\/cepeige.org\/home\/wp-json\/wp\/v2\/pages"}],"about":[{"href":"https:\/\/cepeige.org\/home\/wp-json\/wp\/v2\/types\/page"}],"author":[{"embeddable":true,"href":"https:\/\/cepeige.org\/home\/wp-json\/wp\/v2\/users\/1"}],"replies":[{"embeddable":true,"href":"https:\/\/cepeige.org\/home\/wp-json\/wp\/v2\/comments?post=4054"}],"version-history":[{"count":13,"href":"https:\/\/cepeige.org\/home\/wp-json\/wp\/v2\/pages\/4054\/revisions"}],"predecessor-version":[{"id":4075,"href":"https:\/\/cepeige.org\/home\/wp-json\/wp\/v2\/pages\/4054\/revisions\/4075"}],"wp:attachment":[{"href":"https:\/\/cepeige.org\/home\/wp-json\/wp\/v2\/media?parent=4054"}],"curies":[{"name":"wp","href":"https:\/\/api.w.org\/{rel}","templated":true}]}}