{"id":414,"date":"2024-01-18T17:40:15","date_gmt":"2024-01-18T17:40:15","guid":{"rendered":"https:\/\/cepeige.org\/home\/?page_id=414"},"modified":"2025-05-28T17:09:35","modified_gmt":"2025-05-28T17:09:35","slug":"registro","status":"publish","type":"page","link":"https:\/\/cepeige.org\/home\/registro\/","title":{"rendered":"Inscripci\u00f3n de participantes"},"content":{"rendered":"\t\t<div data-elementor-type=\"wp-page\" data-elementor-id=\"414\" class=\"elementor elementor-414\" data-elementor-post-type=\"page\">\n\t\t\t\t\t\t<section class=\"elementor-section elementor-top-section elementor-element elementor-element-4ec33f8 elementor-section-boxed elementor-section-height-default elementor-section-height-default wpr-particle-no wpr-jarallax-no wpr-parallax-no wpr-sticky-section-no wpr-equal-height-no\" data-id=\"4ec33f8\" data-element_type=\"section\" data-e-type=\"section\">\n\t\t\t\t\t\t<div class=\"elementor-container elementor-column-gap-default\">\n\t\t\t\t\t<div class=\"elementor-column elementor-col-50 elementor-top-column elementor-element elementor-element-0851850\" data-id=\"0851850\" data-element_type=\"column\" data-e-type=\"column\" data-settings=\"{&quot;background_background&quot;:&quot;classic&quot;}\">\n\t\t\t<div class=\"elementor-widget-wrap elementor-element-populated\">\n\t\t\t\t\t\t<div class=\"elementor-element elementor-element-7e748a2 elementor-widget elementor-widget-text-editor\" data-id=\"7e748a2\" data-element_type=\"widget\" data-e-type=\"widget\" data-widget_type=\"text-editor.default\">\n\t\t\t\t<div class=\"elementor-widget-container\">\n\t\t\t\t\t\t\t\t\t<h3 data-start=\"145\" data-end=\"182\"><strong data-start=\"151\" data-end=\"182\"><span class=\"_fadeIn_m1hgl_8\">\u00bf<\/span><span class=\"_fadeIn_m1hgl_8\">C\u00f3mo <\/span><span class=\"_fadeIn_m1hgl_8\">inscribirse <\/span><span class=\"_fadeIn_m1hgl_8\">al <\/span><span class=\"_fadeIn_m1hgl_8\">curso?<\/span><\/strong><\/h3><p data-start=\"184\" data-end=\"212\"><span class=\"_fadeIn_m1hgl_8\">Sigue <\/span><span class=\"_fadeIn_m1hgl_8\">estos <\/span><span class=\"_fadeIn_m1hgl_8\">sencillos <\/span><span class=\"_fadeIn_m1hgl_8\">pasos:<\/span><\/p><ol data-start=\"214\" data-end=\"471\"><li data-start=\"214\" data-end=\"261\"><p data-start=\"217\" data-end=\"261\"><strong data-start=\"217\" data-end=\"259\"><span class=\"_fadeIn_m1hgl_8\">Completa <\/span><span class=\"_fadeIn_m1hgl_8\">el <\/span><span class=\"_fadeIn_m1hgl_8\">formulario <\/span><span class=\"_fadeIn_m1hgl_8\">de <\/span><span class=\"_fadeIn_m1hgl_8\">inscripci\u00f3n.<\/span><\/strong><\/p><\/li><li data-start=\"262\" data-end=\"361\"><p data-start=\"265\" data-end=\"361\"><strong data-start=\"265\" data-end=\"299\"><span class=\"_fadeIn_m1hgl_8\">Adjunta <\/span><span class=\"_fadeIn_m1hgl_8\">el <\/span><span class=\"_fadeIn_m1hgl_8\">comprobante <\/span><span class=\"_fadeIn_m1hgl_8\">de <\/span><span class=\"_fadeIn_m1hgl_8\">pago<\/span><\/strong> <span class=\"_fadeIn_m1hgl_8\">dentro <\/span><span class=\"_fadeIn_m1hgl_8\">del <\/span><span class=\"_fadeIn_m1hgl_8\">formulario (<\/span><span class=\"_fadeIn_m1hgl_8\">formatos <\/span><span class=\"_fadeIn_m1hgl_8\">aceptados: <\/span><span class=\"_fadeIn_m1hgl_8\">PDF, <\/span><span class=\"_fadeIn_m1hgl_8\">PNG <\/span><span class=\"_fadeIn_m1hgl_8\">o <\/span><span class=\"_fadeIn_m1hgl_8\">JPG).<\/span><\/p><\/li><li data-start=\"362\" data-end=\"471\"><p data-start=\"365\" data-end=\"471\"><strong data-start=\"365\" data-end=\"405\"><span class=\"_fadeIn_m1hgl_8\">Recibir\u00e1s <\/span><span class=\"_fadeIn_m1hgl_8\">tus <\/span><span class=\"_fadeIn_m1hgl_8\">credenciales <\/span><span class=\"_fadeIn_m1hgl_8\">de <\/span><span class=\"_fadeIn_m1hgl_8\">acceso<\/span><\/strong> <span class=\"_fadeIn_m1hgl_8\">por <\/span><span class=\"_fadeIn_m1hgl_8\">correo <\/span><span class=\"_fadeIn_m1hgl_8\">electr\u00f3nico <\/span><span class=\"_fadeIn_m1hgl_8\">o <\/span><span class=\"_fadeIn_m1hgl_8\">WhatsApp <\/span><strong data-start=\"440\" data-end=\"470\"><span class=\"_fadeIn_m1hgl_8\">antes <\/span><span class=\"_fadeIn_m1hgl_8\">del <\/span><span class=\"_fadeIn_m1hgl_8\">inicio <\/span><span class=\"_fadeIn_m1hgl_8\">del <\/span><span class=\"_fadeIn_m1hgl_8\">curso<\/span><\/strong><span class=\"_fadeIn_m1hgl_8\">.<\/span><\/p><\/li><\/ol><blockquote data-start=\"473\" data-end=\"589\"><p data-start=\"475\" data-end=\"589\"><span class=\"_fadeIn_m1hgl_8\">\u26a0\ufe0f <\/span><em data-start=\"478\" data-end=\"589\"><span class=\"_fadeIn_m1hgl_8\">Si <\/span><span class=\"_fadeIn_m1hgl_8\">no <\/span><span class=\"_fadeIn_m1hgl_8\">recibimos <\/span><span class=\"_fadeIn_m1hgl_8\">tu <\/span><span class=\"_fadeIn_m1hgl_8\">comprobante, <\/span><span class=\"_fadeIn_m1hgl_8\">nos <\/span><span class=\"_fadeIn_m1hgl_8\">pondremos <\/span><span class=\"_fadeIn_m1hgl_8\">en <\/span><span class=\"_fadeIn_m1hgl_8\">contacto <\/span><span class=\"_fadeIn_m1hgl_8\">contigo <\/span><span class=\"_fadeIn_m1hgl_8\">por <\/span><span class=\"_fadeIn_m1hgl_8\">WhatsApp <\/span><span class=\"_fadeIn_m1hgl_8\">para <\/span><span class=\"_fadeIn_m1hgl_8\">verificar <\/span><span class=\"_fadeIn_m1hgl_8\">la <\/span><span class=\"_fadeIn_m1hgl_8\">informaci\u00f3n.<\/span><\/em><\/p><\/blockquote>\t\t\t\t\t\t\t\t<\/div>\n\t\t\t\t<\/div>\n\t\t\t\t<div class=\"elementor-element elementor-element-ac4dad8 elementor-widget elementor-widget-text-editor\" data-id=\"ac4dad8\" data-element_type=\"widget\" data-e-type=\"widget\" data-widget_type=\"text-editor.default\">\n\t\t\t\t<div class=\"elementor-widget-container\">\n\t\t\t\t\t\t\t\t\t<h3><strong data-start=\"603\" data-end=\"650\"><span class=\"_fadeIn_m1hgl_8\">\u00bf<\/span><span class=\"_fadeIn_m1hgl_8\">Tienes <\/span><span class=\"_fadeIn_m1hgl_8\">dudas? \u00a1<\/span><span class=\"_fadeIn_m1hgl_8\">Estamos <\/span><span class=\"_fadeIn_m1hgl_8\">aqu\u00ed <\/span><span class=\"_fadeIn_m1hgl_8\">para <\/span><span class=\"_fadeIn_m1hgl_8\">ayudarte!<\/span><\/strong><\/h3><p><span class=\"_fadeIn_m1hgl_8\">Escr\u00edbenos <\/span><span class=\"_fadeIn_m1hgl_8\">directamente <\/span><span class=\"_fadeIn_m1hgl_8\">por <\/span><span class=\"_fadeIn_m1hgl_8\">WhatsApp <\/span><span class=\"_fadeIn_m1hgl_8\">haciendo <\/span><span class=\"_fadeIn_m1hgl_8\">clic <\/span><span class=\"_fadeIn_m1hgl_8\">en <\/span><span class=\"_fadeIn_m1hgl_8\">una <\/span><span class=\"_fadeIn_m1hgl_8\">de <\/span><span class=\"_fadeIn_m1hgl_8\">las <\/span><span class=\"_fadeIn_m1hgl_8\">siguientes <\/span><span class=\"_fadeIn_m1hgl_8\">opciones:<\/span><\/p>\t\t\t\t\t\t\t\t<\/div>\n\t\t\t\t<\/div>\n\t\t\t\t<section class=\"elementor-section elementor-inner-section elementor-element elementor-element-7dc480d elementor-section-boxed elementor-section-height-default elementor-section-height-default wpr-particle-no wpr-jarallax-no wpr-parallax-no wpr-sticky-section-no wpr-equal-height-no\" data-id=\"7dc480d\" data-element_type=\"section\" data-e-type=\"section\">\n\t\t\t\t\t\t<div class=\"elementor-container elementor-column-gap-default\">\n\t\t\t\t\t<div class=\"elementor-column elementor-col-100 elementor-inner-column elementor-element elementor-element-f57e810\" data-id=\"f57e810\" data-element_type=\"column\" data-e-type=\"column\">\n\t\t\t<div class=\"elementor-widget-wrap elementor-element-populated\">\n\t\t\t\t\t\t<div class=\"elementor-element elementor-element-fe04ac8 elementor-widget__width-initial elementor-align-center elementor-widget elementor-widget-button\" data-id=\"fe04ac8\" data-element_type=\"widget\" data-e-type=\"widget\" data-widget_type=\"button.default\">\n\t\t\t\t<div class=\"elementor-widget-container\">\n\t\t\t\t\t\t\t\t\t<div class=\"elementor-button-wrapper\">\n\t\t\t\t\t<a class=\"elementor-button elementor-button-link elementor-size-sm\" href=\"https:\/\/wa.me\/593961117733\">\n\t\t\t\t\t\t<span class=\"elementor-button-content-wrapper\">\n\t\t\t\t\t\t<span class=\"elementor-button-icon\">\n\t\t\t\t<i aria-hidden=\"true\" class=\"fab fa-whatsapp\"><\/i>\t\t\t<\/span>\n\t\t\t\t\t\t\t\t\t<span class=\"elementor-button-text\">Opci\u00f3n 1<\/span>\n\t\t\t\t\t<\/span>\n\t\t\t\t\t<\/a>\n\t\t\t\t<\/div>\n\t\t\t\t\t\t\t\t<\/div>\n\t\t\t\t<\/div>\n\t\t\t\t<div class=\"elementor-element elementor-element-cfe3fdf elementor-widget__width-initial elementor-align-center elementor-widget elementor-widget-button\" data-id=\"cfe3fdf\" data-element_type=\"widget\" data-e-type=\"widget\" data-widget_type=\"button.default\">\n\t\t\t\t<div class=\"elementor-widget-container\">\n\t\t\t\t\t\t\t\t\t<div class=\"elementor-button-wrapper\">\n\t\t\t\t\t<a class=\"elementor-button elementor-button-link elementor-size-sm\" href=\"https:\/\/wa.me\/593984896665\">\n\t\t\t\t\t\t<span class=\"elementor-button-content-wrapper\">\n\t\t\t\t\t\t<span class=\"elementor-button-icon\">\n\t\t\t\t<i aria-hidden=\"true\" class=\"fab fa-whatsapp\"><\/i>\t\t\t<\/span>\n\t\t\t\t\t\t\t\t\t<span class=\"elementor-button-text\">Opci\u00f3n 2<\/span>\n\t\t\t\t\t<\/span>\n\t\t\t\t\t<\/a>\n\t\t\t\t<\/div>\n\t\t\t\t\t\t\t\t<\/div>\n\t\t\t\t<\/div>\n\t\t\t\t\t<\/div>\n\t\t<\/div>\n\t\t\t\t\t<\/div>\n\t\t<\/section>\n\t\t\t\t\t<\/div>\n\t\t<\/div>\n\t\t\t\t<div class=\"elementor-column elementor-col-50 elementor-top-column elementor-element elementor-element-e0e60e5\" data-id=\"e0e60e5\" data-element_type=\"column\" data-e-type=\"column\">\n\t\t\t<div class=\"elementor-widget-wrap elementor-element-populated\">\n\t\t\t\t\t\t<div class=\"elementor-element elementor-element-b733620 elementor-widget elementor-widget-heading\" data-id=\"b733620\" data-element_type=\"widget\" data-e-type=\"widget\" data-widget_type=\"heading.default\">\n\t\t\t\t<div class=\"elementor-widget-container\">\n\t\t\t\t\t<h2 class=\"elementor-heading-title elementor-size-default\">\u00a1Inscr\u00edbete Aqu\u00ed!<\/h2>\t\t\t\t<\/div>\n\t\t\t\t<\/div>\n\t\t\t\t<div class=\"elementor-element elementor-element-3d0dc39 elementor-widget elementor-widget-html\" data-id=\"3d0dc39\" data-element_type=\"widget\" data-e-type=\"widget\" data-widget_type=\"html.default\">\n\t\t\t\t<div class=\"elementor-widget-container\">\n\t\t\t\t\t<iframe src=\"https:\/\/docs.google.com\/forms\/d\/e\/1FAIpQLScE2t95D5j9WglGDYFfmpTDjn1dKwNnSHdiR2HgM6JfRwEqjw\/viewform?embedded=true\" width=\"640\" height=\"500\" frameborder=\"0\" marginheight=\"0\" marginwidth=\"0\">Cargando\u2026<\/iframe>\r\n\t\t\t\t<\/div>\n\t\t\t\t<\/div>\n\t\t\t\t\t<\/div>\n\t\t<\/div>\n\t\t\t\t\t<\/div>\n\t\t<\/section>\n\t\t\t\t<\/div>\n\t\t","protected":false},"excerpt":{"rendered":"<p>\u00bfC\u00f3mo inscribirse al curso? Sigue estos sencillos pasos: Completa el formulario de inscripci\u00f3n. Adjunta el comprobante de pago dentro del formulario (formatos aceptados: PDF, PNG o JPG). Recibir\u00e1s tus credenciales de acceso por correo electr\u00f3nico o WhatsApp antes del inicio del curso. \u26a0\ufe0f Si no recibimos tu comprobante, nos pondremos en contacto contigo por WhatsApp para verificar la informaci\u00f3n. \u00bfTienes dudas? \u00a1Estamos aqu\u00ed para ayudarte! Escr\u00edbenos directamente por WhatsApp haciendo clic en una de las siguientes opciones: Opci\u00f3n 1 Opci\u00f3n 2 \u00a1Inscr\u00edbete Aqu\u00ed! Cargando\u2026<\/p>\n","protected":false},"author":1,"featured_media":0,"parent":0,"menu_order":0,"comment_status":"closed","ping_status":"closed","template":"","meta":{"nf_dc_page":"","_eb_attr":"","om_disable_all_campaigns":false,"_monsterinsights_skip_tracking":false,"_monsterinsights_sitenote_active":false,"_monsterinsights_sitenote_note":"","_monsterinsights_sitenote_category":0,"_uf_show_specific_survey":0,"_uf_disable_surveys":false,"footnotes":""},"class_list":["post-414","page","type-page","status-publish","hentry"],"yoast_head":"<!-- This site is optimized with the Yoast SEO plugin v27.4 - https:\/\/yoast.com\/product\/yoast-seo-wordpress\/ -->\n<title>Inscripci\u00f3n de participantes - CEPEIGE<\/title>\n<meta name=\"robots\" content=\"index, follow, max-snippet:-1, max-image-preview:large, max-video-preview:-1\" \/>\n<link rel=\"canonical\" href=\"https:\/\/cepeige.org\/home\/registro\/\" \/>\n<meta property=\"og:locale\" content=\"en_US\" \/>\n<meta property=\"og:type\" content=\"article\" \/>\n<meta property=\"og:title\" content=\"Inscripci\u00f3n de participantes - CEPEIGE\" \/>\n<meta property=\"og:description\" content=\"\u00bfC\u00f3mo inscribirse al curso? Sigue estos sencillos pasos: Completa el formulario de inscripci\u00f3n. Adjunta el comprobante de pago dentro del formulario (formatos aceptados: PDF, PNG o JPG). Recibir\u00e1s tus credenciales de acceso por correo electr\u00f3nico o WhatsApp antes del inicio del curso. \u26a0\ufe0f Si no recibimos tu comprobante, nos pondremos en contacto contigo por WhatsApp para verificar la informaci\u00f3n. \u00bfTienes dudas? \u00a1Estamos aqu\u00ed para ayudarte! Escr\u00edbenos directamente por WhatsApp haciendo clic en una de las siguientes opciones: Opci\u00f3n 1 Opci\u00f3n 2 \u00a1Inscr\u00edbete Aqu\u00ed! Cargando\u2026\" \/>\n<meta property=\"og:url\" content=\"https:\/\/cepeige.org\/home\/registro\/\" \/>\n<meta property=\"og:site_name\" content=\"CEPEIGE\" \/>\n<meta property=\"article:modified_time\" content=\"2025-05-28T17:09:35+00:00\" \/>\n<meta name=\"twitter:card\" content=\"summary_large_image\" \/>\n<meta name=\"twitter:label1\" content=\"Est. reading time\" \/>\n\t<meta name=\"twitter:data1\" content=\"1 minute\" \/>\n<script type=\"application\/ld+json\" class=\"yoast-schema-graph\">{\"@context\":\"https:\\\/\\\/schema.org\",\"@graph\":[{\"@type\":\"WebPage\",\"@id\":\"https:\\\/\\\/cepeige.org\\\/home\\\/registro\\\/\",\"url\":\"https:\\\/\\\/cepeige.org\\\/home\\\/registro\\\/\",\"name\":\"Inscripci\u00f3n de participantes - CEPEIGE\",\"isPartOf\":{\"@id\":\"https:\\\/\\\/cepeige.org\\\/home\\\/#website\"},\"datePublished\":\"2024-01-18T17:40:15+00:00\",\"dateModified\":\"2025-05-28T17:09:35+00:00\",\"breadcrumb\":{\"@id\":\"https:\\\/\\\/cepeige.org\\\/home\\\/registro\\\/#breadcrumb\"},\"inLanguage\":\"en-US\",\"potentialAction\":[{\"@type\":\"ReadAction\",\"target\":[\"https:\\\/\\\/cepeige.org\\\/home\\\/registro\\\/\"]}]},{\"@type\":\"BreadcrumbList\",\"@id\":\"https:\\\/\\\/cepeige.org\\\/home\\\/registro\\\/#breadcrumb\",\"itemListElement\":[{\"@type\":\"ListItem\",\"position\":1,\"name\":\"Home\",\"item\":\"https:\\\/\\\/cepeige.org\\\/home\\\/\"},{\"@type\":\"ListItem\",\"position\":2,\"name\":\"Inscripci\u00f3n de participantes\"}]},{\"@type\":\"WebSite\",\"@id\":\"https:\\\/\\\/cepeige.org\\\/home\\\/#website\",\"url\":\"https:\\\/\\\/cepeige.org\\\/home\\\/\",\"name\":\"CEPEIGE\",\"description\":\"Centro Panamericano de Estudios e Investigaciones Geogr\u00e1ficas\",\"potentialAction\":[{\"@type\":\"SearchAction\",\"target\":{\"@type\":\"EntryPoint\",\"urlTemplate\":\"https:\\\/\\\/cepeige.org\\\/home\\\/?s={search_term_string}\"},\"query-input\":{\"@type\":\"PropertyValueSpecification\",\"valueRequired\":true,\"valueName\":\"search_term_string\"}}],\"inLanguage\":\"en-US\"}]}<\/script>\n<!-- \/ Yoast SEO plugin. -->","yoast_head_json":{"title":"Inscripci\u00f3n de participantes - CEPEIGE","robots":{"index":"index","follow":"follow","max-snippet":"max-snippet:-1","max-image-preview":"max-image-preview:large","max-video-preview":"max-video-preview:-1"},"canonical":"https:\/\/cepeige.org\/home\/registro\/","og_locale":"en_US","og_type":"article","og_title":"Inscripci\u00f3n de participantes - CEPEIGE","og_description":"\u00bfC\u00f3mo inscribirse al curso? Sigue estos sencillos pasos: Completa el formulario de inscripci\u00f3n. Adjunta el comprobante de pago dentro del formulario (formatos aceptados: PDF, PNG o JPG). Recibir\u00e1s tus credenciales de acceso por correo electr\u00f3nico o WhatsApp antes del inicio del curso. \u26a0\ufe0f Si no recibimos tu comprobante, nos pondremos en contacto contigo por WhatsApp para verificar la informaci\u00f3n. \u00bfTienes dudas? \u00a1Estamos aqu\u00ed para ayudarte! Escr\u00edbenos directamente por WhatsApp haciendo clic en una de las siguientes opciones: Opci\u00f3n 1 Opci\u00f3n 2 \u00a1Inscr\u00edbete Aqu\u00ed! Cargando\u2026","og_url":"https:\/\/cepeige.org\/home\/registro\/","og_site_name":"CEPEIGE","article_modified_time":"2025-05-28T17:09:35+00:00","twitter_card":"summary_large_image","twitter_misc":{"Est. reading time":"1 minute"},"schema":{"@context":"https:\/\/schema.org","@graph":[{"@type":"WebPage","@id":"https:\/\/cepeige.org\/home\/registro\/","url":"https:\/\/cepeige.org\/home\/registro\/","name":"Inscripci\u00f3n de participantes - CEPEIGE","isPartOf":{"@id":"https:\/\/cepeige.org\/home\/#website"},"datePublished":"2024-01-18T17:40:15+00:00","dateModified":"2025-05-28T17:09:35+00:00","breadcrumb":{"@id":"https:\/\/cepeige.org\/home\/registro\/#breadcrumb"},"inLanguage":"en-US","potentialAction":[{"@type":"ReadAction","target":["https:\/\/cepeige.org\/home\/registro\/"]}]},{"@type":"BreadcrumbList","@id":"https:\/\/cepeige.org\/home\/registro\/#breadcrumb","itemListElement":[{"@type":"ListItem","position":1,"name":"Home","item":"https:\/\/cepeige.org\/home\/"},{"@type":"ListItem","position":2,"name":"Inscripci\u00f3n de participantes"}]},{"@type":"WebSite","@id":"https:\/\/cepeige.org\/home\/#website","url":"https:\/\/cepeige.org\/home\/","name":"CEPEIGE","description":"Centro Panamericano de Estudios e Investigaciones Geogr\u00e1ficas","potentialAction":[{"@type":"SearchAction","target":{"@type":"EntryPoint","urlTemplate":"https:\/\/cepeige.org\/home\/?s={search_term_string}"},"query-input":{"@type":"PropertyValueSpecification","valueRequired":true,"valueName":"search_term_string"}}],"inLanguage":"en-US"}]}},"jetpack_sharing_enabled":true,"_links":{"self":[{"href":"https:\/\/cepeige.org\/home\/wp-json\/wp\/v2\/pages\/414","targetHints":{"allow":["GET"]}}],"collection":[{"href":"https:\/\/cepeige.org\/home\/wp-json\/wp\/v2\/pages"}],"about":[{"href":"https:\/\/cepeige.org\/home\/wp-json\/wp\/v2\/types\/page"}],"author":[{"embeddable":true,"href":"https:\/\/cepeige.org\/home\/wp-json\/wp\/v2\/users\/1"}],"replies":[{"embeddable":true,"href":"https:\/\/cepeige.org\/home\/wp-json\/wp\/v2\/comments?post=414"}],"version-history":[{"count":20,"href":"https:\/\/cepeige.org\/home\/wp-json\/wp\/v2\/pages\/414\/revisions"}],"predecessor-version":[{"id":3181,"href":"https:\/\/cepeige.org\/home\/wp-json\/wp\/v2\/pages\/414\/revisions\/3181"}],"wp:attachment":[{"href":"https:\/\/cepeige.org\/home\/wp-json\/wp\/v2\/media?parent=414"}],"curies":[{"name":"wp","href":"https:\/\/api.w.org\/{rel}","templated":true}]}}