{"id":4226,"date":"2026-03-04T15:35:09","date_gmt":"2026-03-04T15:35:09","guid":{"rendered":"https:\/\/cepeige.org\/home\/?page_id=4226"},"modified":"2026-03-13T21:11:55","modified_gmt":"2026-03-13T21:11:55","slug":"sistemas-de-informacin-geogrfica","status":"publish","type":"page","link":"https:\/\/cepeige.org\/home\/sistemas-de-informacin-geogrfica\/","title":{"rendered":"Sistemas de Informaci\u00f3n Geogr\u00e1fica (Nivel Avanzado)"},"content":{"rendered":"\t\t<div data-elementor-type=\"wp-page\" data-elementor-id=\"4226\" class=\"elementor elementor-4226\" data-elementor-post-type=\"page\">\n\t\t\t\t\t\t<section class=\"elementor-section elementor-top-section elementor-element elementor-element-c5083da elementor-section-boxed elementor-section-height-default elementor-section-height-default wpr-particle-no wpr-jarallax-no wpr-parallax-no wpr-sticky-section-no wpr-equal-height-no\" data-id=\"c5083da\" data-element_type=\"section\" data-e-type=\"section\">\n\t\t\t\t\t\t<div class=\"elementor-container elementor-column-gap-default\">\n\t\t\t\t\t<div class=\"elementor-column elementor-col-50 elementor-top-column elementor-element elementor-element-29b0de7c\" data-id=\"29b0de7c\" data-element_type=\"column\" data-e-type=\"column\">\n\t\t\t<div class=\"elementor-widget-wrap elementor-element-populated\">\n\t\t\t\t\t\t<div class=\"elementor-element elementor-element-3bcf2004 elementor-widget elementor-widget-image\" data-id=\"3bcf2004\" data-element_type=\"widget\" data-e-type=\"widget\" data-widget_type=\"image.default\">\n\t\t\t\t<div class=\"elementor-widget-container\">\n\t\t\t\t\t\t\t\t\t\t\t\t\t\t\t<img fetchpriority=\"high\" decoding=\"async\" width=\"683\" height=\"1024\" src=\"https:\/\/i0.wp.com\/cepeige.org\/home\/wp-content\/uploads\/2026\/03\/WhatsApp-Image-2026-03-13-at-4.02.36-PM.jpeg?fit=683%2C1024&amp;ssl=1\" class=\"attachment-large size-large wp-image-4297\" alt=\"\" srcset=\"https:\/\/i0.wp.com\/cepeige.org\/home\/wp-content\/uploads\/2026\/03\/WhatsApp-Image-2026-03-13-at-4.02.36-PM.jpeg?w=1024&amp;ssl=1 1024w, https:\/\/i0.wp.com\/cepeige.org\/home\/wp-content\/uploads\/2026\/03\/WhatsApp-Image-2026-03-13-at-4.02.36-PM.jpeg?resize=200%2C300&amp;ssl=1 200w, https:\/\/i0.wp.com\/cepeige.org\/home\/wp-content\/uploads\/2026\/03\/WhatsApp-Image-2026-03-13-at-4.02.36-PM.jpeg?resize=683%2C1024&amp;ssl=1 683w, https:\/\/i0.wp.com\/cepeige.org\/home\/wp-content\/uploads\/2026\/03\/WhatsApp-Image-2026-03-13-at-4.02.36-PM.jpeg?resize=768%2C1152&amp;ssl=1 768w\" sizes=\"(max-width: 683px) 100vw, 683px\" \/>\t\t\t\t\t\t\t\t\t\t\t\t\t\t\t<\/div>\n\t\t\t\t<\/div>\n\t\t\t\t\t<\/div>\n\t\t<\/div>\n\t\t\t\t<div class=\"elementor-column elementor-col-50 elementor-top-column elementor-element elementor-element-1c185de4\" data-id=\"1c185de4\" data-element_type=\"column\" data-e-type=\"column\" data-settings=\"{&quot;background_background&quot;:&quot;classic&quot;}\">\n\t\t\t<div class=\"elementor-widget-wrap elementor-element-populated\">\n\t\t\t\t\t\t<div class=\"elementor-element elementor-element-29b64cc9 elementor-align-justify elementor-widget__width-initial elementor-widget elementor-widget-button\" data-id=\"29b64cc9\" data-element_type=\"widget\" data-e-type=\"widget\" data-widget_type=\"button.default\">\n\t\t\t\t<div class=\"elementor-widget-container\">\n\t\t\t\t\t\t\t\t\t<div class=\"elementor-button-wrapper\">\n\t\t\t\t\t<a class=\"elementor-button elementor-button-link elementor-size-md\" href=\"https:\/\/cepeige.org\/home\/registro\">\n\t\t\t\t\t\t<span class=\"elementor-button-content-wrapper\">\n\t\t\t\t\t\t\t\t\t<span class=\"elementor-button-text\">\u00a1Reg\u00edstrate Ahora!<\/span>\n\t\t\t\t\t<\/span>\n\t\t\t\t\t<\/a>\n\t\t\t\t<\/div>\n\t\t\t\t\t\t\t\t<\/div>\n\t\t\t\t<\/div>\n\t\t\t\t<div class=\"elementor-element elementor-element-4f4adea2 elementor-align-justify elementor-widget__width-initial elementor-widget elementor-widget-button\" data-id=\"4f4adea2\" data-element_type=\"widget\" data-e-type=\"widget\" data-widget_type=\"button.default\">\n\t\t\t\t<div class=\"elementor-widget-container\">\n\t\t\t\t\t\t\t\t\t<div class=\"elementor-button-wrapper\">\n\t\t\t\t\t<a class=\"elementor-button elementor-button-link elementor-size-md\" href=\"https:\/\/wa.me\/593961117733\">\n\t\t\t\t\t\t<span class=\"elementor-button-content-wrapper\">\n\t\t\t\t\t\t\t\t\t<span class=\"elementor-button-text\">Consultas<\/span>\n\t\t\t\t\t<\/span>\n\t\t\t\t\t<\/a>\n\t\t\t\t<\/div>\n\t\t\t\t\t\t\t\t<\/div>\n\t\t\t\t<\/div>\n\t\t\t\t<div class=\"elementor-element elementor-element-57f934b8 elementor-widget-divider--view-line elementor-widget elementor-widget-divider\" data-id=\"57f934b8\" data-element_type=\"widget\" data-e-type=\"widget\" data-widget_type=\"divider.default\">\n\t\t\t\t<div class=\"elementor-widget-container\">\n\t\t\t\t\t\t\t<div class=\"elementor-divider\">\n\t\t\t<span class=\"elementor-divider-separator\">\n\t\t\t\t\t\t<\/span>\n\t\t<\/div>\n\t\t\t\t\t\t<\/div>\n\t\t\t\t<\/div>\n\t\t\t\t<div class=\"elementor-element elementor-element-71e424c6 elementor-widget elementor-widget-heading\" data-id=\"71e424c6\" data-element_type=\"widget\" data-e-type=\"widget\" data-widget_type=\"heading.default\">\n\t\t\t\t<div class=\"elementor-widget-container\">\n\t\t\t\t\t<h3 class=\"elementor-heading-title elementor-size-default\">Informaci\u00f3n<\/h3>\t\t\t\t<\/div>\n\t\t\t\t<\/div>\n\t\t\t\t<div class=\"elementor-element elementor-element-6a4f63 elementor-list-item-link-inline elementor-align-start elementor-widget__width-initial elementor-icon-list--layout-traditional elementor-widget elementor-widget-icon-list\" data-id=\"6a4f63\" data-element_type=\"widget\" data-e-type=\"widget\" data-widget_type=\"icon-list.default\">\n\t\t\t\t<div class=\"elementor-widget-container\">\n\t\t\t\t\t\t\t<ul class=\"elementor-icon-list-items\">\n\t\t\t\t\t\t\t<li class=\"elementor-icon-list-item\">\n\t\t\t\t\t\t\t\t\t\t\t<span class=\"elementor-icon-list-icon\">\n\t\t\t\t\t\t\t<i aria-hidden=\"true\" class=\"fas fa-book-open\"><\/i>\t\t\t\t\t\t<\/span>\n\t\t\t\t\t\t\t\t\t\t<span class=\"elementor-icon-list-text\"><b>Modalidad: <\/b> Presencial<\/span>\n\t\t\t\t\t\t\t\t\t<\/li>\n\t\t\t\t\t\t\t\t<li class=\"elementor-icon-list-item\">\n\t\t\t\t\t\t\t\t\t\t\t<span class=\"elementor-icon-list-icon\">\n\t\t\t\t\t\t\t<i aria-hidden=\"true\" class=\"fas fa-calendar-alt\"><\/i>\t\t\t\t\t\t<\/span>\n\t\t\t\t\t\t\t\t\t\t<span class=\"elementor-icon-list-text\"><b>Fecha de inicio:<\/b> 13abril, 2026<\/span>\n\t\t\t\t\t\t\t\t\t<\/li>\n\t\t\t\t\t\t\t\t<li class=\"elementor-icon-list-item\">\n\t\t\t\t\t\t\t\t\t\t\t<span class=\"elementor-icon-list-icon\">\n\t\t\t\t\t\t\t<i aria-hidden=\"true\" class=\"fas fa-clock\"><\/i>\t\t\t\t\t\t<\/span>\n\t\t\t\t\t\t\t\t\t\t<span class=\"elementor-icon-list-text\"><b>Duraci\u00f3n:<\/b> 40 horas<\/span>\n\t\t\t\t\t\t\t\t\t<\/li>\n\t\t\t\t\t\t\t\t<li class=\"elementor-icon-list-item\">\n\t\t\t\t\t\t\t\t\t\t\t<span class=\"elementor-icon-list-icon\">\n\t\t\t\t\t\t\t<i aria-hidden=\"true\" class=\"fas fa-stopwatch\"><\/i>\t\t\t\t\t\t<\/span>\n\t\t\t\t\t\t\t\t\t\t<span class=\"elementor-icon-list-text\"><b>Horario:<\/b> lunes a Viernes de 09h00 a 14h00<\/span>\n\t\t\t\t\t\t\t\t\t<\/li>\n\t\t\t\t\t\t\t\t<li class=\"elementor-icon-list-item\">\n\t\t\t\t\t\t\t\t\t\t\t<span class=\"elementor-icon-list-icon\">\n\t\t\t\t\t\t\t<i aria-hidden=\"true\" class=\"fas fa-money-bill\"><\/i>\t\t\t\t\t\t<\/span>\n\t\t\t\t\t\t\t\t\t\t<span class=\"elementor-icon-list-text\"><b>Inversi\u00f3n:<\/b>  149.00 $<\/span>\n\t\t\t\t\t\t\t\t\t<\/li>\n\t\t\t\t\t\t\t\t<li class=\"elementor-icon-list-item\">\n\t\t\t\t\t\t\t\t\t\t\t<span class=\"elementor-icon-list-icon\">\n\t\t\t\t\t\t\t<i aria-hidden=\"true\" class=\"fas fa-user\"><\/i>\t\t\t\t\t\t<\/span>\n\t\t\t\t\t\t\t\t\t\t<span class=\"elementor-icon-list-text\"><b>Facilitador:<\/b> <br>Ing. Ricardo Aguilera<\/span>\n\t\t\t\t\t\t\t\t\t<\/li>\n\t\t\t\t\t\t<\/ul>\n\t\t\t\t\t\t<\/div>\n\t\t\t\t<\/div>\n\t\t\t\t\t<\/div>\n\t\t<\/div>\n\t\t\t\t\t<\/div>\n\t\t<\/section>\n\t\t\t\t<section class=\"elementor-section elementor-top-section elementor-element elementor-element-7d66caf0 elementor-section-boxed elementor-section-height-default elementor-section-height-default wpr-particle-no wpr-jarallax-no wpr-parallax-no wpr-sticky-section-no wpr-equal-height-no\" data-id=\"7d66caf0\" data-element_type=\"section\" data-e-type=\"section\">\n\t\t\t\t\t\t<div class=\"elementor-container elementor-column-gap-default\">\n\t\t\t\t\t<div class=\"elementor-column elementor-col-100 elementor-top-column elementor-element elementor-element-7962b994\" data-id=\"7962b994\" data-element_type=\"column\" data-e-type=\"column\">\n\t\t\t<div class=\"elementor-widget-wrap elementor-element-populated\">\n\t\t\t\t\t\t<div class=\"elementor-element elementor-element-1474b694 elementor-tabs-view-horizontal elementor-widget elementor-widget-tabs\" data-id=\"1474b694\" data-element_type=\"widget\" data-e-type=\"widget\" data-widget_type=\"tabs.default\">\n\t\t\t\t<div class=\"elementor-widget-container\">\n\t\t\t\t\t\t\t<div class=\"elementor-tabs\">\n\t\t\t<div class=\"elementor-tabs-wrapper\" role=\"tablist\" >\n\t\t\t\t\t\t\t\t\t<div id=\"elementor-tab-title-3431\" class=\"elementor-tab-title elementor-tab-desktop-title\" aria-selected=\"true\" data-tab=\"1\" role=\"tab\" tabindex=\"0\" aria-controls=\"elementor-tab-content-3431\" aria-expanded=\"false\">Contenidos<\/div>\n\t\t\t\t\t\t\t\t\t<div id=\"elementor-tab-title-3432\" class=\"elementor-tab-title elementor-tab-desktop-title\" aria-selected=\"false\" data-tab=\"2\" role=\"tab\" tabindex=\"-1\" aria-controls=\"elementor-tab-content-3432\" aria-expanded=\"false\">Generalidades<\/div>\n\t\t\t\t\t\t\t\t\t<div id=\"elementor-tab-title-3433\" class=\"elementor-tab-title elementor-tab-desktop-title\" aria-selected=\"false\" data-tab=\"3\" role=\"tab\" tabindex=\"-1\" aria-controls=\"elementor-tab-content-3433\" aria-expanded=\"false\">Certificaci\u00f3n<\/div>\n\t\t\t\t\t\t\t<\/div>\n\t\t\t<div class=\"elementor-tabs-content-wrapper\" role=\"tablist\" aria-orientation=\"vertical\">\n\t\t\t\t\t\t\t\t\t<div class=\"elementor-tab-title elementor-tab-mobile-title\" aria-selected=\"true\" data-tab=\"1\" role=\"tab\" tabindex=\"0\" aria-controls=\"elementor-tab-content-3431\" aria-expanded=\"false\">Contenidos<\/div>\n\t\t\t\t\t<div id=\"elementor-tab-content-3431\" class=\"elementor-tab-content elementor-clearfix\" data-tab=\"1\" role=\"tabpanel\" aria-labelledby=\"elementor-tab-title-3431\" tabindex=\"0\" hidden=\"false\"><div class=\"cepeige-section\"><h3>\ud83d\udcda Temario del Curso: Sistemas de Informaci\u00f3n Geogr\u00e1fica<\/h3><p>El programa acad\u00e9mico se estructura en cuatro bloques formativos que combinan fundamentos conceptuales, manejo t\u00e9cnico del software y aplicaci\u00f3n pr\u00e1ctica en escenarios reales.<\/p><div class=\"cepeige-accordion\"><details open=\"\"><summary>\ud83e\udded Bloque I: Fundamentos y Configuraci\u00f3n del Entorno<\/summary><div class=\"sub\"><ul><li><strong>Introducci\u00f3n Cr\u00edtica:<\/strong> Definici\u00f3n de los GIS, sus aplicaciones reales y su importancia en la gesti\u00f3n de informaci\u00f3n geogr\u00e1fica.<\/li><li><strong>Geodesia Aplicada:<\/strong> Estudio de sistemas de coordenadas, datums y elipsoides para asegurar la precisi\u00f3n del proyecto cartogr\u00e1fico.<\/li><li><strong>Naturaleza de los Datos:<\/strong> Diferenciaci\u00f3n y uso de formatos raster, vectorial y gesti\u00f3n de bases de datos espaciales.<\/li><li><strong>Interfaz ArcGIS:<\/strong> Configuraci\u00f3n de barras de herramientas, tipos de vista y carga de las primeras fuentes de informaci\u00f3n.<\/li><\/ul><\/div><\/details><details><summary>\ud83d\uddc2\ufe0f Bloque II: Gesti\u00f3n y Tratamiento de Informaci\u00f3n Espacial<\/summary><div class=\"sub\"><ul><li><strong>Georreferenciaci\u00f3n Avanzada:<\/strong> T\u00e9cnicas para asignar coordenadas geogr\u00e1ficas a mapas e im\u00e1genes.<\/li><li><strong>Reproyecci\u00f3n de Datos:<\/strong> Procedimientos para cambiar sistemas de coordenadas seg\u00fan los requerimientos del \u00e1rea de estudio.<\/li><li><strong>Estructura de Atributos:<\/strong> Manejo de tablas, importaci\u00f3n de datos desde Excel y creaci\u00f3n de nuevos archivos mediante ArcCatalog.<\/li><\/ul><\/div><\/details><details><summary>\ud83d\udcca Bloque III: An\u00e1lisis y Visualizaci\u00f3n<\/summary><div class=\"sub\"><ul><li><strong>An\u00e1lisis Raster y MDE:<\/strong> Introducci\u00f3n al an\u00e1lisis de datos raster y uso de Modelos Digitales de Elevaci\u00f3n para el estudio del terreno.<\/li><li><strong>Interoperabilidad con Google Earth:<\/strong> Flujo de trabajo para exportar e importar archivos KML\/KMZ entre ArcGIS y Google Earth Pro.<\/li><li><strong>Cartograf\u00eda Tem\u00e1tica:<\/strong> Representaci\u00f3n de informaci\u00f3n mediante puntos, l\u00edneas y pol\u00edgonos, ajustando propiedades de simbolog\u00eda y etiquetas.<\/li><\/ul><\/div><\/details><details><summary>\ud83e\uddea Bloque IV: Taller Pr\u00e1ctico de Aplicaci\u00f3n Real<\/summary><div class=\"sub\"><ul><li><strong>Dise\u00f1o y Producci\u00f3n de Mapas:<\/strong> Consideraciones t\u00e9cnicas para la impresi\u00f3n, incorporaci\u00f3n de leyendas, escalas y mapas de ubicaci\u00f3n.<\/li><li><strong>Laboratorio de Casos Pr\u00e1cticos:<\/strong> Aplicaci\u00f3n integral de herramientas de georreferenciaci\u00f3n, manejo de atributos y simbolog\u00eda mediante ejercicios guiados.<\/li><li><strong>Proyecto de Cierre:<\/strong> Elaboraci\u00f3n de una carta de situaci\u00f3n profesional y exportaci\u00f3n del mapa final en distintos formatos digitales.<\/li><\/ul><\/div><\/details><\/div><\/div><\/div>\n\t\t\t\t\t\t\t\t\t<div class=\"elementor-tab-title elementor-tab-mobile-title\" aria-selected=\"false\" data-tab=\"2\" role=\"tab\" tabindex=\"-1\" aria-controls=\"elementor-tab-content-3432\" aria-expanded=\"false\">Generalidades<\/div>\n\t\t\t\t\t<div id=\"elementor-tab-content-3432\" class=\"elementor-tab-content elementor-clearfix\" data-tab=\"2\" role=\"tabpanel\" aria-labelledby=\"elementor-tab-title-3432\" tabindex=\"0\" hidden=\"hidden\"><div id=\"elementor-tab-content-3432\" class=\"elementor-tab-content elementor-clearfix elementor-active\" tabindex=\"0\" role=\"tabpanel\" data-tab=\"2\" aria-labelledby=\"elementor-tab-title-3432\"><div><h6 data-start=\"0\" data-end=\"17\"><strong>Requisitos:<\/strong><\/h6><ul data-start=\"18\" data-end=\"243\"><li data-start=\"193\" data-end=\"243\">Inter\u00e9s y compromiso con el aprendizaje.<\/li><li data-start=\"193\" data-end=\"243\">Disponer de una computadora con conexi\u00f3n a internet.<\/li><li data-start=\"193\" data-end=\"243\">Conocimientos b\u00e1sicos en Microsoft Office (Word, Excel, PowerPoint). Habilidad para usar internet de manera b\u00e1sica.<\/li><\/ul><div><h6 data-start=\"0\" data-end=\"17\"><strong>Nota<\/strong>:<\/h6><ul data-start=\"18\" data-end=\"243\"><li data-start=\"193\" data-end=\"243\">Recibe un descuento especial si se inscriben 3 o m\u00e1s personas.<\/li><\/ul><\/div><\/div><\/div><\/div>\n\t\t\t\t\t\t\t\t\t<div class=\"elementor-tab-title elementor-tab-mobile-title\" aria-selected=\"false\" data-tab=\"3\" role=\"tab\" tabindex=\"-1\" aria-controls=\"elementor-tab-content-3433\" aria-expanded=\"false\">Certificaci\u00f3n<\/div>\n\t\t\t\t\t<div id=\"elementor-tab-content-3433\" class=\"elementor-tab-content elementor-clearfix\" data-tab=\"3\" role=\"tabpanel\" aria-labelledby=\"elementor-tab-title-3433\" tabindex=\"0\" hidden=\"hidden\"><ul>\n<li>Certificado Digital de Aprobaci\u00f3n del curso \u201cSistemas de Informaci\u00f3n Geogr\u00e1fica &#8211; Nivel Avanzado \u201d, otorgado por el Centro Panamericano de Estudios e Investigaciones Geogr\u00e1ficas \u2013 CEPEIGE.&nbsp;<\/li>\n<\/ul><\/div>\n\t\t\t\t\t\t\t<\/div>\n\t\t<\/div>\n\t\t\t\t\t\t<\/div>\n\t\t\t\t<\/div>\n\t\t\t\t\t<\/div>\n\t\t<\/div>\n\t\t\t\t\t<\/div>\n\t\t<\/section>\n\t\t\t\t<section class=\"elementor-section elementor-top-section elementor-element elementor-element-686dd6c7 elementor-section-boxed elementor-section-height-default elementor-section-height-default wpr-particle-no wpr-jarallax-no wpr-parallax-no wpr-sticky-section-no wpr-equal-height-no\" data-id=\"686dd6c7\" data-element_type=\"section\" data-e-type=\"section\">\n\t\t\t\t\t\t<div class=\"elementor-container elementor-column-gap-default\">\n\t\t\t\t\t<div class=\"elementor-column elementor-col-100 elementor-top-column elementor-element elementor-element-1f77e35a\" data-id=\"1f77e35a\" data-element_type=\"column\" data-e-type=\"column\">\n\t\t\t<div class=\"elementor-widget-wrap elementor-element-populated\">\n\t\t\t\t\t\t\t<\/div>\n\t\t<\/div>\n\t\t\t\t\t<\/div>\n\t\t<\/section>\n\t\t\t\t<\/div>\n\t\t","protected":false},"excerpt":{"rendered":"<p>\u00a1Reg\u00edstrate Ahora! Consultas Informaci\u00f3n Modalidad: Presencial Fecha de inicio: 13abril, 2026 Duraci\u00f3n: 40 horas Horario: lunes a Viernes de 09h00 a 14h00 Inversi\u00f3n: 149.00 $ Facilitador: Ing. Ricardo Aguilera Contenidos Generalidades Certificaci\u00f3n Contenidos \ud83d\udcda Temario del Curso: Sistemas de Informaci\u00f3n Geogr\u00e1fica El programa acad\u00e9mico se estructura en cuatro bloques formativos que combinan fundamentos conceptuales, manejo t\u00e9cnico del software y aplicaci\u00f3n pr\u00e1ctica en escenarios reales. \ud83e\udded Bloque I: Fundamentos y Configuraci\u00f3n del Entorno Introducci\u00f3n Cr\u00edtica: Definici\u00f3n de los GIS, sus aplicaciones reales y su importancia en la gesti\u00f3n de informaci\u00f3n geogr\u00e1fica. Geodesia Aplicada: Estudio de sistemas de coordenadas, datums y elipsoides<\/p>\n","protected":false},"author":1,"featured_media":0,"parent":0,"menu_order":0,"comment_status":"closed","ping_status":"closed","template":"","meta":{"nf_dc_page":"","_eb_attr":"","om_disable_all_campaigns":false,"_monsterinsights_skip_tracking":false,"_monsterinsights_sitenote_active":false,"_monsterinsights_sitenote_note":"","_monsterinsights_sitenote_category":0,"_uf_show_specific_survey":0,"_uf_disable_surveys":false,"footnotes":""},"class_list":["post-4226","page","type-page","status-publish","hentry"],"yoast_head":"<!-- This site is optimized with the Yoast SEO plugin v27.4 - https:\/\/yoast.com\/product\/yoast-seo-wordpress\/ -->\n<title>Sistemas de Informaci\u00f3n Geogr\u00e1fica (Nivel Avanzado) - CEPEIGE<\/title>\n<meta name=\"robots\" content=\"index, follow, max-snippet:-1, max-image-preview:large, max-video-preview:-1\" \/>\n<link rel=\"canonical\" href=\"https:\/\/cepeige.org\/home\/sistemas-de-informacin-geogrfica\/\" \/>\n<meta property=\"og:locale\" content=\"en_US\" \/>\n<meta property=\"og:type\" content=\"article\" \/>\n<meta property=\"og:title\" content=\"Sistemas de Informaci\u00f3n Geogr\u00e1fica (Nivel Avanzado) - CEPEIGE\" \/>\n<meta property=\"og:description\" content=\"\u00a1Reg\u00edstrate Ahora! Consultas Informaci\u00f3n Modalidad: Presencial Fecha de inicio: 13abril, 2026 Duraci\u00f3n: 40 horas Horario: lunes a Viernes de 09h00 a 14h00 Inversi\u00f3n: 149.00 $ Facilitador: Ing. Ricardo Aguilera Contenidos Generalidades Certificaci\u00f3n Contenidos \ud83d\udcda Temario del Curso: Sistemas de Informaci\u00f3n Geogr\u00e1fica El programa acad\u00e9mico se estructura en cuatro bloques formativos que combinan fundamentos conceptuales, manejo t\u00e9cnico del software y aplicaci\u00f3n pr\u00e1ctica en escenarios reales. \ud83e\udded Bloque I: Fundamentos y Configuraci\u00f3n del Entorno Introducci\u00f3n Cr\u00edtica: Definici\u00f3n de los GIS, sus aplicaciones reales y su importancia en la gesti\u00f3n de informaci\u00f3n geogr\u00e1fica. Geodesia Aplicada: Estudio de sistemas de coordenadas, datums y elipsoides\" \/>\n<meta property=\"og:url\" content=\"https:\/\/cepeige.org\/home\/sistemas-de-informacin-geogrfica\/\" \/>\n<meta property=\"og:site_name\" content=\"CEPEIGE\" \/>\n<meta property=\"article:modified_time\" content=\"2026-03-13T21:11:55+00:00\" \/>\n<meta property=\"og:image\" content=\"https:\/\/cepeige.org\/home\/wp-content\/uploads\/2026\/03\/WhatsApp-Image-2026-03-13-at-4.02.36-PM-683x1024.jpeg\" \/>\n<meta name=\"twitter:card\" content=\"summary_large_image\" \/>\n<meta name=\"twitter:label1\" content=\"Est. reading time\" \/>\n\t<meta name=\"twitter:data1\" content=\"3 minutes\" \/>\n<script type=\"application\/ld+json\" class=\"yoast-schema-graph\">{\"@context\":\"https:\\\/\\\/schema.org\",\"@graph\":[{\"@type\":\"WebPage\",\"@id\":\"https:\\\/\\\/cepeige.org\\\/home\\\/sistemas-de-informacin-geogrfica\\\/\",\"url\":\"https:\\\/\\\/cepeige.org\\\/home\\\/sistemas-de-informacin-geogrfica\\\/\",\"name\":\"Sistemas de Informaci\u00f3n Geogr\u00e1fica (Nivel Avanzado) - CEPEIGE\",\"isPartOf\":{\"@id\":\"https:\\\/\\\/cepeige.org\\\/home\\\/#website\"},\"primaryImageOfPage\":{\"@id\":\"https:\\\/\\\/cepeige.org\\\/home\\\/sistemas-de-informacin-geogrfica\\\/#primaryimage\"},\"image\":{\"@id\":\"https:\\\/\\\/cepeige.org\\\/home\\\/sistemas-de-informacin-geogrfica\\\/#primaryimage\"},\"thumbnailUrl\":\"https:\\\/\\\/cepeige.org\\\/home\\\/wp-content\\\/uploads\\\/2026\\\/03\\\/WhatsApp-Image-2026-03-13-at-4.02.36-PM-683x1024.jpeg\",\"datePublished\":\"2026-03-04T15:35:09+00:00\",\"dateModified\":\"2026-03-13T21:11:55+00:00\",\"breadcrumb\":{\"@id\":\"https:\\\/\\\/cepeige.org\\\/home\\\/sistemas-de-informacin-geogrfica\\\/#breadcrumb\"},\"inLanguage\":\"en-US\",\"potentialAction\":[{\"@type\":\"ReadAction\",\"target\":[\"https:\\\/\\\/cepeige.org\\\/home\\\/sistemas-de-informacin-geogrfica\\\/\"]}]},{\"@type\":\"ImageObject\",\"inLanguage\":\"en-US\",\"@id\":\"https:\\\/\\\/cepeige.org\\\/home\\\/sistemas-de-informacin-geogrfica\\\/#primaryimage\",\"url\":\"https:\\\/\\\/cepeige.org\\\/home\\\/wp-content\\\/uploads\\\/2026\\\/03\\\/WhatsApp-Image-2026-03-13-at-4.02.36-PM-683x1024.jpeg\",\"contentUrl\":\"https:\\\/\\\/cepeige.org\\\/home\\\/wp-content\\\/uploads\\\/2026\\\/03\\\/WhatsApp-Image-2026-03-13-at-4.02.36-PM-683x1024.jpeg\"},{\"@type\":\"BreadcrumbList\",\"@id\":\"https:\\\/\\\/cepeige.org\\\/home\\\/sistemas-de-informacin-geogrfica\\\/#breadcrumb\",\"itemListElement\":[{\"@type\":\"ListItem\",\"position\":1,\"name\":\"Home\",\"item\":\"https:\\\/\\\/cepeige.org\\\/home\\\/\"},{\"@type\":\"ListItem\",\"position\":2,\"name\":\"Sistemas de Informaci\u00f3n Geogr\u00e1fica (Nivel Avanzado)\"}]},{\"@type\":\"WebSite\",\"@id\":\"https:\\\/\\\/cepeige.org\\\/home\\\/#website\",\"url\":\"https:\\\/\\\/cepeige.org\\\/home\\\/\",\"name\":\"CEPEIGE\",\"description\":\"Centro Panamericano de Estudios e Investigaciones Geogr\u00e1ficas\",\"potentialAction\":[{\"@type\":\"SearchAction\",\"target\":{\"@type\":\"EntryPoint\",\"urlTemplate\":\"https:\\\/\\\/cepeige.org\\\/home\\\/?s={search_term_string}\"},\"query-input\":{\"@type\":\"PropertyValueSpecification\",\"valueRequired\":true,\"valueName\":\"search_term_string\"}}],\"inLanguage\":\"en-US\"}]}<\/script>\n<!-- \/ Yoast SEO plugin. -->","yoast_head_json":{"title":"Sistemas de Informaci\u00f3n Geogr\u00e1fica (Nivel Avanzado) - CEPEIGE","robots":{"index":"index","follow":"follow","max-snippet":"max-snippet:-1","max-image-preview":"max-image-preview:large","max-video-preview":"max-video-preview:-1"},"canonical":"https:\/\/cepeige.org\/home\/sistemas-de-informacin-geogrfica\/","og_locale":"en_US","og_type":"article","og_title":"Sistemas de Informaci\u00f3n Geogr\u00e1fica (Nivel Avanzado) - CEPEIGE","og_description":"\u00a1Reg\u00edstrate Ahora! Consultas Informaci\u00f3n Modalidad: Presencial Fecha de inicio: 13abril, 2026 Duraci\u00f3n: 40 horas Horario: lunes a Viernes de 09h00 a 14h00 Inversi\u00f3n: 149.00 $ Facilitador: Ing. Ricardo Aguilera Contenidos Generalidades Certificaci\u00f3n Contenidos \ud83d\udcda Temario del Curso: Sistemas de Informaci\u00f3n Geogr\u00e1fica El programa acad\u00e9mico se estructura en cuatro bloques formativos que combinan fundamentos conceptuales, manejo t\u00e9cnico del software y aplicaci\u00f3n pr\u00e1ctica en escenarios reales. \ud83e\udded Bloque I: Fundamentos y Configuraci\u00f3n del Entorno Introducci\u00f3n Cr\u00edtica: Definici\u00f3n de los GIS, sus aplicaciones reales y su importancia en la gesti\u00f3n de informaci\u00f3n geogr\u00e1fica. Geodesia Aplicada: Estudio de sistemas de coordenadas, datums y elipsoides","og_url":"https:\/\/cepeige.org\/home\/sistemas-de-informacin-geogrfica\/","og_site_name":"CEPEIGE","article_modified_time":"2026-03-13T21:11:55+00:00","og_image":[{"url":"https:\/\/cepeige.org\/home\/wp-content\/uploads\/2026\/03\/WhatsApp-Image-2026-03-13-at-4.02.36-PM-683x1024.jpeg","type":"","width":"","height":""}],"twitter_card":"summary_large_image","twitter_misc":{"Est. reading time":"3 minutes"},"schema":{"@context":"https:\/\/schema.org","@graph":[{"@type":"WebPage","@id":"https:\/\/cepeige.org\/home\/sistemas-de-informacin-geogrfica\/","url":"https:\/\/cepeige.org\/home\/sistemas-de-informacin-geogrfica\/","name":"Sistemas de Informaci\u00f3n Geogr\u00e1fica (Nivel Avanzado) - CEPEIGE","isPartOf":{"@id":"https:\/\/cepeige.org\/home\/#website"},"primaryImageOfPage":{"@id":"https:\/\/cepeige.org\/home\/sistemas-de-informacin-geogrfica\/#primaryimage"},"image":{"@id":"https:\/\/cepeige.org\/home\/sistemas-de-informacin-geogrfica\/#primaryimage"},"thumbnailUrl":"https:\/\/cepeige.org\/home\/wp-content\/uploads\/2026\/03\/WhatsApp-Image-2026-03-13-at-4.02.36-PM-683x1024.jpeg","datePublished":"2026-03-04T15:35:09+00:00","dateModified":"2026-03-13T21:11:55+00:00","breadcrumb":{"@id":"https:\/\/cepeige.org\/home\/sistemas-de-informacin-geogrfica\/#breadcrumb"},"inLanguage":"en-US","potentialAction":[{"@type":"ReadAction","target":["https:\/\/cepeige.org\/home\/sistemas-de-informacin-geogrfica\/"]}]},{"@type":"ImageObject","inLanguage":"en-US","@id":"https:\/\/cepeige.org\/home\/sistemas-de-informacin-geogrfica\/#primaryimage","url":"https:\/\/cepeige.org\/home\/wp-content\/uploads\/2026\/03\/WhatsApp-Image-2026-03-13-at-4.02.36-PM-683x1024.jpeg","contentUrl":"https:\/\/cepeige.org\/home\/wp-content\/uploads\/2026\/03\/WhatsApp-Image-2026-03-13-at-4.02.36-PM-683x1024.jpeg"},{"@type":"BreadcrumbList","@id":"https:\/\/cepeige.org\/home\/sistemas-de-informacin-geogrfica\/#breadcrumb","itemListElement":[{"@type":"ListItem","position":1,"name":"Home","item":"https:\/\/cepeige.org\/home\/"},{"@type":"ListItem","position":2,"name":"Sistemas de Informaci\u00f3n Geogr\u00e1fica (Nivel Avanzado)"}]},{"@type":"WebSite","@id":"https:\/\/cepeige.org\/home\/#website","url":"https:\/\/cepeige.org\/home\/","name":"CEPEIGE","description":"Centro Panamericano de Estudios e Investigaciones Geogr\u00e1ficas","potentialAction":[{"@type":"SearchAction","target":{"@type":"EntryPoint","urlTemplate":"https:\/\/cepeige.org\/home\/?s={search_term_string}"},"query-input":{"@type":"PropertyValueSpecification","valueRequired":true,"valueName":"search_term_string"}}],"inLanguage":"en-US"}]}},"jetpack_sharing_enabled":true,"_links":{"self":[{"href":"https:\/\/cepeige.org\/home\/wp-json\/wp\/v2\/pages\/4226","targetHints":{"allow":["GET"]}}],"collection":[{"href":"https:\/\/cepeige.org\/home\/wp-json\/wp\/v2\/pages"}],"about":[{"href":"https:\/\/cepeige.org\/home\/wp-json\/wp\/v2\/types\/page"}],"author":[{"embeddable":true,"href":"https:\/\/cepeige.org\/home\/wp-json\/wp\/v2\/users\/1"}],"replies":[{"embeddable":true,"href":"https:\/\/cepeige.org\/home\/wp-json\/wp\/v2\/comments?post=4226"}],"version-history":[{"count":19,"href":"https:\/\/cepeige.org\/home\/wp-json\/wp\/v2\/pages\/4226\/revisions"}],"predecessor-version":[{"id":4303,"href":"https:\/\/cepeige.org\/home\/wp-json\/wp\/v2\/pages\/4226\/revisions\/4303"}],"wp:attachment":[{"href":"https:\/\/cepeige.org\/home\/wp-json\/wp\/v2\/media?parent=4226"}],"curies":[{"name":"wp","href":"https:\/\/api.w.org\/{rel}","templated":true}]}}